{"id":2,"date":"2019-11-14T20:03:07","date_gmt":"2019-11-14T20:03:07","guid":{"rendered":"http:\/\/unisalesiano.com.br\/ead\/?page_id=2"},"modified":"2019-11-15T00:29:06","modified_gmt":"2019-11-15T00:29:06","slug":"sample-page","status":"publish","type":"page","link":"https:\/\/unisalesiano.com.br\/ead\/?page_id=2","title":{"rendered":"EaD"},"content":{"rendered":"\n<p><strong>EaD<\/strong>&nbsp;\u00e9 a sigla para&nbsp;<strong>Educa\u00e7\u00e3o a Dist\u00e2ncia<\/strong>. \u00c9 uma forma de ensino\/aprendizagem mediados por tecnologias que permitem que o professor e o aluno estejam em ambientes f\u00edsicos diferentes.<\/p>\n\n\n\n<p>EaD possibilita que o aluno crie seu pr\u00f3prio hor\u00e1rio para estudar pois geralmente as aulas s\u00e3o ministradas pela internet, e o aluno apenas comparece a institui\u00e7\u00e3o de ensino para realizar as provas. Nessa modalidade o aluno acompanha a mat\u00e9ria atrav\u00e9s de m\u00eddias como televis\u00e3o, v\u00eddeo, CD-ROM, telefone celular, iPod, notebook etc.<\/p>\n\n\n\n<p>A Educa\u00e7\u00e3o a Dist\u00e2ncia foi regulamentada pelo Decreto-Lei n\u00ba 2.494, de 10 de fevereiro de 1998, do Minist\u00e9rio da Educa\u00e7\u00e3o, regulamentando o Art. 80 da Lei de Diretrizes e Bases da Educa\u00e7\u00e3o Nacional. Entre outras disposi\u00e7\u00f5es, determina que a educa\u00e7\u00e3o a dist\u00e2ncia ser\u00e1 oferecida por institui\u00e7\u00f5es especificamente credenciadas pela Uni\u00e3o. Caber\u00e1 tamb\u00e9m \u00e0 Uni\u00e3o regulamentar requesitos para realiza\u00e7\u00e3o de exames e para registro de diplomas relativos ao curso.<\/p>\n\n\n\n<p>Na educa\u00e7\u00e3o a dist\u00e2ncia, o aluno tem a capacidade de gerenciar seu pr\u00f3prio aprendizado, ele possui uma grande autonomia para estudar e \u201cassistir\u201d as aulas de acordo com seu tempo dispon\u00edvel.<\/p>\n\n\n\n<p>A Educa\u00e7\u00e3o a Dist\u00e2ncia \u00e9 uma modalidade de ensino que tem se tornado cada vez mais comum. S\u00e3o oferecidos cursos de gradua\u00e7\u00e3o, p\u00f3s-gradua\u00e7\u00e3o, cursos t\u00e9cnicos, profissionalizantes, de aperfei\u00e7oamento etc.<\/p>\n","protected":false},"excerpt":{"rendered":"<p>EaD&nbsp;\u00e9 a sigla para&nbsp;Educa\u00e7\u00e3o a Dist\u00e2ncia. \u00c9 uma forma de ensino\/aprendizagem mediados por tecnologias que permitem que o professor e o aluno estejam em ambientes f\u00edsicos diferentes. EaD possibilita que o aluno crie seu pr\u00f3prio hor\u00e1rio para estudar pois geralmente as aulas s\u00e3o ministradas pela internet, e o aluno apenas comparece a institui\u00e7\u00e3o de ensino para realizar as provas. Nessa modalidade o aluno acompanha a mat\u00e9ria atrav\u00e9s de m\u00eddias como televis\u00e3o, v\u00eddeo, CD-ROM, telefone celular, iPod, notebook etc. A Educa\u00e7\u00e3o a Dist\u00e2ncia foi regulamentada pelo Decreto-Lei n\u00ba 2.494, de 10 de fevereiro de 1998, do Minist\u00e9rio da Educa\u00e7\u00e3o, regulamentando o Art. 80 da Lei de Diretrizes e Bases da Educa\u00e7\u00e3o Nacional. Entre outras disposi\u00e7\u00f5es, determina que a educa\u00e7\u00e3o a dist\u00e2ncia ser\u00e1 oferecida por institui\u00e7\u00f5es especificamente credenciadas pela Uni\u00e3o. Caber\u00e1 tamb\u00e9m \u00e0 Uni\u00e3o regulamentar requesitos para realiza\u00e7\u00e3o de exames e para registro de diplomas relativos ao curso. Na educa\u00e7\u00e3o a dist\u00e2ncia, o aluno tem a capacidade de gerenciar seu pr\u00f3prio aprendizado, ele possui uma grande autonomia para estudar e \u201cassistir\u201d as aulas de acordo com seu tempo dispon\u00edvel. A Educa\u00e7\u00e3o a Dist\u00e2ncia \u00e9 uma modalidade de ensino que tem se tornado cada vez mais comum. S\u00e3o oferecidos cursos de gradua\u00e7\u00e3o, p\u00f3s-gradua\u00e7\u00e3o, cursos t\u00e9cnicos, profissionalizantes, de aperfei\u00e7oamento etc.<\/p>\n","protected":false},"author":1,"featured_media":157,"parent":0,"menu_order":0,"comment_status":"closed","ping_status":"open","template":"","meta":[],"_links":{"self":[{"href":"https:\/\/unisalesiano.com.br\/ead\/index.php?rest_route=\/wp\/v2\/pages\/2"}],"collection":[{"href":"https:\/\/unisalesiano.com.br\/ead\/index.php?rest_route=\/wp\/v2\/pages"}],"about":[{"href":"https:\/\/unisalesiano.com.br\/ead\/index.php?rest_route=\/wp\/v2\/types\/page"}],"author":[{"embeddable":true,"href":"https:\/\/unisalesiano.com.br\/ead\/index.php?rest_route=\/wp\/v2\/users\/1"}],"replies":[{"embeddable":true,"href":"https:\/\/unisalesiano.com.br\/ead\/index.php?rest_route=%2Fwp%2Fv2%2Fcomments&post=2"}],"version-history":[{"count":2,"href":"https:\/\/unisalesiano.com.br\/ead\/index.php?rest_route=\/wp\/v2\/pages\/2\/revisions"}],"predecessor-version":[{"id":158,"href":"https:\/\/unisalesiano.com.br\/ead\/index.php?rest_route=\/wp\/v2\/pages\/2\/revisions\/158"}],"wp:featuredmedia":[{"embeddable":true,"href":"https:\/\/unisalesiano.com.br\/ead\/index.php?rest_route=\/wp\/v2\/media\/157"}],"wp:attachment":[{"href":"https:\/\/unisalesiano.com.br\/ead\/index.php?rest_route=%2Fwp%2Fv2%2Fmedia&parent=2"}],"curies":[{"name":"wp","href":"https:\/\/api.w.org\/{rel}","templated":true}]}}