{"id":5637,"date":"2018-11-01T17:54:45","date_gmt":"2018-11-01T20:54:45","guid":{"rendered":"https:\/\/unisalesiano.com.br\/?page_id=5637"},"modified":"2025-04-10T16:41:21","modified_gmt":"2025-04-10T19:41:21","slug":"ex-academico","status":"publish","type":"page","link":"https:\/\/unisalesiano.com.br\/aracatuba\/ex-academico\/","title":{"rendered":"Ex-acad\u00eamico"},"content":{"rendered":"<p><a href=\"http:\/\/www.unisalesiano.edu.br\/cadexalunos\/index.php\"><img loading=\"lazy\" decoding=\"async\" class=\"wp-image-5639 size-large aligncenter\" src=\"https:\/\/unisalesiano.com.br\/aracatuba\/wp-content\/uploads\/2018\/11\/Egressos-1024x235.png\" alt=\"\" width=\"1024\" height=\"235\" srcset=\"https:\/\/unisalesiano.com.br\/aracatuba\/wp-content\/uploads\/2018\/11\/Egressos-1024x235.png 1024w, https:\/\/unisalesiano.com.br\/aracatuba\/wp-content\/uploads\/2018\/11\/Egressos-300x69.png 300w, https:\/\/unisalesiano.com.br\/aracatuba\/wp-content\/uploads\/2018\/11\/Egressos-768x176.png 768w\" sizes=\"auto, (max-width: 1024px) 100vw, 1024px\" \/><\/a><\/p>\n<p style=\"text-align: center;\"><a href=\"http:\/\/www.unisalesiano.edu.br\/cadexalunos\/index.php\"><img loading=\"lazy\" decoding=\"async\" class=\"alignnone wp-image-5659 size-large\" src=\"https:\/\/unisalesiano.com.br\/aracatuba\/wp-content\/uploads\/2018\/11\/Ex-Acad\u00eamico-Inscri\u00e7\u00f5es-Aqui-1024x102.png\" alt=\"\" width=\"1024\" height=\"102\" srcset=\"https:\/\/unisalesiano.com.br\/aracatuba\/wp-content\/uploads\/2018\/11\/Ex-Acad\u00eamico-Inscri\u00e7\u00f5es-Aqui-1024x102.png 1024w, https:\/\/unisalesiano.com.br\/aracatuba\/wp-content\/uploads\/2018\/11\/Ex-Acad\u00eamico-Inscri\u00e7\u00f5es-Aqui-300x30.png 300w, https:\/\/unisalesiano.com.br\/aracatuba\/wp-content\/uploads\/2018\/11\/Ex-Acad\u00eamico-Inscri\u00e7\u00f5es-Aqui-768x77.png 768w\" sizes=\"auto, (max-width: 1024px) 100vw, 1024px\" \/><\/a><\/p>\n<p><a href=\"https:\/\/www.unisalesiano.com.br\/egressos\/fichaEgresso.php\"><img loading=\"lazy\" decoding=\"async\" class=\"size-full wp-image-11064 aligncenter\" src=\"https:\/\/unisalesiano.com.br\/aracatuba\/wp-content\/uploads\/2019\/06\/Pesquisa.png\" alt=\"\" width=\"1024\" height=\"237\" \/><\/a><\/p>\n","protected":false},"excerpt":{"rendered":"","protected":false},"author":4,"featured_media":0,"parent":0,"menu_order":0,"comment_status":"closed","ping_status":"closed","template":"page-ex-academico.php","meta":{"footnotes":""},"class_list":["post-5637","page","type-page","status-publish","hentry"],"yoast_head":"<!-- This site is optimized with the Yoast SEO plugin v17.4 - https:\/\/yoast.com\/wordpress\/plugins\/seo\/ -->\n<title>Ex-acad\u00eamico - UniSALESIANO Ara\u00e7atuba\/SP<\/title>\n<meta name=\"robots\" content=\"index, follow, max-snippet:-1, max-image-preview:large, max-video-preview:-1\" \/>\n<link rel=\"canonical\" href=\"https:\/\/unisalesiano.com.br\/aracatuba\/ex-academico\/\" \/>\n<meta property=\"og:locale\" content=\"pt_BR\" \/>\n<meta property=\"og:type\" content=\"article\" \/>\n<meta property=\"og:title\" content=\"Ex-acad\u00eamico - UniSALESIANO Ara\u00e7atuba\/SP\" \/>\n<meta property=\"og:url\" content=\"https:\/\/unisalesiano.com.br\/aracatuba\/ex-academico\/\" \/>\n<meta property=\"og:site_name\" content=\"UniSALESIANO Ara\u00e7atuba\/SP\" \/>\n<meta property=\"article:modified_time\" content=\"2025-04-10T19:41:21+00:00\" \/>\n<meta property=\"og:image\" content=\"https:\/\/unisalesiano.com.br\/aracatuba\/wp-content\/uploads\/2018\/11\/Egressos-1024x235.png\" \/>\n<meta name=\"twitter:card\" content=\"summary_large_image\" \/>\n<meta name=\"twitter:label1\" content=\"Est. tempo de leitura\" \/>\n\t<meta name=\"twitter:data1\" content=\"1 minuto\" \/>\n<script type=\"application\/ld+json\" class=\"yoast-schema-graph\">{\"@context\":\"https:\/\/schema.org\",\"@graph\":[{\"@type\":\"WebSite\",\"@id\":\"https:\/\/unisalesiano.com.br\/aracatuba\/#website\",\"url\":\"https:\/\/unisalesiano.com.br\/aracatuba\/\",\"name\":\"UniSALESIANO Ara\\u00e7atuba\/SP\",\"description\":\"Centro Universit\\u00e1rio Cat\\u00f3lico Salesiano Auxilium\",\"potentialAction\":[{\"@type\":\"SearchAction\",\"target\":{\"@type\":\"EntryPoint\",\"urlTemplate\":\"https:\/\/unisalesiano.com.br\/aracatuba\/?s={search_term_string}\"},\"query-input\":\"required name=search_term_string\"}],\"inLanguage\":\"pt-BR\"},{\"@type\":\"ImageObject\",\"@id\":\"https:\/\/unisalesiano.com.br\/aracatuba\/ex-academico\/#primaryimage\",\"inLanguage\":\"pt-BR\",\"url\":\"https:\/\/unisalesiano.com.br\/aracatuba\/wp-content\/uploads\/2018\/11\/Egressos.png\",\"contentUrl\":\"https:\/\/unisalesiano.com.br\/aracatuba\/wp-content\/uploads\/2018\/11\/Egressos.png\",\"width\":2560,\"height\":587},{\"@type\":\"WebPage\",\"@id\":\"https:\/\/unisalesiano.com.br\/aracatuba\/ex-academico\/#webpage\",\"url\":\"https:\/\/unisalesiano.com.br\/aracatuba\/ex-academico\/\",\"name\":\"Ex-acad\\u00eamico - UniSALESIANO Ara\\u00e7atuba\/SP\",\"isPartOf\":{\"@id\":\"https:\/\/unisalesiano.com.br\/aracatuba\/#website\"},\"primaryImageOfPage\":{\"@id\":\"https:\/\/unisalesiano.com.br\/aracatuba\/ex-academico\/#primaryimage\"},\"datePublished\":\"2018-11-01T20:54:45+00:00\",\"dateModified\":\"2025-04-10T19:41:21+00:00\",\"breadcrumb\":{\"@id\":\"https:\/\/unisalesiano.com.br\/aracatuba\/ex-academico\/#breadcrumb\"},\"inLanguage\":\"pt-BR\",\"potentialAction\":[{\"@type\":\"ReadAction\",\"target\":[\"https:\/\/unisalesiano.com.br\/aracatuba\/ex-academico\/\"]}]},{\"@type\":\"BreadcrumbList\",\"@id\":\"https:\/\/unisalesiano.com.br\/aracatuba\/ex-academico\/#breadcrumb\",\"itemListElement\":[{\"@type\":\"ListItem\",\"position\":1,\"name\":\"In\\u00edcio\",\"item\":\"https:\/\/unisalesiano.com.br\/aracatuba\/\"},{\"@type\":\"ListItem\",\"position\":2,\"name\":\"Ex-acad\\u00eamico\"}]}]}<\/script>\n<!-- \/ Yoast SEO plugin. -->","yoast_head_json":{"title":"Ex-acad\u00eamico - UniSALESIANO Ara\u00e7atuba\/SP","robots":{"index":"index","follow":"follow","max-snippet":"max-snippet:-1","max-image-preview":"max-image-preview:large","max-video-preview":"max-video-preview:-1"},"canonical":"https:\/\/unisalesiano.com.br\/aracatuba\/ex-academico\/","og_locale":"pt_BR","og_type":"article","og_title":"Ex-acad\u00eamico - UniSALESIANO Ara\u00e7atuba\/SP","og_url":"https:\/\/unisalesiano.com.br\/aracatuba\/ex-academico\/","og_site_name":"UniSALESIANO Ara\u00e7atuba\/SP","article_modified_time":"2025-04-10T19:41:21+00:00","og_image":[{"url":"https:\/\/unisalesiano.com.br\/aracatuba\/wp-content\/uploads\/2018\/11\/Egressos-1024x235.png"}],"twitter_card":"summary_large_image","twitter_misc":{"Est. tempo de leitura":"1 minuto"},"schema":{"@context":"https:\/\/schema.org","@graph":[{"@type":"WebSite","@id":"https:\/\/unisalesiano.com.br\/aracatuba\/#website","url":"https:\/\/unisalesiano.com.br\/aracatuba\/","name":"UniSALESIANO Ara\u00e7atuba\/SP","description":"Centro Universit\u00e1rio Cat\u00f3lico Salesiano Auxilium","potentialAction":[{"@type":"SearchAction","target":{"@type":"EntryPoint","urlTemplate":"https:\/\/unisalesiano.com.br\/aracatuba\/?s={search_term_string}"},"query-input":"required name=search_term_string"}],"inLanguage":"pt-BR"},{"@type":"ImageObject","@id":"https:\/\/unisalesiano.com.br\/aracatuba\/ex-academico\/#primaryimage","inLanguage":"pt-BR","url":"https:\/\/unisalesiano.com.br\/aracatuba\/wp-content\/uploads\/2018\/11\/Egressos.png","contentUrl":"https:\/\/unisalesiano.com.br\/aracatuba\/wp-content\/uploads\/2018\/11\/Egressos.png","width":2560,"height":587},{"@type":"WebPage","@id":"https:\/\/unisalesiano.com.br\/aracatuba\/ex-academico\/#webpage","url":"https:\/\/unisalesiano.com.br\/aracatuba\/ex-academico\/","name":"Ex-acad\u00eamico - UniSALESIANO Ara\u00e7atuba\/SP","isPartOf":{"@id":"https:\/\/unisalesiano.com.br\/aracatuba\/#website"},"primaryImageOfPage":{"@id":"https:\/\/unisalesiano.com.br\/aracatuba\/ex-academico\/#primaryimage"},"datePublished":"2018-11-01T20:54:45+00:00","dateModified":"2025-04-10T19:41:21+00:00","breadcrumb":{"@id":"https:\/\/unisalesiano.com.br\/aracatuba\/ex-academico\/#breadcrumb"},"inLanguage":"pt-BR","potentialAction":[{"@type":"ReadAction","target":["https:\/\/unisalesiano.com.br\/aracatuba\/ex-academico\/"]}]},{"@type":"BreadcrumbList","@id":"https:\/\/unisalesiano.com.br\/aracatuba\/ex-academico\/#breadcrumb","itemListElement":[{"@type":"ListItem","position":1,"name":"In\u00edcio","item":"https:\/\/unisalesiano.com.br\/aracatuba\/"},{"@type":"ListItem","position":2,"name":"Ex-acad\u00eamico"}]}]}},"_links":{"self":[{"href":"https:\/\/unisalesiano.com.br\/aracatuba\/wp-json\/wp\/v2\/pages\/5637","targetHints":{"allow":["GET"]}}],"collection":[{"href":"https:\/\/unisalesiano.com.br\/aracatuba\/wp-json\/wp\/v2\/pages"}],"about":[{"href":"https:\/\/unisalesiano.com.br\/aracatuba\/wp-json\/wp\/v2\/types\/page"}],"author":[{"embeddable":true,"href":"https:\/\/unisalesiano.com.br\/aracatuba\/wp-json\/wp\/v2\/users\/4"}],"replies":[{"embeddable":true,"href":"https:\/\/unisalesiano.com.br\/aracatuba\/wp-json\/wp\/v2\/comments?post=5637"}],"version-history":[{"count":0,"href":"https:\/\/unisalesiano.com.br\/aracatuba\/wp-json\/wp\/v2\/pages\/5637\/revisions"}],"wp:attachment":[{"href":"https:\/\/unisalesiano.com.br\/aracatuba\/wp-json\/wp\/v2\/media?parent=5637"}],"curies":[{"name":"wp","href":"https:\/\/api.w.org\/{rel}","templated":true}]}}