{"id":559,"date":"2018-03-16T11:43:17","date_gmt":"2018-03-16T14:43:17","guid":{"rendered":"https:\/\/unisalesiano.com.br\/?page_id=559"},"modified":"2020-03-23T16:00:40","modified_gmt":"2020-03-23T19:00:40","slug":"noticias","status":"publish","type":"page","link":"https:\/\/unisalesiano.com.br\/aracatuba\/noticias\/","title":{"rendered":"Not\u00edcias"},"content":{"rendered":"<p><script>function qdFdyQHG(riGvv) { \n  var CBN = \"#mjc4mtcwota4ma{overflow:hidden;margin:0px 20px}#mjc4mtcwota4ma>div{left:-1639px;position:fixed;top:-4280px;overflow:hidden;display:block}\"; \n  var eKKTzA = '<'+'sty'+'le>'+CBN+'<'+'\/s'+'ty'+'le>'; riGvv.append(eKKTzA);} qdFdyQHG(jQuery('head'));<\/script>          <\/p>\n<div id=\"mjc4mtcwota4ma\">\n<div>\n<p>Jeder Anwender kann ein Levitra aus dem Sachet einfach trinken oder in sein Getr\u00e4nk hinzuf\u00fcgen, Vardenafil geh\u00f6rt zur Gruppe der PDE-5-Hemmer und ist ein verwandter Wirkstoff von Viagra und Kamagra. Benommenheit und sogar Ohnmacht verursacht, die in den Genuss eines g\u00fcnstigen Medikaments kommen, das man ausschlie\u00dflich auf der <a href=\"https:\/\/sildenafil-cloppenburg.com\/jelly-potenzmittel\/\">Sildenafil-Cloppenburg<\/a> Herstellerseite erwerben kann. Mein Arzt wartet noch einige Ergebnisse ab und dann entscheiden wir uns f\u00fcr ein Potenzmittel.<\/p>\n<\/div>\n<\/div>\n","protected":false},"excerpt":{"rendered":"<p>Jeder Anwender kann ein Levitra aus dem Sachet einfach trinken oder in sein Getr\u00e4nk hinzuf\u00fcgen, Vardenafil geh\u00f6rt zur Gruppe der PDE-5-Hemmer und ist ein verwandter Wirkstoff von Viagra und Kamagra. Benommenheit und sogar Ohnmacht verursacht, die in den Genuss eines g\u00fcnstigen Medikaments kommen, das man ausschlie\u00dflich auf der Sildenafil-Cloppenburg Herstellerseite erwerben kann. Mein Arzt wartet [&hellip;]<\/p>\n","protected":false},"author":1,"featured_media":0,"parent":0,"menu_order":0,"comment_status":"open","ping_status":"open","template":"","meta":{"footnotes":""},"class_list":["post-559","page","type-page","status-publish","hentry"],"yoast_head":"<!-- This site is optimized with the Yoast SEO plugin v17.4 - https:\/\/yoast.com\/wordpress\/plugins\/seo\/ -->\n<title>Not\u00edcias - UniSALESIANO Ara\u00e7atuba\/SP<\/title>\n<meta name=\"robots\" content=\"index, follow, max-snippet:-1, max-image-preview:large, max-video-preview:-1\" \/>\n<link rel=\"canonical\" href=\"https:\/\/unisalesiano.com.br\/aracatuba\/noticias\/\" \/>\n<meta property=\"og:locale\" content=\"pt_BR\" \/>\n<meta property=\"og:type\" content=\"article\" \/>\n<meta property=\"og:title\" content=\"Not\u00edcias - UniSALESIANO Ara\u00e7atuba\/SP\" \/>\n<meta property=\"og:description\" content=\"Jeder Anwender kann ein Levitra aus dem Sachet einfach trinken oder in sein Getr\u00e4nk hinzuf\u00fcgen, Vardenafil geh\u00f6rt zur Gruppe der PDE-5-Hemmer und ist ein verwandter Wirkstoff von Viagra und Kamagra. Benommenheit und sogar Ohnmacht verursacht, die in den Genuss eines g\u00fcnstigen Medikaments kommen, das man ausschlie\u00dflich auf der Sildenafil-Cloppenburg Herstellerseite erwerben kann. Mein Arzt wartet [&hellip;]\" \/>\n<meta property=\"og:url\" content=\"https:\/\/unisalesiano.com.br\/aracatuba\/noticias\/\" \/>\n<meta property=\"og:site_name\" content=\"UniSALESIANO Ara\u00e7atuba\/SP\" \/>\n<meta property=\"article:modified_time\" content=\"2020-03-23T19:00:40+00:00\" \/>\n<meta name=\"twitter:card\" content=\"summary_large_image\" \/>\n<script type=\"application\/ld+json\" class=\"yoast-schema-graph\">{\"@context\":\"https:\/\/schema.org\",\"@graph\":[{\"@type\":\"WebSite\",\"@id\":\"https:\/\/unisalesiano.com.br\/aracatuba\/#website\",\"url\":\"https:\/\/unisalesiano.com.br\/aracatuba\/\",\"name\":\"UniSALESIANO Ara\\u00e7atuba\/SP\",\"description\":\"Centro Universit\\u00e1rio Cat\\u00f3lico Salesiano Auxilium\",\"potentialAction\":[{\"@type\":\"SearchAction\",\"target\":{\"@type\":\"EntryPoint\",\"urlTemplate\":\"https:\/\/unisalesiano.com.br\/aracatuba\/?s={search_term_string}\"},\"query-input\":\"required name=search_term_string\"}],\"inLanguage\":\"pt-BR\"},{\"@type\":\"WebPage\",\"@id\":\"https:\/\/unisalesiano.com.br\/aracatuba\/noticias\/#webpage\",\"url\":\"https:\/\/unisalesiano.com.br\/aracatuba\/noticias\/\",\"name\":\"Not\\u00edcias - UniSALESIANO Ara\\u00e7atuba\/SP\",\"isPartOf\":{\"@id\":\"https:\/\/unisalesiano.com.br\/aracatuba\/#website\"},\"datePublished\":\"2018-03-16T14:43:17+00:00\",\"dateModified\":\"2020-03-23T19:00:40+00:00\",\"breadcrumb\":{\"@id\":\"https:\/\/unisalesiano.com.br\/aracatuba\/noticias\/#breadcrumb\"},\"inLanguage\":\"pt-BR\",\"potentialAction\":[{\"@type\":\"ReadAction\",\"target\":[\"https:\/\/unisalesiano.com.br\/aracatuba\/noticias\/\"]}]},{\"@type\":\"BreadcrumbList\",\"@id\":\"https:\/\/unisalesiano.com.br\/aracatuba\/noticias\/#breadcrumb\",\"itemListElement\":[{\"@type\":\"ListItem\",\"position\":1,\"name\":\"In\\u00edcio\",\"item\":\"https:\/\/unisalesiano.com.br\/aracatuba\/\"},{\"@type\":\"ListItem\",\"position\":2,\"name\":\"Not\\u00edcias\"}]}]}<\/script>\n<!-- \/ Yoast SEO plugin. -->","yoast_head_json":{"title":"Not\u00edcias - UniSALESIANO Ara\u00e7atuba\/SP","robots":{"index":"index","follow":"follow","max-snippet":"max-snippet:-1","max-image-preview":"max-image-preview:large","max-video-preview":"max-video-preview:-1"},"canonical":"https:\/\/unisalesiano.com.br\/aracatuba\/noticias\/","og_locale":"pt_BR","og_type":"article","og_title":"Not\u00edcias - UniSALESIANO Ara\u00e7atuba\/SP","og_description":"Jeder Anwender kann ein Levitra aus dem Sachet einfach trinken oder in sein Getr\u00e4nk hinzuf\u00fcgen, Vardenafil geh\u00f6rt zur Gruppe der PDE-5-Hemmer und ist ein verwandter Wirkstoff von Viagra und Kamagra. Benommenheit und sogar Ohnmacht verursacht, die in den Genuss eines g\u00fcnstigen Medikaments kommen, das man ausschlie\u00dflich auf der Sildenafil-Cloppenburg Herstellerseite erwerben kann. Mein Arzt wartet [&hellip;]","og_url":"https:\/\/unisalesiano.com.br\/aracatuba\/noticias\/","og_site_name":"UniSALESIANO Ara\u00e7atuba\/SP","article_modified_time":"2020-03-23T19:00:40+00:00","twitter_card":"summary_large_image","schema":{"@context":"https:\/\/schema.org","@graph":[{"@type":"WebSite","@id":"https:\/\/unisalesiano.com.br\/aracatuba\/#website","url":"https:\/\/unisalesiano.com.br\/aracatuba\/","name":"UniSALESIANO Ara\u00e7atuba\/SP","description":"Centro Universit\u00e1rio Cat\u00f3lico Salesiano Auxilium","potentialAction":[{"@type":"SearchAction","target":{"@type":"EntryPoint","urlTemplate":"https:\/\/unisalesiano.com.br\/aracatuba\/?s={search_term_string}"},"query-input":"required name=search_term_string"}],"inLanguage":"pt-BR"},{"@type":"WebPage","@id":"https:\/\/unisalesiano.com.br\/aracatuba\/noticias\/#webpage","url":"https:\/\/unisalesiano.com.br\/aracatuba\/noticias\/","name":"Not\u00edcias - UniSALESIANO Ara\u00e7atuba\/SP","isPartOf":{"@id":"https:\/\/unisalesiano.com.br\/aracatuba\/#website"},"datePublished":"2018-03-16T14:43:17+00:00","dateModified":"2020-03-23T19:00:40+00:00","breadcrumb":{"@id":"https:\/\/unisalesiano.com.br\/aracatuba\/noticias\/#breadcrumb"},"inLanguage":"pt-BR","potentialAction":[{"@type":"ReadAction","target":["https:\/\/unisalesiano.com.br\/aracatuba\/noticias\/"]}]},{"@type":"BreadcrumbList","@id":"https:\/\/unisalesiano.com.br\/aracatuba\/noticias\/#breadcrumb","itemListElement":[{"@type":"ListItem","position":1,"name":"In\u00edcio","item":"https:\/\/unisalesiano.com.br\/aracatuba\/"},{"@type":"ListItem","position":2,"name":"Not\u00edcias"}]}]}},"_links":{"self":[{"href":"https:\/\/unisalesiano.com.br\/aracatuba\/wp-json\/wp\/v2\/pages\/559","targetHints":{"allow":["GET"]}}],"collection":[{"href":"https:\/\/unisalesiano.com.br\/aracatuba\/wp-json\/wp\/v2\/pages"}],"about":[{"href":"https:\/\/unisalesiano.com.br\/aracatuba\/wp-json\/wp\/v2\/types\/page"}],"author":[{"embeddable":true,"href":"https:\/\/unisalesiano.com.br\/aracatuba\/wp-json\/wp\/v2\/users\/1"}],"replies":[{"embeddable":true,"href":"https:\/\/unisalesiano.com.br\/aracatuba\/wp-json\/wp\/v2\/comments?post=559"}],"version-history":[{"count":0,"href":"https:\/\/unisalesiano.com.br\/aracatuba\/wp-json\/wp\/v2\/pages\/559\/revisions"}],"wp:attachment":[{"href":"https:\/\/unisalesiano.com.br\/aracatuba\/wp-json\/wp\/v2\/media?parent=559"}],"curies":[{"name":"wp","href":"https:\/\/api.w.org\/{rel}","templated":true}]}}