{"id":49052,"date":"2025-11-04T17:07:33","date_gmt":"2025-11-04T20:07:33","guid":{"rendered":"https:\/\/unisalesiano.com.br\/aracatuba\/?page_id=49052"},"modified":"2025-11-12T11:19:36","modified_gmt":"2025-11-12T14:19:36","slug":"universo-unisalesiano-inscricao","status":"publish","type":"page","link":"https:\/\/unisalesiano.com.br\/aracatuba\/universo-unisalesiano-inscricao\/","title":{"rendered":"Universo UniSALESIANO"},"content":{"rendered":"<h2 style=\"text-align: center;\">INSCRI\u00c7\u00d5ES ENCERRADAS<br \/>\nUniverso UniSALESIANO!<\/h2>\n<p>&nbsp;<\/p>\n<p style=\"text-align: center;\">Descubra na pr\u00e1tica o curso que combina com voc\u00ea! &#x1f4a1;<br \/>\nNo dia 14 de novembro, o UniSALESIANO Ara\u00e7atuba abre suas portas pra receber os alunos do Ensino M\u00e9dio de Ara\u00e7atuba e regi\u00e3o em uma experi\u00eancia incr\u00edvel e cheia de descobertas! &#x1f525;<\/p>\n<p style=\"text-align: center;\">&#x1f393; Mais de 20 cursos de gradua\u00e7\u00e3o<br \/>\n&#x1f52c; Viv\u00eancias reais nas \u00e1reas da Sa\u00fade, Sociais, Engenharias e Tecnologia<br \/>\n&#x1f4ac; Bate-papo com professores e acad\u00eamicos<br \/>\n&#x1f4f8; Espa\u00e7os instagram\u00e1veis, desafios e sorteios de brindes!<\/p>\n<p style=\"text-align: center;\">\u2800<\/p>\n<p style=\"text-align: center;\">&#x1f4c5; <strong>14 de novembro (sexta-feira)<\/strong><br \/>\n&#x1f557; 8h \u00e0s 12h | 14h \u00e0s 18h | 19h \u00e0s 22h<\/p>\n<h3 style=\"text-align: center;\">\u2800<\/h3>\n<h2 style=\"text-align: center;\">Informa\u00e7\u00f5es:<\/h2>\n<h3 style=\"text-align: center;\">\u2800<\/h3>\n<h3 style=\"text-align: center;\">Grupos escolares<a href=\"https:\/\/wa.me\/551836365249\"><img loading=\"lazy\" decoding=\"async\" class=\"aligncenter wp-image-49053 size-full\" src=\"https:\/\/unisalesiano.com.br\/aracatuba\/wp-content\/uploads\/2025\/11\/whatsapp.png\" alt=\"\" width=\"200\" height=\"50\" \/><\/a><\/h3>\n<h3 style=\"text-align: center;\">\u2800<\/h3>\n<h3 style=\"text-align: center;\">Estudantes<a href=\"https:\/\/docs.google.com\/forms\/d\/e\/1FAIpQLSfgnmd47YRLQ8d_7JOpjqOYsPBj3NxB9XUoi6rm4KYckBaa6Q\/viewform?usp=dialog\"><img loading=\"lazy\" decoding=\"async\" class=\"aligncenter wp-image-49054 size-full\" src=\"https:\/\/unisalesiano.com.br\/aracatuba\/wp-content\/uploads\/2025\/11\/formulario.png\" alt=\"\" width=\"200\" height=\"50\" \/><\/a><\/h3>\n<p>&nbsp;<\/p>\n<p><center><iframe loading=\"lazy\" title=\"YouTube video player\" src=\"https:\/\/www.youtube.com\/embed\/P6HPWpeh8rY?si=rPjnMkukKUYTvKdf\" width=\"560\" height=\"315\" frameborder=\"0\" allowfullscreen=\"allowfullscreen\"><\/iframe><\/center><\/p>\n","protected":false},"excerpt":{"rendered":"<p>INSCRI\u00c7\u00d5ES ENCERRADAS Universo UniSALESIANO! &nbsp; Descubra na pr\u00e1tica o curso que combina com voc\u00ea! &#x1f4a1; No dia 14 de novembro, o UniSALESIANO Ara\u00e7atuba abre suas portas pra receber os alunos do Ensino M\u00e9dio de Ara\u00e7atuba e regi\u00e3o em uma experi\u00eancia incr\u00edvel e cheia de descobertas! &#x1f525; &#x1f393; Mais de 20 cursos de gradua\u00e7\u00e3o &#x1f52c; Viv\u00eancias [&hellip;]<\/p>\n","protected":false},"author":18,"featured_media":0,"parent":0,"menu_order":0,"comment_status":"closed","ping_status":"closed","template":"","meta":{"footnotes":""},"class_list":["post-49052","page","type-page","status-publish","hentry"],"yoast_head":"<!-- This site is optimized with the Yoast SEO plugin v17.4 - https:\/\/yoast.com\/wordpress\/plugins\/seo\/ -->\n<title>Universo UniSALESIANO - UniSALESIANO Ara\u00e7atuba\/SP<\/title>\n<meta name=\"robots\" content=\"index, follow, max-snippet:-1, max-image-preview:large, max-video-preview:-1\" \/>\n<link rel=\"canonical\" href=\"https:\/\/unisalesiano.com.br\/aracatuba\/universo-unisalesiano-inscricao\/\" \/>\n<meta property=\"og:locale\" content=\"pt_BR\" \/>\n<meta property=\"og:type\" content=\"article\" \/>\n<meta property=\"og:title\" content=\"Universo UniSALESIANO - UniSALESIANO Ara\u00e7atuba\/SP\" \/>\n<meta property=\"og:description\" content=\"INSCRI\u00c7\u00d5ES ENCERRADAS Universo UniSALESIANO! &nbsp; Descubra na pr\u00e1tica o curso que combina com voc\u00ea! &#x1f4a1; No dia 14 de novembro, o UniSALESIANO Ara\u00e7atuba abre suas portas pra receber os alunos do Ensino M\u00e9dio de Ara\u00e7atuba e regi\u00e3o em uma experi\u00eancia incr\u00edvel e cheia de descobertas! &#x1f525; &#x1f393; Mais de 20 cursos de gradua\u00e7\u00e3o &#x1f52c; Viv\u00eancias [&hellip;]\" \/>\n<meta property=\"og:url\" content=\"https:\/\/unisalesiano.com.br\/aracatuba\/universo-unisalesiano-inscricao\/\" \/>\n<meta property=\"og:site_name\" content=\"UniSALESIANO Ara\u00e7atuba\/SP\" \/>\n<meta property=\"article:modified_time\" content=\"2025-11-12T14:19:36+00:00\" \/>\n<meta property=\"og:image\" content=\"https:\/\/unisalesiano.com.br\/aracatuba\/wp-content\/uploads\/2025\/11\/whatsapp.png\" \/>\n<meta name=\"twitter:card\" content=\"summary_large_image\" \/>\n<meta name=\"twitter:label1\" content=\"Est. tempo de leitura\" \/>\n\t<meta name=\"twitter:data1\" content=\"1 minuto\" \/>\n<script type=\"application\/ld+json\" class=\"yoast-schema-graph\">{\"@context\":\"https:\/\/schema.org\",\"@graph\":[{\"@type\":\"WebSite\",\"@id\":\"https:\/\/unisalesiano.com.br\/aracatuba\/#website\",\"url\":\"https:\/\/unisalesiano.com.br\/aracatuba\/\",\"name\":\"UniSALESIANO Ara\\u00e7atuba\/SP\",\"description\":\"Centro Universit\\u00e1rio Cat\\u00f3lico Salesiano Auxilium\",\"potentialAction\":[{\"@type\":\"SearchAction\",\"target\":{\"@type\":\"EntryPoint\",\"urlTemplate\":\"https:\/\/unisalesiano.com.br\/aracatuba\/?s={search_term_string}\"},\"query-input\":\"required name=search_term_string\"}],\"inLanguage\":\"pt-BR\"},{\"@type\":\"ImageObject\",\"@id\":\"https:\/\/unisalesiano.com.br\/aracatuba\/universo-unisalesiano-inscricao\/#primaryimage\",\"inLanguage\":\"pt-BR\",\"url\":\"https:\/\/unisalesiano.com.br\/aracatuba\/wp-content\/uploads\/2025\/11\/whatsapp.png\",\"contentUrl\":\"https:\/\/unisalesiano.com.br\/aracatuba\/wp-content\/uploads\/2025\/11\/whatsapp.png\",\"width\":200,\"height\":50},{\"@type\":\"WebPage\",\"@id\":\"https:\/\/unisalesiano.com.br\/aracatuba\/universo-unisalesiano-inscricao\/#webpage\",\"url\":\"https:\/\/unisalesiano.com.br\/aracatuba\/universo-unisalesiano-inscricao\/\",\"name\":\"Universo UniSALESIANO - UniSALESIANO Ara\\u00e7atuba\/SP\",\"isPartOf\":{\"@id\":\"https:\/\/unisalesiano.com.br\/aracatuba\/#website\"},\"primaryImageOfPage\":{\"@id\":\"https:\/\/unisalesiano.com.br\/aracatuba\/universo-unisalesiano-inscricao\/#primaryimage\"},\"datePublished\":\"2025-11-04T20:07:33+00:00\",\"dateModified\":\"2025-11-12T14:19:36+00:00\",\"breadcrumb\":{\"@id\":\"https:\/\/unisalesiano.com.br\/aracatuba\/universo-unisalesiano-inscricao\/#breadcrumb\"},\"inLanguage\":\"pt-BR\",\"potentialAction\":[{\"@type\":\"ReadAction\",\"target\":[\"https:\/\/unisalesiano.com.br\/aracatuba\/universo-unisalesiano-inscricao\/\"]}]},{\"@type\":\"BreadcrumbList\",\"@id\":\"https:\/\/unisalesiano.com.br\/aracatuba\/universo-unisalesiano-inscricao\/#breadcrumb\",\"itemListElement\":[{\"@type\":\"ListItem\",\"position\":1,\"name\":\"In\\u00edcio\",\"item\":\"https:\/\/unisalesiano.com.br\/aracatuba\/\"},{\"@type\":\"ListItem\",\"position\":2,\"name\":\"Universo UniSALESIANO\"}]}]}<\/script>\n<!-- \/ Yoast SEO plugin. -->","yoast_head_json":{"title":"Universo UniSALESIANO - UniSALESIANO Ara\u00e7atuba\/SP","robots":{"index":"index","follow":"follow","max-snippet":"max-snippet:-1","max-image-preview":"max-image-preview:large","max-video-preview":"max-video-preview:-1"},"canonical":"https:\/\/unisalesiano.com.br\/aracatuba\/universo-unisalesiano-inscricao\/","og_locale":"pt_BR","og_type":"article","og_title":"Universo UniSALESIANO - UniSALESIANO Ara\u00e7atuba\/SP","og_description":"INSCRI\u00c7\u00d5ES ENCERRADAS Universo UniSALESIANO! &nbsp; Descubra na pr\u00e1tica o curso que combina com voc\u00ea! &#x1f4a1; No dia 14 de novembro, o UniSALESIANO Ara\u00e7atuba abre suas portas pra receber os alunos do Ensino M\u00e9dio de Ara\u00e7atuba e regi\u00e3o em uma experi\u00eancia incr\u00edvel e cheia de descobertas! &#x1f525; &#x1f393; Mais de 20 cursos de gradua\u00e7\u00e3o &#x1f52c; Viv\u00eancias [&hellip;]","og_url":"https:\/\/unisalesiano.com.br\/aracatuba\/universo-unisalesiano-inscricao\/","og_site_name":"UniSALESIANO Ara\u00e7atuba\/SP","article_modified_time":"2025-11-12T14:19:36+00:00","og_image":[{"url":"https:\/\/unisalesiano.com.br\/aracatuba\/wp-content\/uploads\/2025\/11\/whatsapp.png"}],"twitter_card":"summary_large_image","twitter_misc":{"Est. tempo de leitura":"1 minuto"},"schema":{"@context":"https:\/\/schema.org","@graph":[{"@type":"WebSite","@id":"https:\/\/unisalesiano.com.br\/aracatuba\/#website","url":"https:\/\/unisalesiano.com.br\/aracatuba\/","name":"UniSALESIANO Ara\u00e7atuba\/SP","description":"Centro Universit\u00e1rio Cat\u00f3lico Salesiano Auxilium","potentialAction":[{"@type":"SearchAction","target":{"@type":"EntryPoint","urlTemplate":"https:\/\/unisalesiano.com.br\/aracatuba\/?s={search_term_string}"},"query-input":"required name=search_term_string"}],"inLanguage":"pt-BR"},{"@type":"ImageObject","@id":"https:\/\/unisalesiano.com.br\/aracatuba\/universo-unisalesiano-inscricao\/#primaryimage","inLanguage":"pt-BR","url":"https:\/\/unisalesiano.com.br\/aracatuba\/wp-content\/uploads\/2025\/11\/whatsapp.png","contentUrl":"https:\/\/unisalesiano.com.br\/aracatuba\/wp-content\/uploads\/2025\/11\/whatsapp.png","width":200,"height":50},{"@type":"WebPage","@id":"https:\/\/unisalesiano.com.br\/aracatuba\/universo-unisalesiano-inscricao\/#webpage","url":"https:\/\/unisalesiano.com.br\/aracatuba\/universo-unisalesiano-inscricao\/","name":"Universo UniSALESIANO - UniSALESIANO Ara\u00e7atuba\/SP","isPartOf":{"@id":"https:\/\/unisalesiano.com.br\/aracatuba\/#website"},"primaryImageOfPage":{"@id":"https:\/\/unisalesiano.com.br\/aracatuba\/universo-unisalesiano-inscricao\/#primaryimage"},"datePublished":"2025-11-04T20:07:33+00:00","dateModified":"2025-11-12T14:19:36+00:00","breadcrumb":{"@id":"https:\/\/unisalesiano.com.br\/aracatuba\/universo-unisalesiano-inscricao\/#breadcrumb"},"inLanguage":"pt-BR","potentialAction":[{"@type":"ReadAction","target":["https:\/\/unisalesiano.com.br\/aracatuba\/universo-unisalesiano-inscricao\/"]}]},{"@type":"BreadcrumbList","@id":"https:\/\/unisalesiano.com.br\/aracatuba\/universo-unisalesiano-inscricao\/#breadcrumb","itemListElement":[{"@type":"ListItem","position":1,"name":"In\u00edcio","item":"https:\/\/unisalesiano.com.br\/aracatuba\/"},{"@type":"ListItem","position":2,"name":"Universo UniSALESIANO"}]}]}},"_links":{"self":[{"href":"https:\/\/unisalesiano.com.br\/aracatuba\/wp-json\/wp\/v2\/pages\/49052","targetHints":{"allow":["GET"]}}],"collection":[{"href":"https:\/\/unisalesiano.com.br\/aracatuba\/wp-json\/wp\/v2\/pages"}],"about":[{"href":"https:\/\/unisalesiano.com.br\/aracatuba\/wp-json\/wp\/v2\/types\/page"}],"author":[{"embeddable":true,"href":"https:\/\/unisalesiano.com.br\/aracatuba\/wp-json\/wp\/v2\/users\/18"}],"replies":[{"embeddable":true,"href":"https:\/\/unisalesiano.com.br\/aracatuba\/wp-json\/wp\/v2\/comments?post=49052"}],"version-history":[{"count":0,"href":"https:\/\/unisalesiano.com.br\/aracatuba\/wp-json\/wp\/v2\/pages\/49052\/revisions"}],"wp:attachment":[{"href":"https:\/\/unisalesiano.com.br\/aracatuba\/wp-json\/wp\/v2\/media?parent=49052"}],"curies":[{"name":"wp","href":"https:\/\/api.w.org\/{rel}","templated":true}]}}