{"id":47426,"date":"2025-07-22T09:12:19","date_gmt":"2025-07-22T12:12:19","guid":{"rendered":"https:\/\/unisalesiano.com.br\/aracatuba\/?page_id=47426"},"modified":"2025-07-22T11:53:51","modified_gmt":"2025-07-22T14:53:51","slug":"servico-social","status":"publish","type":"page","link":"https:\/\/unisalesiano.com.br\/aracatuba\/servico-social\/","title":{"rendered":"Servi\u00e7o Social"},"content":{"rendered":"<p>O Servi\u00e7o Social do UniSALESIANO tem como miss\u00e3o promover um atendimento humanizado, sigiloso e respons\u00e1vel. Atuamos na orienta\u00e7\u00e3o sobre bolsas e financiamentos, de acordo com a realidade de cada curso. Para saber mais, acesse abaixo a p\u00e1gina correspondente ao seu curso.<\/p>\n<p>&nbsp;<\/p>\n<p><a href=\"https:\/\/unisalesiano.com.br\/aracatuba\/bolsas-cursostradicionais\/\" rel=\"https:\/\/unisalesiano.com.br\/aracatuba\/bolsas-cursostradicionais\/ noopener\"><img loading=\"lazy\" decoding=\"async\" class=\"aligncenter wp-image-47430 size-full\" src=\"https:\/\/unisalesiano.com.br\/aracatuba\/wp-content\/uploads\/2025\/07\/Bolsa-Cursos-Tradicionais.jpg\" alt=\"\" width=\"2560\" height=\"568\" srcset=\"https:\/\/unisalesiano.com.br\/aracatuba\/wp-content\/uploads\/2025\/07\/Bolsa-Cursos-Tradicionais.jpg 2560w, https:\/\/unisalesiano.com.br\/aracatuba\/wp-content\/uploads\/2025\/07\/Bolsa-Cursos-Tradicionais-300x67.jpg 300w, https:\/\/unisalesiano.com.br\/aracatuba\/wp-content\/uploads\/2025\/07\/Bolsa-Cursos-Tradicionais-1024x227.jpg 1024w, https:\/\/unisalesiano.com.br\/aracatuba\/wp-content\/uploads\/2025\/07\/Bolsa-Cursos-Tradicionais-768x170.jpg 768w, https:\/\/unisalesiano.com.br\/aracatuba\/wp-content\/uploads\/2025\/07\/Bolsa-Cursos-Tradicionais-1536x341.jpg 1536w, https:\/\/unisalesiano.com.br\/aracatuba\/wp-content\/uploads\/2025\/07\/Bolsa-Cursos-Tradicionais-2048x454.jpg 2048w\" sizes=\"auto, (max-width: 2560px) 100vw, 2560px\" \/><\/a><\/p>\n<p>&nbsp;<\/p>\n<p><a href=\"https:\/\/unisalesiano.com.br\/aracatuba\/bolsas-medicina\/\"><img loading=\"lazy\" decoding=\"async\" class=\"aligncenter wp-image-47429 size-full\" src=\"https:\/\/unisalesiano.com.br\/aracatuba\/wp-content\/uploads\/2025\/07\/Bolsa-Medicina.jpg\" alt=\"\" width=\"2560\" height=\"568\" srcset=\"https:\/\/unisalesiano.com.br\/aracatuba\/wp-content\/uploads\/2025\/07\/Bolsa-Medicina.jpg 2560w, https:\/\/unisalesiano.com.br\/aracatuba\/wp-content\/uploads\/2025\/07\/Bolsa-Medicina-300x67.jpg 300w, https:\/\/unisalesiano.com.br\/aracatuba\/wp-content\/uploads\/2025\/07\/Bolsa-Medicina-1024x227.jpg 1024w, https:\/\/unisalesiano.com.br\/aracatuba\/wp-content\/uploads\/2025\/07\/Bolsa-Medicina-768x170.jpg 768w, https:\/\/unisalesiano.com.br\/aracatuba\/wp-content\/uploads\/2025\/07\/Bolsa-Medicina-1536x341.jpg 1536w, https:\/\/unisalesiano.com.br\/aracatuba\/wp-content\/uploads\/2025\/07\/Bolsa-Medicina-2048x454.jpg 2048w\" sizes=\"auto, (max-width: 2560px) 100vw, 2560px\" \/><\/a><\/p>\n","protected":false},"excerpt":{"rendered":"<p>O Servi\u00e7o Social do UniSALESIANO tem como miss\u00e3o promover um atendimento humanizado, sigiloso e respons\u00e1vel. Atuamos na orienta\u00e7\u00e3o sobre bolsas e financiamentos, de acordo com a realidade de cada curso. Para saber mais, acesse abaixo a p\u00e1gina correspondente ao seu curso. &nbsp; &nbsp;<\/p>\n","protected":false},"author":4,"featured_media":0,"parent":0,"menu_order":0,"comment_status":"closed","ping_status":"closed","template":"","meta":{"footnotes":""},"class_list":["post-47426","page","type-page","status-publish","hentry"],"yoast_head":"<!-- This site is optimized with the Yoast SEO plugin v17.4 - https:\/\/yoast.com\/wordpress\/plugins\/seo\/ -->\n<title>Servi\u00e7o Social - UniSALESIANO Ara\u00e7atuba\/SP<\/title>\n<meta name=\"robots\" content=\"index, follow, max-snippet:-1, max-image-preview:large, max-video-preview:-1\" \/>\n<link rel=\"canonical\" href=\"https:\/\/unisalesiano.com.br\/aracatuba\/servico-social\/\" \/>\n<meta property=\"og:locale\" content=\"pt_BR\" \/>\n<meta property=\"og:type\" content=\"article\" \/>\n<meta property=\"og:title\" content=\"Servi\u00e7o Social - UniSALESIANO Ara\u00e7atuba\/SP\" \/>\n<meta property=\"og:description\" content=\"O Servi\u00e7o Social do UniSALESIANO tem como miss\u00e3o promover um atendimento humanizado, sigiloso e respons\u00e1vel. Atuamos na orienta\u00e7\u00e3o sobre bolsas e financiamentos, de acordo com a realidade de cada curso. Para saber mais, acesse abaixo a p\u00e1gina correspondente ao seu curso. &nbsp; &nbsp;\" \/>\n<meta property=\"og:url\" content=\"https:\/\/unisalesiano.com.br\/aracatuba\/servico-social\/\" \/>\n<meta property=\"og:site_name\" content=\"UniSALESIANO Ara\u00e7atuba\/SP\" \/>\n<meta property=\"article:modified_time\" content=\"2025-07-22T14:53:51+00:00\" \/>\n<meta property=\"og:image\" content=\"https:\/\/unisalesiano.com.br\/aracatuba\/wp-content\/uploads\/2025\/07\/Bolsa-Cursos-Tradicionais.jpg\" \/>\n<meta name=\"twitter:card\" content=\"summary_large_image\" \/>\n<script type=\"application\/ld+json\" class=\"yoast-schema-graph\">{\"@context\":\"https:\/\/schema.org\",\"@graph\":[{\"@type\":\"WebSite\",\"@id\":\"https:\/\/unisalesiano.com.br\/aracatuba\/#website\",\"url\":\"https:\/\/unisalesiano.com.br\/aracatuba\/\",\"name\":\"UniSALESIANO Ara\\u00e7atuba\/SP\",\"description\":\"Centro Universit\\u00e1rio Cat\\u00f3lico Salesiano Auxilium\",\"potentialAction\":[{\"@type\":\"SearchAction\",\"target\":{\"@type\":\"EntryPoint\",\"urlTemplate\":\"https:\/\/unisalesiano.com.br\/aracatuba\/?s={search_term_string}\"},\"query-input\":\"required name=search_term_string\"}],\"inLanguage\":\"pt-BR\"},{\"@type\":\"ImageObject\",\"@id\":\"https:\/\/unisalesiano.com.br\/aracatuba\/servico-social\/#primaryimage\",\"inLanguage\":\"pt-BR\",\"url\":\"https:\/\/unisalesiano.com.br\/aracatuba\/wp-content\/uploads\/2025\/07\/Bolsa-Cursos-Tradicionais.jpg\",\"contentUrl\":\"https:\/\/unisalesiano.com.br\/aracatuba\/wp-content\/uploads\/2025\/07\/Bolsa-Cursos-Tradicionais.jpg\",\"width\":2560,\"height\":568},{\"@type\":\"WebPage\",\"@id\":\"https:\/\/unisalesiano.com.br\/aracatuba\/servico-social\/#webpage\",\"url\":\"https:\/\/unisalesiano.com.br\/aracatuba\/servico-social\/\",\"name\":\"Servi\\u00e7o Social - UniSALESIANO Ara\\u00e7atuba\/SP\",\"isPartOf\":{\"@id\":\"https:\/\/unisalesiano.com.br\/aracatuba\/#website\"},\"primaryImageOfPage\":{\"@id\":\"https:\/\/unisalesiano.com.br\/aracatuba\/servico-social\/#primaryimage\"},\"datePublished\":\"2025-07-22T12:12:19+00:00\",\"dateModified\":\"2025-07-22T14:53:51+00:00\",\"breadcrumb\":{\"@id\":\"https:\/\/unisalesiano.com.br\/aracatuba\/servico-social\/#breadcrumb\"},\"inLanguage\":\"pt-BR\",\"potentialAction\":[{\"@type\":\"ReadAction\",\"target\":[\"https:\/\/unisalesiano.com.br\/aracatuba\/servico-social\/\"]}]},{\"@type\":\"BreadcrumbList\",\"@id\":\"https:\/\/unisalesiano.com.br\/aracatuba\/servico-social\/#breadcrumb\",\"itemListElement\":[{\"@type\":\"ListItem\",\"position\":1,\"name\":\"In\\u00edcio\",\"item\":\"https:\/\/unisalesiano.com.br\/aracatuba\/\"},{\"@type\":\"ListItem\",\"position\":2,\"name\":\"Servi\\u00e7o Social\"}]}]}<\/script>\n<!-- \/ Yoast SEO plugin. -->","yoast_head_json":{"title":"Servi\u00e7o Social - UniSALESIANO Ara\u00e7atuba\/SP","robots":{"index":"index","follow":"follow","max-snippet":"max-snippet:-1","max-image-preview":"max-image-preview:large","max-video-preview":"max-video-preview:-1"},"canonical":"https:\/\/unisalesiano.com.br\/aracatuba\/servico-social\/","og_locale":"pt_BR","og_type":"article","og_title":"Servi\u00e7o Social - UniSALESIANO Ara\u00e7atuba\/SP","og_description":"O Servi\u00e7o Social do UniSALESIANO tem como miss\u00e3o promover um atendimento humanizado, sigiloso e respons\u00e1vel. Atuamos na orienta\u00e7\u00e3o sobre bolsas e financiamentos, de acordo com a realidade de cada curso. Para saber mais, acesse abaixo a p\u00e1gina correspondente ao seu curso. &nbsp; &nbsp;","og_url":"https:\/\/unisalesiano.com.br\/aracatuba\/servico-social\/","og_site_name":"UniSALESIANO Ara\u00e7atuba\/SP","article_modified_time":"2025-07-22T14:53:51+00:00","og_image":[{"url":"https:\/\/unisalesiano.com.br\/aracatuba\/wp-content\/uploads\/2025\/07\/Bolsa-Cursos-Tradicionais.jpg"}],"twitter_card":"summary_large_image","schema":{"@context":"https:\/\/schema.org","@graph":[{"@type":"WebSite","@id":"https:\/\/unisalesiano.com.br\/aracatuba\/#website","url":"https:\/\/unisalesiano.com.br\/aracatuba\/","name":"UniSALESIANO Ara\u00e7atuba\/SP","description":"Centro Universit\u00e1rio Cat\u00f3lico Salesiano Auxilium","potentialAction":[{"@type":"SearchAction","target":{"@type":"EntryPoint","urlTemplate":"https:\/\/unisalesiano.com.br\/aracatuba\/?s={search_term_string}"},"query-input":"required name=search_term_string"}],"inLanguage":"pt-BR"},{"@type":"ImageObject","@id":"https:\/\/unisalesiano.com.br\/aracatuba\/servico-social\/#primaryimage","inLanguage":"pt-BR","url":"https:\/\/unisalesiano.com.br\/aracatuba\/wp-content\/uploads\/2025\/07\/Bolsa-Cursos-Tradicionais.jpg","contentUrl":"https:\/\/unisalesiano.com.br\/aracatuba\/wp-content\/uploads\/2025\/07\/Bolsa-Cursos-Tradicionais.jpg","width":2560,"height":568},{"@type":"WebPage","@id":"https:\/\/unisalesiano.com.br\/aracatuba\/servico-social\/#webpage","url":"https:\/\/unisalesiano.com.br\/aracatuba\/servico-social\/","name":"Servi\u00e7o Social - UniSALESIANO Ara\u00e7atuba\/SP","isPartOf":{"@id":"https:\/\/unisalesiano.com.br\/aracatuba\/#website"},"primaryImageOfPage":{"@id":"https:\/\/unisalesiano.com.br\/aracatuba\/servico-social\/#primaryimage"},"datePublished":"2025-07-22T12:12:19+00:00","dateModified":"2025-07-22T14:53:51+00:00","breadcrumb":{"@id":"https:\/\/unisalesiano.com.br\/aracatuba\/servico-social\/#breadcrumb"},"inLanguage":"pt-BR","potentialAction":[{"@type":"ReadAction","target":["https:\/\/unisalesiano.com.br\/aracatuba\/servico-social\/"]}]},{"@type":"BreadcrumbList","@id":"https:\/\/unisalesiano.com.br\/aracatuba\/servico-social\/#breadcrumb","itemListElement":[{"@type":"ListItem","position":1,"name":"In\u00edcio","item":"https:\/\/unisalesiano.com.br\/aracatuba\/"},{"@type":"ListItem","position":2,"name":"Servi\u00e7o Social"}]}]}},"_links":{"self":[{"href":"https:\/\/unisalesiano.com.br\/aracatuba\/wp-json\/wp\/v2\/pages\/47426","targetHints":{"allow":["GET"]}}],"collection":[{"href":"https:\/\/unisalesiano.com.br\/aracatuba\/wp-json\/wp\/v2\/pages"}],"about":[{"href":"https:\/\/unisalesiano.com.br\/aracatuba\/wp-json\/wp\/v2\/types\/page"}],"author":[{"embeddable":true,"href":"https:\/\/unisalesiano.com.br\/aracatuba\/wp-json\/wp\/v2\/users\/4"}],"replies":[{"embeddable":true,"href":"https:\/\/unisalesiano.com.br\/aracatuba\/wp-json\/wp\/v2\/comments?post=47426"}],"version-history":[{"count":0,"href":"https:\/\/unisalesiano.com.br\/aracatuba\/wp-json\/wp\/v2\/pages\/47426\/revisions"}],"wp:attachment":[{"href":"https:\/\/unisalesiano.com.br\/aracatuba\/wp-json\/wp\/v2\/media?parent=47426"}],"curies":[{"name":"wp","href":"https:\/\/api.w.org\/{rel}","templated":true}]}}