{"id":47425,"date":"2025-07-21T17:18:32","date_gmt":"2025-07-21T20:18:32","guid":{"rendered":"https:\/\/unisalesiano.com.br\/aracatuba\/?page_id=47425"},"modified":"2025-07-22T11:53:53","modified_gmt":"2025-07-22T14:53:53","slug":"bolsas-medicina","status":"publish","type":"page","link":"https:\/\/unisalesiano.com.br\/aracatuba\/bolsas-medicina\/","title":{"rendered":"Bolsas e Financiamentos"},"content":{"rendered":"<h3><strong><img loading=\"lazy\" decoding=\"async\" class=\"aligncenter wp-image-47435 size-full\" src=\"https:\/\/unisalesiano.com.br\/aracatuba\/wp-content\/uploads\/2025\/07\/Bolsa-Medicina_.jpg\" alt=\"\" width=\"2560\" height=\"568\" srcset=\"https:\/\/unisalesiano.com.br\/aracatuba\/wp-content\/uploads\/2025\/07\/Bolsa-Medicina_.jpg 2560w, https:\/\/unisalesiano.com.br\/aracatuba\/wp-content\/uploads\/2025\/07\/Bolsa-Medicina_-300x67.jpg 300w, https:\/\/unisalesiano.com.br\/aracatuba\/wp-content\/uploads\/2025\/07\/Bolsa-Medicina_-1024x227.jpg 1024w, https:\/\/unisalesiano.com.br\/aracatuba\/wp-content\/uploads\/2025\/07\/Bolsa-Medicina_-768x170.jpg 768w, https:\/\/unisalesiano.com.br\/aracatuba\/wp-content\/uploads\/2025\/07\/Bolsa-Medicina_-1536x341.jpg 1536w, https:\/\/unisalesiano.com.br\/aracatuba\/wp-content\/uploads\/2025\/07\/Bolsa-Medicina_-2048x454.jpg 2048w\" sizes=\"auto, (max-width: 2560px) 100vw, 2560px\" \/><\/strong><\/h3>\n<h3><strong>FIES\u00a0<\/strong><\/h3>\n<p><strong><a href=\"http:\/\/acessounico.mec.gov.br\/fies\">Acesse ao Site do FIES<\/a><\/strong><\/p>\n<p>O\u00a0<b>FIES<\/b>\u00a0\u00e9 o Financiamento Estudantil operacionalizado pelas ag\u00eancias da Caixa Econ\u00f4mica Federal o qual o candidato financia os estudos e paga depois que se formar, o percentual do financiamento \u00e9 de acordo com o comprometimento da renda familiar com os estudos (o pr\u00f3prio sistema do FIES determina isso), para ter acesso \u00e9 preciso ter feito o ENEM a partir de 2010 obter nota igual ou maior a 450 pontos na m\u00e9dia e n\u00e3o zerar na reda\u00e7\u00e3o e se inscrever no processo atrav\u00e9s do (<u><a href=\"http:\/\/acessounico.mec.gov.br\/fies\" target=\"_blank\" rel=\"noopener\" data-saferedirecturl=\"https:\/\/www.google.com\/url?q=http:\/\/acessounico.mec.gov.br\/fies&amp;source=gmail&amp;ust=1677860262437000&amp;usg=AOvVaw2AL3fTK0Cvoex3dybxNsOc\">acessounico.mec.gov.br\/fies<\/a><\/u>).<wbr \/><\/p>\n<p>&nbsp;<\/p>\n<h3><strong>ProUni<\/strong><\/h3>\n<p><strong><a href=\"http:\/\/acessounico.mec.gov.br\/prouni\">Acesse ao Site do ProUni<\/a><\/strong><\/p>\n<p>O\u00a0<b>PROUNI<\/b>\u00a0\u00e9 o Programa Universidade para Todos, o qual concede bolsas integrais para candidatos que tenham estudado\u00a0em escolas p\u00fablicas ou em escolas privadas, que tenham feito o \u00faltimo ENEM e obtido nota igual ou maior a 450 pontos na m\u00e9dia e n\u00e3o zerar na reda\u00e7\u00e3o. O candidato tem a necessidade de apresentar renda per capita de no m\u00e1ximo 1 sal\u00e1rio m\u00ednimo e meio bruta para bolsas de 100% e 3 sal\u00e1rios m\u00ednimos brutos para bolsas de 50%, comprovada via documenta\u00e7\u00e3o. Esse programa o pr\u00f3prio candidato precisa manifestar interesse por meio do (<u><a href=\"http:\/\/acessounico.mec.gov.br\/prouni\" target=\"_blank\" rel=\"noopener\" data-saferedirecturl=\"https:\/\/www.google.com\/url?q=http:\/\/acessounico.mec.gov.br\/prouni&amp;source=gmail&amp;ust=1677860262437000&amp;usg=AOvVaw3lb3qTDRwAXi-JPJ53KOpG\">acessounico.mec.gov.br\/prouni<\/a><\/u><wbr \/>).<\/p>\n<p>&nbsp;<\/p>\n","protected":false},"excerpt":{"rendered":"<p>FIES\u00a0 Acesse ao Site do FIES O\u00a0FIES\u00a0\u00e9 o Financiamento Estudantil operacionalizado pelas ag\u00eancias da Caixa Econ\u00f4mica Federal o qual o candidato financia os estudos e paga depois que se formar, o percentual do financiamento \u00e9 de acordo com o comprometimento da renda familiar com os estudos (o pr\u00f3prio sistema do FIES determina isso), para ter [&hellip;]<\/p>\n","protected":false},"author":4,"featured_media":0,"parent":0,"menu_order":0,"comment_status":"closed","ping_status":"closed","template":"","meta":{"footnotes":""},"class_list":["post-47425","page","type-page","status-publish","hentry"],"yoast_head":"<!-- This site is optimized with the Yoast SEO plugin v17.4 - https:\/\/yoast.com\/wordpress\/plugins\/seo\/ -->\n<title>Bolsas e Financiamentos - UniSALESIANO Ara\u00e7atuba\/SP<\/title>\n<meta name=\"robots\" content=\"index, follow, max-snippet:-1, max-image-preview:large, max-video-preview:-1\" \/>\n<link rel=\"canonical\" href=\"https:\/\/unisalesiano.com.br\/aracatuba\/bolsas-medicina\/\" \/>\n<meta property=\"og:locale\" content=\"pt_BR\" \/>\n<meta property=\"og:type\" content=\"article\" \/>\n<meta property=\"og:title\" content=\"Bolsas e Financiamentos - UniSALESIANO Ara\u00e7atuba\/SP\" \/>\n<meta property=\"og:description\" content=\"FIES\u00a0 Acesse ao Site do FIES O\u00a0FIES\u00a0\u00e9 o Financiamento Estudantil operacionalizado pelas ag\u00eancias da Caixa Econ\u00f4mica Federal o qual o candidato financia os estudos e paga depois que se formar, o percentual do financiamento \u00e9 de acordo com o comprometimento da renda familiar com os estudos (o pr\u00f3prio sistema do FIES determina isso), para ter [&hellip;]\" \/>\n<meta property=\"og:url\" content=\"https:\/\/unisalesiano.com.br\/aracatuba\/bolsas-medicina\/\" \/>\n<meta property=\"og:site_name\" content=\"UniSALESIANO Ara\u00e7atuba\/SP\" \/>\n<meta property=\"article:modified_time\" content=\"2025-07-22T14:53:53+00:00\" \/>\n<meta property=\"og:image\" content=\"https:\/\/unisalesiano.com.br\/aracatuba\/wp-content\/uploads\/2025\/07\/Bolsa-Medicina_.jpg\" \/>\n<meta name=\"twitter:card\" content=\"summary_large_image\" \/>\n<meta name=\"twitter:label1\" content=\"Est. tempo de leitura\" \/>\n\t<meta name=\"twitter:data1\" content=\"1 minuto\" \/>\n<script type=\"application\/ld+json\" class=\"yoast-schema-graph\">{\"@context\":\"https:\/\/schema.org\",\"@graph\":[{\"@type\":\"WebSite\",\"@id\":\"https:\/\/unisalesiano.com.br\/aracatuba\/#website\",\"url\":\"https:\/\/unisalesiano.com.br\/aracatuba\/\",\"name\":\"UniSALESIANO Ara\\u00e7atuba\/SP\",\"description\":\"Centro Universit\\u00e1rio Cat\\u00f3lico Salesiano Auxilium\",\"potentialAction\":[{\"@type\":\"SearchAction\",\"target\":{\"@type\":\"EntryPoint\",\"urlTemplate\":\"https:\/\/unisalesiano.com.br\/aracatuba\/?s={search_term_string}\"},\"query-input\":\"required name=search_term_string\"}],\"inLanguage\":\"pt-BR\"},{\"@type\":\"ImageObject\",\"@id\":\"https:\/\/unisalesiano.com.br\/aracatuba\/bolsas-medicina\/#primaryimage\",\"inLanguage\":\"pt-BR\",\"url\":\"https:\/\/unisalesiano.com.br\/aracatuba\/wp-content\/uploads\/2025\/07\/Bolsa-Medicina_.jpg\",\"contentUrl\":\"https:\/\/unisalesiano.com.br\/aracatuba\/wp-content\/uploads\/2025\/07\/Bolsa-Medicina_.jpg\",\"width\":2560,\"height\":568},{\"@type\":\"WebPage\",\"@id\":\"https:\/\/unisalesiano.com.br\/aracatuba\/bolsas-medicina\/#webpage\",\"url\":\"https:\/\/unisalesiano.com.br\/aracatuba\/bolsas-medicina\/\",\"name\":\"Bolsas e Financiamentos - UniSALESIANO Ara\\u00e7atuba\/SP\",\"isPartOf\":{\"@id\":\"https:\/\/unisalesiano.com.br\/aracatuba\/#website\"},\"primaryImageOfPage\":{\"@id\":\"https:\/\/unisalesiano.com.br\/aracatuba\/bolsas-medicina\/#primaryimage\"},\"datePublished\":\"2025-07-21T20:18:32+00:00\",\"dateModified\":\"2025-07-22T14:53:53+00:00\",\"breadcrumb\":{\"@id\":\"https:\/\/unisalesiano.com.br\/aracatuba\/bolsas-medicina\/#breadcrumb\"},\"inLanguage\":\"pt-BR\",\"potentialAction\":[{\"@type\":\"ReadAction\",\"target\":[\"https:\/\/unisalesiano.com.br\/aracatuba\/bolsas-medicina\/\"]}]},{\"@type\":\"BreadcrumbList\",\"@id\":\"https:\/\/unisalesiano.com.br\/aracatuba\/bolsas-medicina\/#breadcrumb\",\"itemListElement\":[{\"@type\":\"ListItem\",\"position\":1,\"name\":\"In\\u00edcio\",\"item\":\"https:\/\/unisalesiano.com.br\/aracatuba\/\"},{\"@type\":\"ListItem\",\"position\":2,\"name\":\"Bolsas e Financiamentos\"}]}]}<\/script>\n<!-- \/ Yoast SEO plugin. -->","yoast_head_json":{"title":"Bolsas e Financiamentos - UniSALESIANO Ara\u00e7atuba\/SP","robots":{"index":"index","follow":"follow","max-snippet":"max-snippet:-1","max-image-preview":"max-image-preview:large","max-video-preview":"max-video-preview:-1"},"canonical":"https:\/\/unisalesiano.com.br\/aracatuba\/bolsas-medicina\/","og_locale":"pt_BR","og_type":"article","og_title":"Bolsas e Financiamentos - UniSALESIANO Ara\u00e7atuba\/SP","og_description":"FIES\u00a0 Acesse ao Site do FIES O\u00a0FIES\u00a0\u00e9 o Financiamento Estudantil operacionalizado pelas ag\u00eancias da Caixa Econ\u00f4mica Federal o qual o candidato financia os estudos e paga depois que se formar, o percentual do financiamento \u00e9 de acordo com o comprometimento da renda familiar com os estudos (o pr\u00f3prio sistema do FIES determina isso), para ter [&hellip;]","og_url":"https:\/\/unisalesiano.com.br\/aracatuba\/bolsas-medicina\/","og_site_name":"UniSALESIANO Ara\u00e7atuba\/SP","article_modified_time":"2025-07-22T14:53:53+00:00","og_image":[{"url":"https:\/\/unisalesiano.com.br\/aracatuba\/wp-content\/uploads\/2025\/07\/Bolsa-Medicina_.jpg"}],"twitter_card":"summary_large_image","twitter_misc":{"Est. tempo de leitura":"1 minuto"},"schema":{"@context":"https:\/\/schema.org","@graph":[{"@type":"WebSite","@id":"https:\/\/unisalesiano.com.br\/aracatuba\/#website","url":"https:\/\/unisalesiano.com.br\/aracatuba\/","name":"UniSALESIANO Ara\u00e7atuba\/SP","description":"Centro Universit\u00e1rio Cat\u00f3lico Salesiano Auxilium","potentialAction":[{"@type":"SearchAction","target":{"@type":"EntryPoint","urlTemplate":"https:\/\/unisalesiano.com.br\/aracatuba\/?s={search_term_string}"},"query-input":"required name=search_term_string"}],"inLanguage":"pt-BR"},{"@type":"ImageObject","@id":"https:\/\/unisalesiano.com.br\/aracatuba\/bolsas-medicina\/#primaryimage","inLanguage":"pt-BR","url":"https:\/\/unisalesiano.com.br\/aracatuba\/wp-content\/uploads\/2025\/07\/Bolsa-Medicina_.jpg","contentUrl":"https:\/\/unisalesiano.com.br\/aracatuba\/wp-content\/uploads\/2025\/07\/Bolsa-Medicina_.jpg","width":2560,"height":568},{"@type":"WebPage","@id":"https:\/\/unisalesiano.com.br\/aracatuba\/bolsas-medicina\/#webpage","url":"https:\/\/unisalesiano.com.br\/aracatuba\/bolsas-medicina\/","name":"Bolsas e Financiamentos - UniSALESIANO Ara\u00e7atuba\/SP","isPartOf":{"@id":"https:\/\/unisalesiano.com.br\/aracatuba\/#website"},"primaryImageOfPage":{"@id":"https:\/\/unisalesiano.com.br\/aracatuba\/bolsas-medicina\/#primaryimage"},"datePublished":"2025-07-21T20:18:32+00:00","dateModified":"2025-07-22T14:53:53+00:00","breadcrumb":{"@id":"https:\/\/unisalesiano.com.br\/aracatuba\/bolsas-medicina\/#breadcrumb"},"inLanguage":"pt-BR","potentialAction":[{"@type":"ReadAction","target":["https:\/\/unisalesiano.com.br\/aracatuba\/bolsas-medicina\/"]}]},{"@type":"BreadcrumbList","@id":"https:\/\/unisalesiano.com.br\/aracatuba\/bolsas-medicina\/#breadcrumb","itemListElement":[{"@type":"ListItem","position":1,"name":"In\u00edcio","item":"https:\/\/unisalesiano.com.br\/aracatuba\/"},{"@type":"ListItem","position":2,"name":"Bolsas e Financiamentos"}]}]}},"_links":{"self":[{"href":"https:\/\/unisalesiano.com.br\/aracatuba\/wp-json\/wp\/v2\/pages\/47425","targetHints":{"allow":["GET"]}}],"collection":[{"href":"https:\/\/unisalesiano.com.br\/aracatuba\/wp-json\/wp\/v2\/pages"}],"about":[{"href":"https:\/\/unisalesiano.com.br\/aracatuba\/wp-json\/wp\/v2\/types\/page"}],"author":[{"embeddable":true,"href":"https:\/\/unisalesiano.com.br\/aracatuba\/wp-json\/wp\/v2\/users\/4"}],"replies":[{"embeddable":true,"href":"https:\/\/unisalesiano.com.br\/aracatuba\/wp-json\/wp\/v2\/comments?post=47425"}],"version-history":[{"count":0,"href":"https:\/\/unisalesiano.com.br\/aracatuba\/wp-json\/wp\/v2\/pages\/47425\/revisions"}],"wp:attachment":[{"href":"https:\/\/unisalesiano.com.br\/aracatuba\/wp-json\/wp\/v2\/media?parent=47425"}],"curies":[{"name":"wp","href":"https:\/\/api.w.org\/{rel}","templated":true}]}}