{"id":43500,"date":"2024-09-05T13:15:02","date_gmt":"2024-09-05T16:15:02","guid":{"rendered":"https:\/\/unisalesiano.com.br\/aracatuba\/?page_id=43500"},"modified":"2026-03-30T15:11:34","modified_gmt":"2026-03-30T18:11:34","slug":"transparencia-salarial","status":"publish","type":"page","link":"https:\/\/unisalesiano.com.br\/aracatuba\/transparencia-salarial\/","title":{"rendered":"Relat\u00f3rio de Transpar\u00eancia Salarial"},"content":{"rendered":"<div>\n<div>\n<p>Em atendimento ao que determina a Portaria MTE n.o. 3.714 de 2023 e Decreto Federal no 11.795 de 2023, que regulamentaram as obriga\u00e7\u00f5es oriundas da Lei de\u00a0Igualdade\u00a0Salarial\u00a0(Lei n.o 14.611 de 2023), fizemos abaixo a publica\u00e7\u00e3o do relat\u00f3rio de\u00a0igualdade\u00a0salarial\u00a0e crit\u00e9rio remunerat\u00f3rio entre homens e mulheres.<\/p>\n<p>&nbsp;<\/p>\n<p>Importante ressaltar que a MSMT \u2013 UNISALESIANO ARA\u00c7ATUBA, preza pela\u00a0igualdade\u00a0e reafirma o seu comprometimento com o tratamento ison\u00f4mico entre mulheres e homens e com a cria\u00e7\u00e3o de oportunidades iguais a todas as suas empregadas e empregados, independente de g\u00eanero ou outra caracter\u00edstica pessoal.<\/p>\n<\/div>\n<div><b><br \/>\n<a href=\"https:\/\/unisalesiano.com.br\/aracatuba\/wp-content\/uploads\/2025\/10\/RelatorioIgualdadeSalarialLote_2025_2_3226149001315.pdf\">Clique aqui e acesse o relat\u00f3rio<\/a>\u00a0<\/b><\/div>\n<\/div>\n","protected":false},"excerpt":{"rendered":"<p>Em atendimento ao que determina a Portaria MTE n.o. 3.714 de 2023 e Decreto Federal no 11.795 de 2023, que regulamentaram as obriga\u00e7\u00f5es oriundas da Lei de\u00a0Igualdade\u00a0Salarial\u00a0(Lei n.o 14.611 de 2023), fizemos abaixo a publica\u00e7\u00e3o do relat\u00f3rio de\u00a0igualdade\u00a0salarial\u00a0e crit\u00e9rio remunerat\u00f3rio entre homens e mulheres. &nbsp; Importante ressaltar que a MSMT \u2013 UNISALESIANO ARA\u00c7ATUBA, preza pela\u00a0igualdade\u00a0e [&hellip;]<\/p>\n","protected":false},"author":4,"featured_media":0,"parent":0,"menu_order":0,"comment_status":"closed","ping_status":"closed","template":"","meta":{"footnotes":""},"class_list":["post-43500","page","type-page","status-publish","hentry"],"yoast_head":"<!-- This site is optimized with the Yoast SEO plugin v17.4 - https:\/\/yoast.com\/wordpress\/plugins\/seo\/ -->\n<title>Relat\u00f3rio de Transpar\u00eancia Salarial - UniSALESIANO Ara\u00e7atuba\/SP<\/title>\n<meta name=\"robots\" content=\"index, follow, max-snippet:-1, max-image-preview:large, max-video-preview:-1\" \/>\n<link rel=\"canonical\" href=\"https:\/\/unisalesiano.com.br\/aracatuba\/transparencia-salarial\/\" \/>\n<meta property=\"og:locale\" content=\"pt_BR\" \/>\n<meta property=\"og:type\" content=\"article\" \/>\n<meta property=\"og:title\" content=\"Relat\u00f3rio de Transpar\u00eancia Salarial - UniSALESIANO Ara\u00e7atuba\/SP\" \/>\n<meta property=\"og:description\" content=\"Em atendimento ao que determina a Portaria MTE n.o. 3.714 de 2023 e Decreto Federal no 11.795 de 2023, que regulamentaram as obriga\u00e7\u00f5es oriundas da Lei de\u00a0Igualdade\u00a0Salarial\u00a0(Lei n.o 14.611 de 2023), fizemos abaixo a publica\u00e7\u00e3o do relat\u00f3rio de\u00a0igualdade\u00a0salarial\u00a0e crit\u00e9rio remunerat\u00f3rio entre homens e mulheres. &nbsp; Importante ressaltar que a MSMT \u2013 UNISALESIANO ARA\u00c7ATUBA, preza pela\u00a0igualdade\u00a0e [&hellip;]\" \/>\n<meta property=\"og:url\" content=\"https:\/\/unisalesiano.com.br\/aracatuba\/transparencia-salarial\/\" \/>\n<meta property=\"og:site_name\" content=\"UniSALESIANO Ara\u00e7atuba\/SP\" \/>\n<meta property=\"article:modified_time\" content=\"2026-03-30T18:11:34+00:00\" \/>\n<meta name=\"twitter:card\" content=\"summary_large_image\" \/>\n<meta name=\"twitter:label1\" content=\"Est. tempo de leitura\" \/>\n\t<meta name=\"twitter:data1\" content=\"1 minuto\" \/>\n<script type=\"application\/ld+json\" class=\"yoast-schema-graph\">{\"@context\":\"https:\/\/schema.org\",\"@graph\":[{\"@type\":\"WebSite\",\"@id\":\"https:\/\/unisalesiano.com.br\/aracatuba\/#website\",\"url\":\"https:\/\/unisalesiano.com.br\/aracatuba\/\",\"name\":\"UniSALESIANO Ara\\u00e7atuba\/SP\",\"description\":\"Centro Universit\\u00e1rio Cat\\u00f3lico Salesiano Auxilium\",\"potentialAction\":[{\"@type\":\"SearchAction\",\"target\":{\"@type\":\"EntryPoint\",\"urlTemplate\":\"https:\/\/unisalesiano.com.br\/aracatuba\/?s={search_term_string}\"},\"query-input\":\"required name=search_term_string\"}],\"inLanguage\":\"pt-BR\"},{\"@type\":\"WebPage\",\"@id\":\"https:\/\/unisalesiano.com.br\/aracatuba\/transparencia-salarial\/#webpage\",\"url\":\"https:\/\/unisalesiano.com.br\/aracatuba\/transparencia-salarial\/\",\"name\":\"Relat\\u00f3rio de Transpar\\u00eancia Salarial - UniSALESIANO Ara\\u00e7atuba\/SP\",\"isPartOf\":{\"@id\":\"https:\/\/unisalesiano.com.br\/aracatuba\/#website\"},\"datePublished\":\"2024-09-05T16:15:02+00:00\",\"dateModified\":\"2026-03-30T18:11:34+00:00\",\"breadcrumb\":{\"@id\":\"https:\/\/unisalesiano.com.br\/aracatuba\/transparencia-salarial\/#breadcrumb\"},\"inLanguage\":\"pt-BR\",\"potentialAction\":[{\"@type\":\"ReadAction\",\"target\":[\"https:\/\/unisalesiano.com.br\/aracatuba\/transparencia-salarial\/\"]}]},{\"@type\":\"BreadcrumbList\",\"@id\":\"https:\/\/unisalesiano.com.br\/aracatuba\/transparencia-salarial\/#breadcrumb\",\"itemListElement\":[{\"@type\":\"ListItem\",\"position\":1,\"name\":\"In\\u00edcio\",\"item\":\"https:\/\/unisalesiano.com.br\/aracatuba\/\"},{\"@type\":\"ListItem\",\"position\":2,\"name\":\"Relat\\u00f3rio de Transpar\\u00eancia Salarial\"}]}]}<\/script>\n<!-- \/ Yoast SEO plugin. -->","yoast_head_json":{"title":"Relat\u00f3rio de Transpar\u00eancia Salarial - UniSALESIANO Ara\u00e7atuba\/SP","robots":{"index":"index","follow":"follow","max-snippet":"max-snippet:-1","max-image-preview":"max-image-preview:large","max-video-preview":"max-video-preview:-1"},"canonical":"https:\/\/unisalesiano.com.br\/aracatuba\/transparencia-salarial\/","og_locale":"pt_BR","og_type":"article","og_title":"Relat\u00f3rio de Transpar\u00eancia Salarial - UniSALESIANO Ara\u00e7atuba\/SP","og_description":"Em atendimento ao que determina a Portaria MTE n.o. 3.714 de 2023 e Decreto Federal no 11.795 de 2023, que regulamentaram as obriga\u00e7\u00f5es oriundas da Lei de\u00a0Igualdade\u00a0Salarial\u00a0(Lei n.o 14.611 de 2023), fizemos abaixo a publica\u00e7\u00e3o do relat\u00f3rio de\u00a0igualdade\u00a0salarial\u00a0e crit\u00e9rio remunerat\u00f3rio entre homens e mulheres. &nbsp; Importante ressaltar que a MSMT \u2013 UNISALESIANO ARA\u00c7ATUBA, preza pela\u00a0igualdade\u00a0e [&hellip;]","og_url":"https:\/\/unisalesiano.com.br\/aracatuba\/transparencia-salarial\/","og_site_name":"UniSALESIANO Ara\u00e7atuba\/SP","article_modified_time":"2026-03-30T18:11:34+00:00","twitter_card":"summary_large_image","twitter_misc":{"Est. tempo de leitura":"1 minuto"},"schema":{"@context":"https:\/\/schema.org","@graph":[{"@type":"WebSite","@id":"https:\/\/unisalesiano.com.br\/aracatuba\/#website","url":"https:\/\/unisalesiano.com.br\/aracatuba\/","name":"UniSALESIANO Ara\u00e7atuba\/SP","description":"Centro Universit\u00e1rio Cat\u00f3lico Salesiano Auxilium","potentialAction":[{"@type":"SearchAction","target":{"@type":"EntryPoint","urlTemplate":"https:\/\/unisalesiano.com.br\/aracatuba\/?s={search_term_string}"},"query-input":"required name=search_term_string"}],"inLanguage":"pt-BR"},{"@type":"WebPage","@id":"https:\/\/unisalesiano.com.br\/aracatuba\/transparencia-salarial\/#webpage","url":"https:\/\/unisalesiano.com.br\/aracatuba\/transparencia-salarial\/","name":"Relat\u00f3rio de Transpar\u00eancia Salarial - UniSALESIANO Ara\u00e7atuba\/SP","isPartOf":{"@id":"https:\/\/unisalesiano.com.br\/aracatuba\/#website"},"datePublished":"2024-09-05T16:15:02+00:00","dateModified":"2026-03-30T18:11:34+00:00","breadcrumb":{"@id":"https:\/\/unisalesiano.com.br\/aracatuba\/transparencia-salarial\/#breadcrumb"},"inLanguage":"pt-BR","potentialAction":[{"@type":"ReadAction","target":["https:\/\/unisalesiano.com.br\/aracatuba\/transparencia-salarial\/"]}]},{"@type":"BreadcrumbList","@id":"https:\/\/unisalesiano.com.br\/aracatuba\/transparencia-salarial\/#breadcrumb","itemListElement":[{"@type":"ListItem","position":1,"name":"In\u00edcio","item":"https:\/\/unisalesiano.com.br\/aracatuba\/"},{"@type":"ListItem","position":2,"name":"Relat\u00f3rio de Transpar\u00eancia Salarial"}]}]}},"_links":{"self":[{"href":"https:\/\/unisalesiano.com.br\/aracatuba\/wp-json\/wp\/v2\/pages\/43500","targetHints":{"allow":["GET"]}}],"collection":[{"href":"https:\/\/unisalesiano.com.br\/aracatuba\/wp-json\/wp\/v2\/pages"}],"about":[{"href":"https:\/\/unisalesiano.com.br\/aracatuba\/wp-json\/wp\/v2\/types\/page"}],"author":[{"embeddable":true,"href":"https:\/\/unisalesiano.com.br\/aracatuba\/wp-json\/wp\/v2\/users\/4"}],"replies":[{"embeddable":true,"href":"https:\/\/unisalesiano.com.br\/aracatuba\/wp-json\/wp\/v2\/comments?post=43500"}],"version-history":[{"count":0,"href":"https:\/\/unisalesiano.com.br\/aracatuba\/wp-json\/wp\/v2\/pages\/43500\/revisions"}],"wp:attachment":[{"href":"https:\/\/unisalesiano.com.br\/aracatuba\/wp-json\/wp\/v2\/media?parent=43500"}],"curies":[{"name":"wp","href":"https:\/\/api.w.org\/{rel}","templated":true}]}}