{"id":41415,"date":"2024-04-01T10:06:09","date_gmt":"2024-04-01T13:06:09","guid":{"rendered":"https:\/\/unisalesiano.com.br\/aracatuba\/?page_id=41415"},"modified":"2024-04-01T11:42:39","modified_gmt":"2024-04-01T14:42:39","slug":"podcast-medicina","status":"publish","type":"page","link":"https:\/\/unisalesiano.com.br\/aracatuba\/podcast-medicina\/","title":{"rendered":"Podcast &#8211; Medicina"},"content":{"rendered":"<p><center><br \/>\n<iframe loading=\"lazy\" title=\"MAR\u00c7O LIL\u00c1S\" width=\"500\" height=\"281\" src=\"https:\/\/www.youtube.com\/embed\/avUZwfvVlMY?feature=oembed\" frameborder=\"0\" allow=\"accelerometer; autoplay; clipboard-write; encrypted-media; gyroscope; picture-in-picture; web-share\" referrerpolicy=\"strict-origin-when-cross-origin\" allowfullscreen><\/iframe><\/p>\n<p><iframe loading=\"lazy\" title=\"MINUTOS PALIATIVOS \u2013 \u201cA Morte de Ivan Ilitch\u201d\" width=\"500\" height=\"281\" src=\"https:\/\/www.youtube.com\/embed\/TmW1nvknJcs?feature=oembed\" frameborder=\"0\" allow=\"accelerometer; autoplay; clipboard-write; encrypted-media; gyroscope; picture-in-picture; web-share\" referrerpolicy=\"strict-origin-when-cross-origin\" allowfullscreen><\/iframe><\/p>\n<p><iframe loading=\"lazy\" title=\"POD PALIAR \u2013 Cuidados Paliativos #1\" width=\"500\" height=\"281\" src=\"https:\/\/www.youtube.com\/embed\/zX844_v-mls?feature=oembed\" frameborder=\"0\" allow=\"accelerometer; autoplay; clipboard-write; encrypted-media; gyroscope; picture-in-picture; web-share\" referrerpolicy=\"strict-origin-when-cross-origin\" allowfullscreen><\/iframe><\/p>\n<p><iframe loading=\"lazy\" title=\"Dezembro Laranja\" width=\"500\" height=\"281\" src=\"https:\/\/www.youtube.com\/embed\/epcx1dCHpfQ?feature=oembed\" frameborder=\"0\" allow=\"accelerometer; autoplay; clipboard-write; encrypted-media; gyroscope; picture-in-picture; web-share\" referrerpolicy=\"strict-origin-when-cross-origin\" allowfullscreen><\/iframe><\/p>\n<p><iframe loading=\"lazy\" title=\"Podcast \u2013 Medicina \u2013 Novembro Azul\" width=\"500\" height=\"281\" src=\"https:\/\/www.youtube.com\/embed\/HQKzdeQdx-w?feature=oembed\" frameborder=\"0\" allow=\"accelerometer; autoplay; clipboard-write; encrypted-media; gyroscope; picture-in-picture; web-share\" referrerpolicy=\"strict-origin-when-cross-origin\" allowfullscreen><\/iframe><\/p>\n<p><iframe loading=\"lazy\" title=\"Medicina \u2013 Tuberculose Pulmonar\" width=\"500\" height=\"281\" src=\"https:\/\/www.youtube.com\/embed\/46wcTUPIvOo?feature=oembed\" frameborder=\"0\" allow=\"accelerometer; autoplay; clipboard-write; encrypted-media; gyroscope; picture-in-picture; web-share\" referrerpolicy=\"strict-origin-when-cross-origin\" allowfullscreen><\/iframe><\/p>\n<p><iframe loading=\"lazy\" title=\"NOVEMBRO AZUL\" width=\"500\" height=\"281\" src=\"https:\/\/www.youtube.com\/embed\/jl4zYPDQOKE?feature=oembed\" frameborder=\"0\" allow=\"accelerometer; autoplay; clipboard-write; encrypted-media; gyroscope; picture-in-picture; web-share\" referrerpolicy=\"strict-origin-when-cross-origin\" allowfullscreen><\/iframe><\/p>\n<p><iframe loading=\"lazy\" title=\"SETEMBRO AMARELO DEVE SER SEMPRE LEMBRADO!\" width=\"500\" height=\"281\" src=\"https:\/\/www.youtube.com\/embed\/r20DZeq3rVI?feature=oembed\" frameborder=\"0\" allow=\"accelerometer; autoplay; clipboard-write; encrypted-media; gyroscope; picture-in-picture; web-share\" referrerpolicy=\"strict-origin-when-cross-origin\" allowfullscreen><\/iframe><\/p>\n<p><iframe loading=\"lazy\" title=\"Campanha &quot;Outubro Rosa&quot;\" width=\"500\" height=\"281\" src=\"https:\/\/www.youtube.com\/embed\/VhUZd3BPiB8?feature=oembed\" frameborder=\"0\" allow=\"accelerometer; autoplay; clipboard-write; encrypted-media; gyroscope; picture-in-picture; web-share\" referrerpolicy=\"strict-origin-when-cross-origin\" allowfullscreen><\/iframe><\/p>\n<p><iframe loading=\"lazy\" title=\"PODCAST \u2013 MEDICINA \u2013 PRINCIPAIS PROTOCOLOS AP\u00d3S DEN\u00daNCIA DE VIOL\u00caNCIA #07\" width=\"500\" height=\"281\" src=\"https:\/\/www.youtube.com\/embed\/3Fgspu-5HpQ?feature=oembed\" frameborder=\"0\" allow=\"accelerometer; autoplay; clipboard-write; encrypted-media; gyroscope; picture-in-picture; web-share\" referrerpolicy=\"strict-origin-when-cross-origin\" allowfullscreen><\/iframe><\/p>\n<p><iframe loading=\"lazy\" title=\"PODCAST \u2013 MEDICINA \u2013 DEN\u00daNCIAS RELACIONADAS \u00c0S MULHERES V\u00cdTIMAS DE VIOL\u00caNCIA #06\" width=\"500\" height=\"281\" src=\"https:\/\/www.youtube.com\/embed\/b2HiGPKhBeg?feature=oembed\" frameborder=\"0\" allow=\"accelerometer; autoplay; clipboard-write; encrypted-media; gyroscope; picture-in-picture; web-share\" referrerpolicy=\"strict-origin-when-cross-origin\" allowfullscreen><\/iframe><\/p>\n<p><iframe loading=\"lazy\" title=\"MEDICINA \u2013 AVALIA\u00c7\u00d5ES #05\" width=\"500\" height=\"281\" src=\"https:\/\/www.youtube.com\/embed\/5fCZMv14aKs?feature=oembed\" frameborder=\"0\" allow=\"accelerometer; autoplay; clipboard-write; encrypted-media; gyroscope; picture-in-picture; web-share\" referrerpolicy=\"strict-origin-when-cross-origin\" allowfullscreen><\/iframe><\/p>\n<p><iframe loading=\"lazy\" title=\"PODCAST \u2013 MEDICINA \u2013 A SITUA\u00c7\u00c3O DE VULNERABILIDADE DAS MULHERES E A REDE DE CUIDADO #05\" width=\"500\" height=\"281\" src=\"https:\/\/www.youtube.com\/embed\/KRRXb_DssJM?feature=oembed\" frameborder=\"0\" allow=\"accelerometer; autoplay; clipboard-write; encrypted-media; gyroscope; picture-in-picture; web-share\" referrerpolicy=\"strict-origin-when-cross-origin\" allowfullscreen><\/iframe><\/p>\n<p><iframe loading=\"lazy\" title=\"PODCAST \u2013 MEDICINA \u2013 DEN\u00daNCIAS DE CASOS DE VIOL\u00caNCIA SEXUAL #04\" width=\"500\" height=\"281\" src=\"https:\/\/www.youtube.com\/embed\/Je3Ajtxq-Yo?feature=oembed\" frameborder=\"0\" allow=\"accelerometer; autoplay; clipboard-write; encrypted-media; gyroscope; picture-in-picture; web-share\" referrerpolicy=\"strict-origin-when-cross-origin\" allowfullscreen><\/iframe><\/p>\n<p><iframe loading=\"lazy\" title=\"PROBLEM-BASED LEARNING (PBL)\" width=\"500\" height=\"281\" src=\"https:\/\/www.youtube.com\/embed\/ZOS7nKWsuco?feature=oembed\" frameborder=\"0\" allow=\"accelerometer; autoplay; clipboard-write; encrypted-media; gyroscope; picture-in-picture; web-share\" referrerpolicy=\"strict-origin-when-cross-origin\" allowfullscreen><\/iframe><\/p>\n<p><iframe loading=\"lazy\" title=\"MEDICINA \u2013 Team Based Learning (TBL)\" width=\"500\" height=\"281\" src=\"https:\/\/www.youtube.com\/embed\/ExL01ILLugo?feature=oembed\" frameborder=\"0\" allow=\"accelerometer; autoplay; clipboard-write; encrypted-media; gyroscope; picture-in-picture; web-share\" referrerpolicy=\"strict-origin-when-cross-origin\" allowfullscreen><\/iframe><\/p>\n<p><iframe loading=\"lazy\" title=\"PODCAST \u2013 MEDICINA \u2013 DIREITOS DAS V\u00cdTIMAS DE VIOL\u00caNCIA #03\" width=\"500\" height=\"281\" src=\"https:\/\/www.youtube.com\/embed\/Fj-NKSfPu3M?feature=oembed\" frameborder=\"0\" allow=\"accelerometer; autoplay; clipboard-write; encrypted-media; gyroscope; picture-in-picture; web-share\" referrerpolicy=\"strict-origin-when-cross-origin\" allowfullscreen><\/iframe><\/p>\n<p><iframe loading=\"lazy\" title=\"Pol\u00edticas P\u00fablicas relacionadas \u00e0 Sa\u00fade da Mulher #03\" width=\"500\" height=\"281\" src=\"https:\/\/www.youtube.com\/embed\/iAi_Dp5pB4U?feature=oembed\" frameborder=\"0\" allow=\"accelerometer; autoplay; clipboard-write; encrypted-media; gyroscope; picture-in-picture; web-share\" referrerpolicy=\"strict-origin-when-cross-origin\" allowfullscreen><\/iframe><\/p>\n<p><iframe loading=\"lazy\" title=\"PODCAST \u2013 MEDICINA \u2013 ATENDIMENTO \u00c0S V\u00cdTIMAS DE VIOL\u00caNCIA #02\" width=\"500\" height=\"281\" src=\"https:\/\/www.youtube.com\/embed\/ClpSgDyiBrU?feature=oembed\" frameborder=\"0\" allow=\"accelerometer; autoplay; clipboard-write; encrypted-media; gyroscope; picture-in-picture; web-share\" referrerpolicy=\"strict-origin-when-cross-origin\" allowfullscreen><\/iframe><\/p>\n<p><iframe loading=\"lazy\" title=\"MEDICINA - Aula Invertida\" width=\"500\" height=\"281\" src=\"https:\/\/www.youtube.com\/embed\/c1_-jU8OvQ8?feature=oembed\" frameborder=\"0\" allow=\"accelerometer; autoplay; clipboard-write; encrypted-media; gyroscope; picture-in-picture; web-share\" referrerpolicy=\"strict-origin-when-cross-origin\" allowfullscreen><\/iframe><\/p>\n<p><iframe loading=\"lazy\" title=\"MEDICINA \u2013 Metodologias Ativas\" width=\"500\" height=\"281\" src=\"https:\/\/www.youtube.com\/embed\/GLt3IJUt4mA?feature=oembed\" frameborder=\"0\" allow=\"accelerometer; autoplay; clipboard-write; encrypted-media; gyroscope; picture-in-picture; web-share\" referrerpolicy=\"strict-origin-when-cross-origin\" allowfullscreen><\/iframe><\/p>\n<p><iframe loading=\"lazy\" title=\"PODCAST \u2013 MEDICINA \u2013 LINHA DE CUIDADO E REDES #01\" width=\"500\" height=\"281\" src=\"https:\/\/www.youtube.com\/embed\/VtAjt2kqtPs?feature=oembed\" frameborder=\"0\" allow=\"accelerometer; autoplay; clipboard-write; encrypted-media; gyroscope; picture-in-picture; web-share\" referrerpolicy=\"strict-origin-when-cross-origin\" allowfullscreen><\/iframe><\/p>\n<p><iframe loading=\"lazy\" title=\"AS DOEN\u00c7AS RESPIRAT\u00d3RIAS E O IMPACTO DA COVID-19 #02\" width=\"500\" height=\"281\" src=\"https:\/\/www.youtube.com\/embed\/fpqACFgi4mM?feature=oembed\" frameborder=\"0\" allow=\"accelerometer; autoplay; clipboard-write; encrypted-media; gyroscope; picture-in-picture; web-share\" referrerpolicy=\"strict-origin-when-cross-origin\" allowfullscreen><\/iframe><\/p>\n<p><iframe loading=\"lazy\" title=\"DOEN\u00c7AS CR\u00d4NICAS N\u00c3O TRANSMISS\u00cdVEIS S\u00c3O A PRINCIPAL CAUSA DE MORTALIDADE NO BRASIL #01\" width=\"500\" height=\"281\" src=\"https:\/\/www.youtube.com\/embed\/8jWewlPM60g?feature=oembed\" frameborder=\"0\" allow=\"accelerometer; autoplay; clipboard-write; encrypted-media; gyroscope; picture-in-picture; web-share\" referrerpolicy=\"strict-origin-when-cross-origin\" allowfullscreen><\/iframe><\/p>\n<p><iframe loading=\"lazy\" title=\"PODCAST UNISALESIANO: O IMPACTO DA FORMA\u00c7\u00c3O DO M\u00c9DICO SALESIANO EM ARA\u00c7ATUBA\" width=\"500\" height=\"281\" src=\"https:\/\/www.youtube.com\/embed\/rkQoxgvKIKI?feature=oembed\" frameborder=\"0\" allow=\"accelerometer; autoplay; clipboard-write; encrypted-media; gyroscope; picture-in-picture; web-share\" referrerpolicy=\"strict-origin-when-cross-origin\" allowfullscreen><\/iframe><\/p>\n<p><iframe loading=\"lazy\" title=\"NOVEMBRO AZUL - M\u00caS DE CONSCIENTIZA\u00c7\u00c3O SOBRE A SA\u00daDE DO HOMEM\" width=\"500\" height=\"281\" src=\"https:\/\/www.youtube.com\/embed\/XzsKZJhseMU?feature=oembed\" frameborder=\"0\" allow=\"accelerometer; autoplay; clipboard-write; encrypted-media; gyroscope; picture-in-picture; web-share\" referrerpolicy=\"strict-origin-when-cross-origin\" allowfullscreen><\/iframe><\/p>\n<p><iframe loading=\"lazy\" title=\"UniSALESIANO - PODCAST MEDICINA CANCER DE MAMA DR POLETO\" width=\"500\" height=\"281\" src=\"https:\/\/www.youtube.com\/embed\/IHk6ik7svLE?feature=oembed\" frameborder=\"0\" allow=\"accelerometer; autoplay; clipboard-write; encrypted-media; gyroscope; picture-in-picture; web-share\" referrerpolicy=\"strict-origin-when-cross-origin\" allowfullscreen><\/iframe><\/p>\n","protected":false},"excerpt":{"rendered":"","protected":false},"author":4,"featured_media":0,"parent":0,"menu_order":0,"comment_status":"closed","ping_status":"closed","template":"","meta":{"footnotes":""},"class_list":["post-41415","page","type-page","status-publish","hentry"],"yoast_head":"<!-- This site is optimized with the Yoast SEO plugin v17.4 - https:\/\/yoast.com\/wordpress\/plugins\/seo\/ -->\n<title>Podcast - Medicina - UniSALESIANO Ara\u00e7atuba\/SP<\/title>\n<meta name=\"robots\" content=\"index, follow, max-snippet:-1, max-image-preview:large, max-video-preview:-1\" \/>\n<link rel=\"canonical\" href=\"https:\/\/unisalesiano.com.br\/aracatuba\/podcast-medicina\/\" \/>\n<meta property=\"og:locale\" content=\"pt_BR\" \/>\n<meta property=\"og:type\" content=\"article\" \/>\n<meta property=\"og:title\" content=\"Podcast - Medicina - UniSALESIANO Ara\u00e7atuba\/SP\" \/>\n<meta property=\"og:url\" content=\"https:\/\/unisalesiano.com.br\/aracatuba\/podcast-medicina\/\" \/>\n<meta property=\"og:site_name\" content=\"UniSALESIANO Ara\u00e7atuba\/SP\" \/>\n<meta property=\"article:modified_time\" content=\"2024-04-01T14:42:39+00:00\" \/>\n<meta name=\"twitter:card\" content=\"summary_large_image\" \/>\n<meta name=\"twitter:label1\" content=\"Est. tempo de leitura\" \/>\n\t<meta name=\"twitter:data1\" content=\"1 minuto\" \/>\n<script type=\"application\/ld+json\" class=\"yoast-schema-graph\">{\"@context\":\"https:\/\/schema.org\",\"@graph\":[{\"@type\":\"WebSite\",\"@id\":\"https:\/\/unisalesiano.com.br\/aracatuba\/#website\",\"url\":\"https:\/\/unisalesiano.com.br\/aracatuba\/\",\"name\":\"UniSALESIANO Ara\\u00e7atuba\/SP\",\"description\":\"Centro Universit\\u00e1rio Cat\\u00f3lico Salesiano Auxilium\",\"potentialAction\":[{\"@type\":\"SearchAction\",\"target\":{\"@type\":\"EntryPoint\",\"urlTemplate\":\"https:\/\/unisalesiano.com.br\/aracatuba\/?s={search_term_string}\"},\"query-input\":\"required name=search_term_string\"}],\"inLanguage\":\"pt-BR\"},{\"@type\":\"WebPage\",\"@id\":\"https:\/\/unisalesiano.com.br\/aracatuba\/podcast-medicina\/#webpage\",\"url\":\"https:\/\/unisalesiano.com.br\/aracatuba\/podcast-medicina\/\",\"name\":\"Podcast - Medicina - UniSALESIANO Ara\\u00e7atuba\/SP\",\"isPartOf\":{\"@id\":\"https:\/\/unisalesiano.com.br\/aracatuba\/#website\"},\"datePublished\":\"2024-04-01T13:06:09+00:00\",\"dateModified\":\"2024-04-01T14:42:39+00:00\",\"breadcrumb\":{\"@id\":\"https:\/\/unisalesiano.com.br\/aracatuba\/podcast-medicina\/#breadcrumb\"},\"inLanguage\":\"pt-BR\",\"potentialAction\":[{\"@type\":\"ReadAction\",\"target\":[\"https:\/\/unisalesiano.com.br\/aracatuba\/podcast-medicina\/\"]}]},{\"@type\":\"BreadcrumbList\",\"@id\":\"https:\/\/unisalesiano.com.br\/aracatuba\/podcast-medicina\/#breadcrumb\",\"itemListElement\":[{\"@type\":\"ListItem\",\"position\":1,\"name\":\"In\\u00edcio\",\"item\":\"https:\/\/unisalesiano.com.br\/aracatuba\/\"},{\"@type\":\"ListItem\",\"position\":2,\"name\":\"Podcast &#8211; Medicina\"}]}]}<\/script>\n<!-- \/ Yoast SEO plugin. -->","yoast_head_json":{"title":"Podcast - Medicina - UniSALESIANO Ara\u00e7atuba\/SP","robots":{"index":"index","follow":"follow","max-snippet":"max-snippet:-1","max-image-preview":"max-image-preview:large","max-video-preview":"max-video-preview:-1"},"canonical":"https:\/\/unisalesiano.com.br\/aracatuba\/podcast-medicina\/","og_locale":"pt_BR","og_type":"article","og_title":"Podcast - Medicina - UniSALESIANO Ara\u00e7atuba\/SP","og_url":"https:\/\/unisalesiano.com.br\/aracatuba\/podcast-medicina\/","og_site_name":"UniSALESIANO Ara\u00e7atuba\/SP","article_modified_time":"2024-04-01T14:42:39+00:00","twitter_card":"summary_large_image","twitter_misc":{"Est. tempo de leitura":"1 minuto"},"schema":{"@context":"https:\/\/schema.org","@graph":[{"@type":"WebSite","@id":"https:\/\/unisalesiano.com.br\/aracatuba\/#website","url":"https:\/\/unisalesiano.com.br\/aracatuba\/","name":"UniSALESIANO Ara\u00e7atuba\/SP","description":"Centro Universit\u00e1rio Cat\u00f3lico Salesiano Auxilium","potentialAction":[{"@type":"SearchAction","target":{"@type":"EntryPoint","urlTemplate":"https:\/\/unisalesiano.com.br\/aracatuba\/?s={search_term_string}"},"query-input":"required name=search_term_string"}],"inLanguage":"pt-BR"},{"@type":"WebPage","@id":"https:\/\/unisalesiano.com.br\/aracatuba\/podcast-medicina\/#webpage","url":"https:\/\/unisalesiano.com.br\/aracatuba\/podcast-medicina\/","name":"Podcast - Medicina - UniSALESIANO Ara\u00e7atuba\/SP","isPartOf":{"@id":"https:\/\/unisalesiano.com.br\/aracatuba\/#website"},"datePublished":"2024-04-01T13:06:09+00:00","dateModified":"2024-04-01T14:42:39+00:00","breadcrumb":{"@id":"https:\/\/unisalesiano.com.br\/aracatuba\/podcast-medicina\/#breadcrumb"},"inLanguage":"pt-BR","potentialAction":[{"@type":"ReadAction","target":["https:\/\/unisalesiano.com.br\/aracatuba\/podcast-medicina\/"]}]},{"@type":"BreadcrumbList","@id":"https:\/\/unisalesiano.com.br\/aracatuba\/podcast-medicina\/#breadcrumb","itemListElement":[{"@type":"ListItem","position":1,"name":"In\u00edcio","item":"https:\/\/unisalesiano.com.br\/aracatuba\/"},{"@type":"ListItem","position":2,"name":"Podcast &#8211; Medicina"}]}]}},"_links":{"self":[{"href":"https:\/\/unisalesiano.com.br\/aracatuba\/wp-json\/wp\/v2\/pages\/41415","targetHints":{"allow":["GET"]}}],"collection":[{"href":"https:\/\/unisalesiano.com.br\/aracatuba\/wp-json\/wp\/v2\/pages"}],"about":[{"href":"https:\/\/unisalesiano.com.br\/aracatuba\/wp-json\/wp\/v2\/types\/page"}],"author":[{"embeddable":true,"href":"https:\/\/unisalesiano.com.br\/aracatuba\/wp-json\/wp\/v2\/users\/4"}],"replies":[{"embeddable":true,"href":"https:\/\/unisalesiano.com.br\/aracatuba\/wp-json\/wp\/v2\/comments?post=41415"}],"version-history":[{"count":0,"href":"https:\/\/unisalesiano.com.br\/aracatuba\/wp-json\/wp\/v2\/pages\/41415\/revisions"}],"wp:attachment":[{"href":"https:\/\/unisalesiano.com.br\/aracatuba\/wp-json\/wp\/v2\/media?parent=41415"}],"curies":[{"name":"wp","href":"https:\/\/api.w.org\/{rel}","templated":true}]}}