{"id":41207,"date":"2024-03-13T09:57:31","date_gmt":"2024-03-13T12:57:31","guid":{"rendered":"https:\/\/unisalesiano.com.br\/aracatuba\/?page_id=41207"},"modified":"2024-03-13T10:49:38","modified_gmt":"2024-03-13T13:49:38","slug":"nucleo-de-startups","status":"publish","type":"page","link":"https:\/\/unisalesiano.com.br\/aracatuba\/nucleo-de-startups\/","title":{"rendered":"N\u00facleo de Startups"},"content":{"rendered":"<p><img loading=\"lazy\" decoding=\"async\" class=\"size-full wp-image-41213 aligncenter\" src=\"https:\/\/unisalesiano.com.br\/aracatuba\/wp-content\/uploads\/2024\/03\/BG-TOP-scaled.jpg\" alt=\"\" width=\"2560\" height=\"666\" srcset=\"https:\/\/unisalesiano.com.br\/aracatuba\/wp-content\/uploads\/2024\/03\/BG-TOP-scaled.jpg 2560w, https:\/\/unisalesiano.com.br\/aracatuba\/wp-content\/uploads\/2024\/03\/BG-TOP-300x78.jpg 300w, https:\/\/unisalesiano.com.br\/aracatuba\/wp-content\/uploads\/2024\/03\/BG-TOP-1024x267.jpg 1024w, https:\/\/unisalesiano.com.br\/aracatuba\/wp-content\/uploads\/2024\/03\/BG-TOP-768x200.jpg 768w, https:\/\/unisalesiano.com.br\/aracatuba\/wp-content\/uploads\/2024\/03\/BG-TOP-1536x400.jpg 1536w, https:\/\/unisalesiano.com.br\/aracatuba\/wp-content\/uploads\/2024\/03\/BG-TOP-2048x533.jpg 2048w\" sizes=\"auto, (max-width: 2560px) 100vw, 2560px\" \/><b><\/b><\/p>\n<h1 style=\"text-align: center;\"><span style=\"color: #ffffff;\">\u2014<\/span><\/h1>\n<h1 style=\"text-align: center;\"><span style=\"color: #006aee;\"><b>N\u00facleo de <\/b><b>Startups<\/b><\/span><\/h1>\n<p style=\"text-align: center;\">\u00c9 um ambiente de apoio \u00e0 gera\u00e7\u00e3o e consolida\u00e7\u00e3o de startups de excel\u00eancia em tecnologia, e tem como principais objetivos:<\/p>\n<p style=\"text-align: center;\">\u2022\u00a0Apoiar e incentivar os projetos e empreendimentos inovadores.<\/p>\n<p style=\"text-align: center;\">\u2022 Fomentar o Empreendedorismo e a Educa\u00e7\u00e3o Empreendedora no Centro Universit\u00e1rio;<\/p>\n<p style=\"text-align: center;\">\u2022 Desenvolver compet\u00eancias empreendedoras, de criatividade, e de inova\u00e7\u00e3o na comunidade interna do UniSALESIANO;<\/p>\n<p style=\"text-align: center;\">\u2022 Contribuir para o desenvolvimento social, ambiental e econ\u00f4mico na sociedade no geral.<\/p>\n<p style=\"text-align: center;\">\u2022 Contribuir com o desenvolvimento de solu\u00e7\u00f5es inovadoras para problemas reais das organiza\u00e7\u00f5es e da sociedade.<\/p>\n<p style=\"text-align: center;\"><span style=\"color: #ffffff;\">\u2014<\/span><\/p>\n<p style=\"text-align: center;\"><img loading=\"lazy\" decoding=\"async\" class=\"size-full wp-image-41220 aligncenter\" src=\"https:\/\/unisalesiano.com.br\/aracatuba\/wp-content\/uploads\/2024\/03\/Group-1.png\" alt=\"\" width=\"650\" height=\"325\" srcset=\"https:\/\/unisalesiano.com.br\/aracatuba\/wp-content\/uploads\/2024\/03\/Group-1.png 650w, https:\/\/unisalesiano.com.br\/aracatuba\/wp-content\/uploads\/2024\/03\/Group-1-300x150.png 300w\" sizes=\"auto, (max-width: 650px) 100vw, 650px\" \/><\/p>\n<p style=\"text-align: center;\"><span style=\"color: #ffffff;\">\u2014<\/span><\/p>\n<p style=\"text-align: center;\">Ter\u00e1 fun\u00e7\u00e3o de aproxima\u00e7\u00e3o dos acad\u00eamicos com a realidade do mercado, exercitando a criatividade, organiza\u00e7\u00e3o e a lideran\u00e7a, desenvolvendo habilidades n\u00e3o t\u00e9cnicas como a coopera\u00e7\u00e3o, capacidade critica habilidades, gerenciais, empreendedoras e trabalho em equipe. Ser\u00e1\u00a0 um laborat\u00f3rio de trabalho, no qual, \u00e9 poss\u00edvel participar de toda a etapa do desenvolvimento e execu\u00e7\u00e3o de projetos, assim sendo, oferece uma oportunidade impar para o acad\u00eamico, possibilitando vivenciar problemas reais do cotidiano de uma empresa.<\/p>\n<p style=\"text-align: center;\"><span style=\"color: #ffffff;\">\u2014<\/span><\/p>\n<p style=\"text-align: center;\"><span style=\"color: #ffffff;\">\u2014<\/span><\/p>\n<h2 style=\"text-align: center;\"><span style=\"color: #006aee;\">Principais Dimens\u00f5es<\/span><\/h2>\n<p style=\"text-align: center;\"><em>\u2022 <\/em>Formar atrav\u00e9s de disciplinas, cursos de extens\u00e3o e produ\u00e7\u00e3o do conhecimento atrav\u00e9s de pesquisas.<\/p>\n<p style=\"text-align: center;\"><em>\u2022 <\/em>Inspirar e Conectar atrav\u00e9s de visitas, meetups, palestras, eventos, f\u00f3runs, encontros, e liga de empreendedores, entre outros.<\/p>\n<p style=\"text-align: center;\"><em>\u2022 <\/em>Proporcionar imers\u00e3o e suporte aos alunos, com o objetivo de fortalecer a capacidade dos jovens, de resolver problemas sociais, ambientais, econ\u00f4micos, pol\u00edticos e outros por meio do poder do empreendedorismo.<\/p>\n<p style=\"text-align: center;\"><span style=\"color: #ffffff;\">\u2014<\/span><\/p>\n<p style=\"text-align: center;\"><span style=\"color: #ffffff;\">\u2014<\/span><\/p>\n<h2 style=\"text-align: center;\"><span style=\"color: #006aee;\">O que \u00e9 STARTUP?<\/span><\/h2>\n<p style=\"text-align: center;\">Uma startup \u00e9 uma empresa que tem o objetivo de crescer de maneira agressiva. As startups costumam\u00a0<b>oferecer produtos ou servi\u00e7os inovadores<\/b>, visando solucionar uma dor ou trazendo INOVA\u00c7\u00c3O a mercadorias que j\u00e1 existem. Quase sempre, as startups baseiam o seu modelo de neg\u00f3cio em tecnologia digital, mas isso n\u00e3o \u00e9 uma regra.<\/p>\n<p style=\"text-align: center;\"><span style=\"color: #ffffff;\">\u2014<\/span><\/p>\n<p style=\"text-align: center;\"><span style=\"color: #ffffff;\">\u2014<\/span><\/p>\n<h2 style=\"text-align: center;\"><span style=\"color: #006aee;\">Seja parte dessa jornada!<\/span><\/h2>\n<p style=\"text-align: center;\">O processo de sele\u00e7\u00e3o de novas startups ser\u00e1 de fluxo cont\u00ednuo, conforme necessidade, respeitando as seguintes etapas:<\/p>\n<p style=\"text-align: center;\"><strong>1.<\/strong> Inscri\u00e7\u00e3o no processo seletivo<\/p>\n<p style=\"text-align: center;\"><strong>2.<\/strong> An\u00e1lise da proposta pela comiss\u00e3o avaliadora<\/p>\n<p style=\"text-align: center;\"><strong>3.<\/strong> Apresenta\u00e7\u00e3o presencial dos projetos pr\u00e9-aprovados<\/p>\n<p style=\"text-align: center;\"><strong>4.<\/strong> Aprova\u00e7\u00e3o final<\/p>\n<p style=\"text-align: center;\"><strong>5.<\/strong> In\u00edcio do desenvolvimento do projeto<\/p>\n<p style=\"text-align: center;\"><span style=\"color: #ffffff;\">\u2014<\/span><\/p>\n<h3 style=\"text-align: center;\">Queremos ouvir voc\u00ea, caro acad\u00eamico, acesse o QR-Code para expor suas sugest\u00f5es para este ambiente.<\/h3>\n<p style=\"text-align: center;\"><span style=\"color: #ffffff;\">\u2014<\/span><\/p>\n<p><a href=\"https:\/\/docs.google.com\/forms\/u\/1\/d\/e\/1FAIpQLSdQF1hryPclU2zkOnWtMxMVoCVTpTnZdBG8aIBhbm8ClX8OWA\/viewform\" target=\"_blank\" rel=\"noopener\"><img loading=\"lazy\" decoding=\"async\" class=\"aligncenter wp-image-41228 size-full\" src=\"https:\/\/unisalesiano.com.br\/aracatuba\/wp-content\/uploads\/2024\/03\/qrcode.png\" alt=\"\" width=\"360\" height=\"361\" srcset=\"https:\/\/unisalesiano.com.br\/aracatuba\/wp-content\/uploads\/2024\/03\/qrcode.png 360w, https:\/\/unisalesiano.com.br\/aracatuba\/wp-content\/uploads\/2024\/03\/qrcode-300x300.png 300w, https:\/\/unisalesiano.com.br\/aracatuba\/wp-content\/uploads\/2024\/03\/qrcode-150x150.png 150w\" sizes=\"auto, (max-width: 360px) 100vw, 360px\" \/><\/a><\/p>\n<p>&nbsp;<\/p>\n","protected":false},"excerpt":{"rendered":"<p>\u2014 N\u00facleo de Startups \u00c9 um ambiente de apoio \u00e0 gera\u00e7\u00e3o e consolida\u00e7\u00e3o de startups de excel\u00eancia em tecnologia, e tem como principais objetivos: \u2022\u00a0Apoiar e incentivar os projetos e empreendimentos inovadores. \u2022 Fomentar o Empreendedorismo e a Educa\u00e7\u00e3o Empreendedora no Centro Universit\u00e1rio; \u2022 Desenvolver compet\u00eancias empreendedoras, de criatividade, e de inova\u00e7\u00e3o na comunidade interna [&hellip;]<\/p>\n","protected":false},"author":18,"featured_media":0,"parent":0,"menu_order":0,"comment_status":"closed","ping_status":"closed","template":"","meta":{"footnotes":""},"class_list":["post-41207","page","type-page","status-publish","hentry"],"yoast_head":"<!-- This site is optimized with the Yoast SEO plugin v17.4 - https:\/\/yoast.com\/wordpress\/plugins\/seo\/ -->\n<title>N\u00facleo de Startups - UniSALESIANO Ara\u00e7atuba\/SP<\/title>\n<meta name=\"robots\" content=\"index, follow, max-snippet:-1, max-image-preview:large, max-video-preview:-1\" \/>\n<link rel=\"canonical\" href=\"https:\/\/unisalesiano.com.br\/aracatuba\/nucleo-de-startups\/\" \/>\n<meta property=\"og:locale\" content=\"pt_BR\" \/>\n<meta property=\"og:type\" content=\"article\" \/>\n<meta property=\"og:title\" content=\"N\u00facleo de Startups - UniSALESIANO Ara\u00e7atuba\/SP\" \/>\n<meta property=\"og:description\" content=\"\u2014 N\u00facleo de Startups \u00c9 um ambiente de apoio \u00e0 gera\u00e7\u00e3o e consolida\u00e7\u00e3o de startups de excel\u00eancia em tecnologia, e tem como principais objetivos: \u2022\u00a0Apoiar e incentivar os projetos e empreendimentos inovadores. \u2022 Fomentar o Empreendedorismo e a Educa\u00e7\u00e3o Empreendedora no Centro Universit\u00e1rio; \u2022 Desenvolver compet\u00eancias empreendedoras, de criatividade, e de inova\u00e7\u00e3o na comunidade interna [&hellip;]\" \/>\n<meta property=\"og:url\" content=\"https:\/\/unisalesiano.com.br\/aracatuba\/nucleo-de-startups\/\" \/>\n<meta property=\"og:site_name\" content=\"UniSALESIANO Ara\u00e7atuba\/SP\" \/>\n<meta property=\"article:modified_time\" content=\"2024-03-13T13:49:38+00:00\" \/>\n<meta property=\"og:image\" content=\"https:\/\/unisalesiano.com.br\/aracatuba\/wp-content\/uploads\/2024\/03\/BG-TOP-scaled.jpg\" \/>\n<meta name=\"twitter:card\" content=\"summary_large_image\" \/>\n<meta name=\"twitter:label1\" content=\"Est. tempo de leitura\" \/>\n\t<meta name=\"twitter:data1\" content=\"2 minutos\" \/>\n<script type=\"application\/ld+json\" class=\"yoast-schema-graph\">{\"@context\":\"https:\/\/schema.org\",\"@graph\":[{\"@type\":\"WebSite\",\"@id\":\"https:\/\/unisalesiano.com.br\/aracatuba\/#website\",\"url\":\"https:\/\/unisalesiano.com.br\/aracatuba\/\",\"name\":\"UniSALESIANO Ara\\u00e7atuba\/SP\",\"description\":\"Centro Universit\\u00e1rio Cat\\u00f3lico Salesiano Auxilium\",\"potentialAction\":[{\"@type\":\"SearchAction\",\"target\":{\"@type\":\"EntryPoint\",\"urlTemplate\":\"https:\/\/unisalesiano.com.br\/aracatuba\/?s={search_term_string}\"},\"query-input\":\"required name=search_term_string\"}],\"inLanguage\":\"pt-BR\"},{\"@type\":\"ImageObject\",\"@id\":\"https:\/\/unisalesiano.com.br\/aracatuba\/nucleo-de-startups\/#primaryimage\",\"inLanguage\":\"pt-BR\",\"url\":\"https:\/\/unisalesiano.com.br\/aracatuba\/wp-content\/uploads\/2024\/03\/BG-TOP-scaled.jpg\",\"contentUrl\":\"https:\/\/unisalesiano.com.br\/aracatuba\/wp-content\/uploads\/2024\/03\/BG-TOP-scaled.jpg\",\"width\":2560,\"height\":666},{\"@type\":\"WebPage\",\"@id\":\"https:\/\/unisalesiano.com.br\/aracatuba\/nucleo-de-startups\/#webpage\",\"url\":\"https:\/\/unisalesiano.com.br\/aracatuba\/nucleo-de-startups\/\",\"name\":\"N\\u00facleo de Startups - UniSALESIANO Ara\\u00e7atuba\/SP\",\"isPartOf\":{\"@id\":\"https:\/\/unisalesiano.com.br\/aracatuba\/#website\"},\"primaryImageOfPage\":{\"@id\":\"https:\/\/unisalesiano.com.br\/aracatuba\/nucleo-de-startups\/#primaryimage\"},\"datePublished\":\"2024-03-13T12:57:31+00:00\",\"dateModified\":\"2024-03-13T13:49:38+00:00\",\"breadcrumb\":{\"@id\":\"https:\/\/unisalesiano.com.br\/aracatuba\/nucleo-de-startups\/#breadcrumb\"},\"inLanguage\":\"pt-BR\",\"potentialAction\":[{\"@type\":\"ReadAction\",\"target\":[\"https:\/\/unisalesiano.com.br\/aracatuba\/nucleo-de-startups\/\"]}]},{\"@type\":\"BreadcrumbList\",\"@id\":\"https:\/\/unisalesiano.com.br\/aracatuba\/nucleo-de-startups\/#breadcrumb\",\"itemListElement\":[{\"@type\":\"ListItem\",\"position\":1,\"name\":\"In\\u00edcio\",\"item\":\"https:\/\/unisalesiano.com.br\/aracatuba\/\"},{\"@type\":\"ListItem\",\"position\":2,\"name\":\"N\\u00facleo de Startups\"}]}]}<\/script>\n<!-- \/ Yoast SEO plugin. -->","yoast_head_json":{"title":"N\u00facleo de Startups - UniSALESIANO Ara\u00e7atuba\/SP","robots":{"index":"index","follow":"follow","max-snippet":"max-snippet:-1","max-image-preview":"max-image-preview:large","max-video-preview":"max-video-preview:-1"},"canonical":"https:\/\/unisalesiano.com.br\/aracatuba\/nucleo-de-startups\/","og_locale":"pt_BR","og_type":"article","og_title":"N\u00facleo de Startups - UniSALESIANO Ara\u00e7atuba\/SP","og_description":"\u2014 N\u00facleo de Startups \u00c9 um ambiente de apoio \u00e0 gera\u00e7\u00e3o e consolida\u00e7\u00e3o de startups de excel\u00eancia em tecnologia, e tem como principais objetivos: \u2022\u00a0Apoiar e incentivar os projetos e empreendimentos inovadores. \u2022 Fomentar o Empreendedorismo e a Educa\u00e7\u00e3o Empreendedora no Centro Universit\u00e1rio; \u2022 Desenvolver compet\u00eancias empreendedoras, de criatividade, e de inova\u00e7\u00e3o na comunidade interna [&hellip;]","og_url":"https:\/\/unisalesiano.com.br\/aracatuba\/nucleo-de-startups\/","og_site_name":"UniSALESIANO Ara\u00e7atuba\/SP","article_modified_time":"2024-03-13T13:49:38+00:00","og_image":[{"url":"https:\/\/unisalesiano.com.br\/aracatuba\/wp-content\/uploads\/2024\/03\/BG-TOP-scaled.jpg"}],"twitter_card":"summary_large_image","twitter_misc":{"Est. tempo de leitura":"2 minutos"},"schema":{"@context":"https:\/\/schema.org","@graph":[{"@type":"WebSite","@id":"https:\/\/unisalesiano.com.br\/aracatuba\/#website","url":"https:\/\/unisalesiano.com.br\/aracatuba\/","name":"UniSALESIANO Ara\u00e7atuba\/SP","description":"Centro Universit\u00e1rio Cat\u00f3lico Salesiano Auxilium","potentialAction":[{"@type":"SearchAction","target":{"@type":"EntryPoint","urlTemplate":"https:\/\/unisalesiano.com.br\/aracatuba\/?s={search_term_string}"},"query-input":"required name=search_term_string"}],"inLanguage":"pt-BR"},{"@type":"ImageObject","@id":"https:\/\/unisalesiano.com.br\/aracatuba\/nucleo-de-startups\/#primaryimage","inLanguage":"pt-BR","url":"https:\/\/unisalesiano.com.br\/aracatuba\/wp-content\/uploads\/2024\/03\/BG-TOP-scaled.jpg","contentUrl":"https:\/\/unisalesiano.com.br\/aracatuba\/wp-content\/uploads\/2024\/03\/BG-TOP-scaled.jpg","width":2560,"height":666},{"@type":"WebPage","@id":"https:\/\/unisalesiano.com.br\/aracatuba\/nucleo-de-startups\/#webpage","url":"https:\/\/unisalesiano.com.br\/aracatuba\/nucleo-de-startups\/","name":"N\u00facleo de Startups - UniSALESIANO Ara\u00e7atuba\/SP","isPartOf":{"@id":"https:\/\/unisalesiano.com.br\/aracatuba\/#website"},"primaryImageOfPage":{"@id":"https:\/\/unisalesiano.com.br\/aracatuba\/nucleo-de-startups\/#primaryimage"},"datePublished":"2024-03-13T12:57:31+00:00","dateModified":"2024-03-13T13:49:38+00:00","breadcrumb":{"@id":"https:\/\/unisalesiano.com.br\/aracatuba\/nucleo-de-startups\/#breadcrumb"},"inLanguage":"pt-BR","potentialAction":[{"@type":"ReadAction","target":["https:\/\/unisalesiano.com.br\/aracatuba\/nucleo-de-startups\/"]}]},{"@type":"BreadcrumbList","@id":"https:\/\/unisalesiano.com.br\/aracatuba\/nucleo-de-startups\/#breadcrumb","itemListElement":[{"@type":"ListItem","position":1,"name":"In\u00edcio","item":"https:\/\/unisalesiano.com.br\/aracatuba\/"},{"@type":"ListItem","position":2,"name":"N\u00facleo de Startups"}]}]}},"_links":{"self":[{"href":"https:\/\/unisalesiano.com.br\/aracatuba\/wp-json\/wp\/v2\/pages\/41207","targetHints":{"allow":["GET"]}}],"collection":[{"href":"https:\/\/unisalesiano.com.br\/aracatuba\/wp-json\/wp\/v2\/pages"}],"about":[{"href":"https:\/\/unisalesiano.com.br\/aracatuba\/wp-json\/wp\/v2\/types\/page"}],"author":[{"embeddable":true,"href":"https:\/\/unisalesiano.com.br\/aracatuba\/wp-json\/wp\/v2\/users\/18"}],"replies":[{"embeddable":true,"href":"https:\/\/unisalesiano.com.br\/aracatuba\/wp-json\/wp\/v2\/comments?post=41207"}],"version-history":[{"count":0,"href":"https:\/\/unisalesiano.com.br\/aracatuba\/wp-json\/wp\/v2\/pages\/41207\/revisions"}],"wp:attachment":[{"href":"https:\/\/unisalesiano.com.br\/aracatuba\/wp-json\/wp\/v2\/media?parent=41207"}],"curies":[{"name":"wp","href":"https:\/\/api.w.org\/{rel}","templated":true}]}}