{"id":37674,"date":"2023-01-20T13:08:28","date_gmt":"2023-01-20T16:08:28","guid":{"rendered":"https:\/\/unisalesiano.com.br\/aracatuba\/?page_id=37674"},"modified":"2024-02-15T11:10:48","modified_gmt":"2024-02-15T14:10:48","slug":"hospital-veterinario","status":"publish","type":"page","link":"https:\/\/unisalesiano.com.br\/aracatuba\/hospital-veterinario\/","title":{"rendered":"Hospital Veterin\u00e1rio"},"content":{"rendered":"<p><img loading=\"lazy\" decoding=\"async\" class=\"aligncenter size-full wp-image-37678\" src=\"https:\/\/unisalesiano.com.br\/aracatuba\/wp-content\/uploads\/2023\/01\/HospitalVet-1.png\" alt=\"\" width=\"1024\" height=\"235\" srcset=\"https:\/\/unisalesiano.com.br\/aracatuba\/wp-content\/uploads\/2023\/01\/HospitalVet-1.png 1024w, https:\/\/unisalesiano.com.br\/aracatuba\/wp-content\/uploads\/2023\/01\/HospitalVet-1-300x69.png 300w, https:\/\/unisalesiano.com.br\/aracatuba\/wp-content\/uploads\/2023\/01\/HospitalVet-1-768x176.png 768w\" sizes=\"auto, (max-width: 1024px) 100vw, 1024px\" \/><\/p>\n<p>O <strong>Hospital Veterin\u00e1rio do UniSALESIANO<\/strong> \u00e9 um dos mais modernos e equipados do Estado de S\u00e3o Paulo. Conta com curral de manejo para bovinos, equipado com tronco de conten\u00e7\u00e3o, <strong>Laborat\u00f3rios de Anatomia Animal, Laborat\u00f3rio de An\u00e1lises Cl\u00ednicas animal, Sala de Raio-X, Sala de Ultrassom, Laborat\u00f3rio de T\u00e9cnica cir\u00fargica e Laborat\u00f3rio de Reprodu\u00e7\u00e3o Animal<\/strong>. <strong>Centros cir\u00fargicos para Grandes animais, centros cir\u00fargicos para pequenos animais e um centro cir\u00fargico em forma de coliseu. <\/strong><\/p>\n<p>Por ano, o Hospital realiza mais de 1.000 atendimentos. Do total, 90% s\u00e3o voltados aos pequenos animais, com cl\u00ednica m\u00e9dica e cirurgias. Em 2017, o UniSALESIANO \u2013 <strong>\u00fanica institui\u00e7\u00e3o de ensino superior do Noroeste Paulista a possuir o equipamento de videolaparoscopia na \u00e1rea de Medicina Veterin\u00e1ria<\/strong> \u2013 realizou a primeira cirurgia com esse tipo de aparelho, uma castra\u00e7\u00e3o em c\u00e3o da ra\u00e7a border collie.<\/p>\n<p>&nbsp;<\/p>\n<p><strong>Programa de Aprimoramento Profissional em Medicina Veterin\u00e1ria<\/strong><\/p>\n<p>Para execu\u00e7\u00e3o das atividades de atendimento propostas, o UniSALESIANO Ara\u00e7atuba lan\u00e7a edital de Programa de Aprimoramento em Medicina Veterin\u00e1ria com o objetivo de dar \u00eanfase em treinamento pr\u00e1tico em Medicina Veterin\u00e1ria, atuando diretamente no atendimento de pacientes da rotina do Hospital Veterin\u00e1rio Escola do Unisalesiano, conseguindo atuar e aprender na pr\u00e1tica a viv\u00eancia da rotina veterin\u00e1ria, aprimorando conhecimentos, habilidades e compet\u00eancias indispens\u00e1veis ao exerc\u00edcio profissional em suas especialidades. Ser\u00e1 realizado sob orienta\u00e7\u00e3o t\u00e9cnica de preceptores devidamente capacitados e formalmente titulados na \u00e1rea de atua\u00e7\u00e3o com titula\u00e7\u00e3o de doutor, ou comprovada capacita\u00e7\u00e3o t\u00e9cnica com t\u00edtulos de mestre, especialista, certificados de resid\u00eancia ou de aprimoramento, que participam regularmente da rotina de atividades pr\u00e1ticas vinculadas ao Programa.<\/p>\n<p style=\"text-align: center;\">\n","protected":false},"excerpt":{"rendered":"<p>O Hospital Veterin\u00e1rio do UniSALESIANO \u00e9 um dos mais modernos e equipados do Estado de S\u00e3o Paulo. Conta com curral de manejo para bovinos, equipado com tronco de conten\u00e7\u00e3o, Laborat\u00f3rios de Anatomia Animal, Laborat\u00f3rio de An\u00e1lises Cl\u00ednicas animal, Sala de Raio-X, Sala de Ultrassom, Laborat\u00f3rio de T\u00e9cnica cir\u00fargica e Laborat\u00f3rio de Reprodu\u00e7\u00e3o Animal. Centros cir\u00fargicos [&hellip;]<\/p>\n","protected":false},"author":4,"featured_media":0,"parent":0,"menu_order":0,"comment_status":"closed","ping_status":"closed","template":"","meta":{"footnotes":""},"class_list":["post-37674","page","type-page","status-publish","hentry"],"yoast_head":"<!-- This site is optimized with the Yoast SEO plugin v17.4 - https:\/\/yoast.com\/wordpress\/plugins\/seo\/ -->\n<title>Hospital Veterin\u00e1rio - UniSALESIANO Ara\u00e7atuba\/SP<\/title>\n<meta name=\"robots\" content=\"index, follow, max-snippet:-1, max-image-preview:large, max-video-preview:-1\" \/>\n<link rel=\"canonical\" href=\"https:\/\/unisalesiano.com.br\/aracatuba\/hospital-veterinario\/\" \/>\n<meta property=\"og:locale\" content=\"pt_BR\" \/>\n<meta property=\"og:type\" content=\"article\" \/>\n<meta property=\"og:title\" content=\"Hospital Veterin\u00e1rio - UniSALESIANO Ara\u00e7atuba\/SP\" \/>\n<meta property=\"og:description\" content=\"O Hospital Veterin\u00e1rio do UniSALESIANO \u00e9 um dos mais modernos e equipados do Estado de S\u00e3o Paulo. Conta com curral de manejo para bovinos, equipado com tronco de conten\u00e7\u00e3o, Laborat\u00f3rios de Anatomia Animal, Laborat\u00f3rio de An\u00e1lises Cl\u00ednicas animal, Sala de Raio-X, Sala de Ultrassom, Laborat\u00f3rio de T\u00e9cnica cir\u00fargica e Laborat\u00f3rio de Reprodu\u00e7\u00e3o Animal. Centros cir\u00fargicos [&hellip;]\" \/>\n<meta property=\"og:url\" content=\"https:\/\/unisalesiano.com.br\/aracatuba\/hospital-veterinario\/\" \/>\n<meta property=\"og:site_name\" content=\"UniSALESIANO Ara\u00e7atuba\/SP\" \/>\n<meta property=\"article:modified_time\" content=\"2024-02-15T14:10:48+00:00\" \/>\n<meta property=\"og:image\" content=\"https:\/\/unisalesiano.com.br\/aracatuba\/wp-content\/uploads\/2023\/01\/HospitalVet-1.png\" \/>\n<meta name=\"twitter:card\" content=\"summary_large_image\" \/>\n<meta name=\"twitter:label1\" content=\"Est. tempo de leitura\" \/>\n\t<meta name=\"twitter:data1\" content=\"2 minutos\" \/>\n<script type=\"application\/ld+json\" class=\"yoast-schema-graph\">{\"@context\":\"https:\/\/schema.org\",\"@graph\":[{\"@type\":\"WebSite\",\"@id\":\"https:\/\/unisalesiano.com.br\/aracatuba\/#website\",\"url\":\"https:\/\/unisalesiano.com.br\/aracatuba\/\",\"name\":\"UniSALESIANO Ara\\u00e7atuba\/SP\",\"description\":\"Centro Universit\\u00e1rio Cat\\u00f3lico Salesiano Auxilium\",\"potentialAction\":[{\"@type\":\"SearchAction\",\"target\":{\"@type\":\"EntryPoint\",\"urlTemplate\":\"https:\/\/unisalesiano.com.br\/aracatuba\/?s={search_term_string}\"},\"query-input\":\"required name=search_term_string\"}],\"inLanguage\":\"pt-BR\"},{\"@type\":\"ImageObject\",\"@id\":\"https:\/\/unisalesiano.com.br\/aracatuba\/hospital-veterinario\/#primaryimage\",\"inLanguage\":\"pt-BR\",\"url\":\"https:\/\/unisalesiano.com.br\/aracatuba\/wp-content\/uploads\/2023\/01\/HospitalVet-1.png\",\"contentUrl\":\"https:\/\/unisalesiano.com.br\/aracatuba\/wp-content\/uploads\/2023\/01\/HospitalVet-1.png\",\"width\":1024,\"height\":235},{\"@type\":\"WebPage\",\"@id\":\"https:\/\/unisalesiano.com.br\/aracatuba\/hospital-veterinario\/#webpage\",\"url\":\"https:\/\/unisalesiano.com.br\/aracatuba\/hospital-veterinario\/\",\"name\":\"Hospital Veterin\\u00e1rio - UniSALESIANO Ara\\u00e7atuba\/SP\",\"isPartOf\":{\"@id\":\"https:\/\/unisalesiano.com.br\/aracatuba\/#website\"},\"primaryImageOfPage\":{\"@id\":\"https:\/\/unisalesiano.com.br\/aracatuba\/hospital-veterinario\/#primaryimage\"},\"datePublished\":\"2023-01-20T16:08:28+00:00\",\"dateModified\":\"2024-02-15T14:10:48+00:00\",\"breadcrumb\":{\"@id\":\"https:\/\/unisalesiano.com.br\/aracatuba\/hospital-veterinario\/#breadcrumb\"},\"inLanguage\":\"pt-BR\",\"potentialAction\":[{\"@type\":\"ReadAction\",\"target\":[\"https:\/\/unisalesiano.com.br\/aracatuba\/hospital-veterinario\/\"]}]},{\"@type\":\"BreadcrumbList\",\"@id\":\"https:\/\/unisalesiano.com.br\/aracatuba\/hospital-veterinario\/#breadcrumb\",\"itemListElement\":[{\"@type\":\"ListItem\",\"position\":1,\"name\":\"In\\u00edcio\",\"item\":\"https:\/\/unisalesiano.com.br\/aracatuba\/\"},{\"@type\":\"ListItem\",\"position\":2,\"name\":\"Hospital Veterin\\u00e1rio\"}]}]}<\/script>\n<!-- \/ Yoast SEO plugin. -->","yoast_head_json":{"title":"Hospital Veterin\u00e1rio - UniSALESIANO Ara\u00e7atuba\/SP","robots":{"index":"index","follow":"follow","max-snippet":"max-snippet:-1","max-image-preview":"max-image-preview:large","max-video-preview":"max-video-preview:-1"},"canonical":"https:\/\/unisalesiano.com.br\/aracatuba\/hospital-veterinario\/","og_locale":"pt_BR","og_type":"article","og_title":"Hospital Veterin\u00e1rio - UniSALESIANO Ara\u00e7atuba\/SP","og_description":"O Hospital Veterin\u00e1rio do UniSALESIANO \u00e9 um dos mais modernos e equipados do Estado de S\u00e3o Paulo. Conta com curral de manejo para bovinos, equipado com tronco de conten\u00e7\u00e3o, Laborat\u00f3rios de Anatomia Animal, Laborat\u00f3rio de An\u00e1lises Cl\u00ednicas animal, Sala de Raio-X, Sala de Ultrassom, Laborat\u00f3rio de T\u00e9cnica cir\u00fargica e Laborat\u00f3rio de Reprodu\u00e7\u00e3o Animal. Centros cir\u00fargicos [&hellip;]","og_url":"https:\/\/unisalesiano.com.br\/aracatuba\/hospital-veterinario\/","og_site_name":"UniSALESIANO Ara\u00e7atuba\/SP","article_modified_time":"2024-02-15T14:10:48+00:00","og_image":[{"url":"https:\/\/unisalesiano.com.br\/aracatuba\/wp-content\/uploads\/2023\/01\/HospitalVet-1.png"}],"twitter_card":"summary_large_image","twitter_misc":{"Est. tempo de leitura":"2 minutos"},"schema":{"@context":"https:\/\/schema.org","@graph":[{"@type":"WebSite","@id":"https:\/\/unisalesiano.com.br\/aracatuba\/#website","url":"https:\/\/unisalesiano.com.br\/aracatuba\/","name":"UniSALESIANO Ara\u00e7atuba\/SP","description":"Centro Universit\u00e1rio Cat\u00f3lico Salesiano Auxilium","potentialAction":[{"@type":"SearchAction","target":{"@type":"EntryPoint","urlTemplate":"https:\/\/unisalesiano.com.br\/aracatuba\/?s={search_term_string}"},"query-input":"required name=search_term_string"}],"inLanguage":"pt-BR"},{"@type":"ImageObject","@id":"https:\/\/unisalesiano.com.br\/aracatuba\/hospital-veterinario\/#primaryimage","inLanguage":"pt-BR","url":"https:\/\/unisalesiano.com.br\/aracatuba\/wp-content\/uploads\/2023\/01\/HospitalVet-1.png","contentUrl":"https:\/\/unisalesiano.com.br\/aracatuba\/wp-content\/uploads\/2023\/01\/HospitalVet-1.png","width":1024,"height":235},{"@type":"WebPage","@id":"https:\/\/unisalesiano.com.br\/aracatuba\/hospital-veterinario\/#webpage","url":"https:\/\/unisalesiano.com.br\/aracatuba\/hospital-veterinario\/","name":"Hospital Veterin\u00e1rio - UniSALESIANO Ara\u00e7atuba\/SP","isPartOf":{"@id":"https:\/\/unisalesiano.com.br\/aracatuba\/#website"},"primaryImageOfPage":{"@id":"https:\/\/unisalesiano.com.br\/aracatuba\/hospital-veterinario\/#primaryimage"},"datePublished":"2023-01-20T16:08:28+00:00","dateModified":"2024-02-15T14:10:48+00:00","breadcrumb":{"@id":"https:\/\/unisalesiano.com.br\/aracatuba\/hospital-veterinario\/#breadcrumb"},"inLanguage":"pt-BR","potentialAction":[{"@type":"ReadAction","target":["https:\/\/unisalesiano.com.br\/aracatuba\/hospital-veterinario\/"]}]},{"@type":"BreadcrumbList","@id":"https:\/\/unisalesiano.com.br\/aracatuba\/hospital-veterinario\/#breadcrumb","itemListElement":[{"@type":"ListItem","position":1,"name":"In\u00edcio","item":"https:\/\/unisalesiano.com.br\/aracatuba\/"},{"@type":"ListItem","position":2,"name":"Hospital Veterin\u00e1rio"}]}]}},"_links":{"self":[{"href":"https:\/\/unisalesiano.com.br\/aracatuba\/wp-json\/wp\/v2\/pages\/37674","targetHints":{"allow":["GET"]}}],"collection":[{"href":"https:\/\/unisalesiano.com.br\/aracatuba\/wp-json\/wp\/v2\/pages"}],"about":[{"href":"https:\/\/unisalesiano.com.br\/aracatuba\/wp-json\/wp\/v2\/types\/page"}],"author":[{"embeddable":true,"href":"https:\/\/unisalesiano.com.br\/aracatuba\/wp-json\/wp\/v2\/users\/4"}],"replies":[{"embeddable":true,"href":"https:\/\/unisalesiano.com.br\/aracatuba\/wp-json\/wp\/v2\/comments?post=37674"}],"version-history":[{"count":0,"href":"https:\/\/unisalesiano.com.br\/aracatuba\/wp-json\/wp\/v2\/pages\/37674\/revisions"}],"wp:attachment":[{"href":"https:\/\/unisalesiano.com.br\/aracatuba\/wp-json\/wp\/v2\/media?parent=37674"}],"curies":[{"name":"wp","href":"https:\/\/api.w.org\/{rel}","templated":true}]}}