{"id":376,"date":"2018-03-15T09:57:30","date_gmt":"2018-03-15T12:57:30","guid":{"rendered":"https:\/\/unisalesiano.com.br\/?page_id=376"},"modified":"2026-02-09T16:35:04","modified_gmt":"2026-02-09T19:35:04","slug":"administrativo","status":"publish","type":"page","link":"https:\/\/unisalesiano.com.br\/aracatuba\/administrativo\/","title":{"rendered":"Corpo Administrativo"},"content":{"rendered":"<p style=\"text-align: center;\"><strong>Pe. Paulo Fernando Vendrame\u00a0<\/strong><\/p>\n<p style=\"text-align: center;\">Reitor e Diretor-Geral UniSALESIANO Ara\u00e7atuba<\/p>\n<p>&nbsp;<\/p>\n<p style=\"text-align: center;\"><strong>Pe. Jo\u00e3o Marcos Ara\u00fajo Ramos<\/strong><\/p>\n<p style=\"text-align: center;\">Vice-Reitor e Diretor-Geral UniSALESIANO Lins<\/p>\n<p>&nbsp;<\/p>\n<p style=\"text-align: center;\"><strong>Prof\u00ba. Andr\u00e9 Luis Ornellas<\/strong><\/p>\n<p style=\"text-align: center;\">Pr\u00f3-Reitor de Ensino, Pesquisa e P\u00f3s-Gradua\u00e7\u00e3o<\/p>\n<p>&nbsp;<\/p>\n<p style=\"text-align: center;\"><strong>Vanda Aparecida Guilherme de Moura\u00a0<\/strong><\/p>\n<p style=\"text-align: center;\">Pr\u00f3-Reitora Administrativa<\/p>\n<p>&nbsp;<\/p>\n<p style=\"text-align: center;\"><strong>Pe. Paulo Eduardo J\u00e1como<\/strong><\/p>\n<p style=\"text-align: center;\">Pr\u00f3-Reitor de Pastoral<\/p>\n<p>&nbsp;<\/p>\n<p style=\"text-align: center;\"><strong>Coordenadores de Cursos &#8211; Ara\u00e7atuba<\/strong><\/p>\n<p style=\"text-align: center;\">Prof\u00ba. Ant\u00f4nio Moreira<\/p>\n<p style=\"text-align: center;\">Prof\u00ba. Ant\u00f4nio Henrique Oliveira Poletto<\/p>\n<p style=\"text-align: center;\">Prof\u00aa. Lilian Pacchioni Pereira de Sousa<\/p>\n<p style=\"text-align: center;\">Prof\u00aa. Giselle Sailer<\/p>\n<p style=\"text-align: center;\">Prof\u00ba. Giuliano Pinceratto<\/p>\n<p style=\"text-align: center;\">Prof\u00aa. Cibele Rodrigues<\/p>\n<p style=\"text-align: center;\">Prof\u00ba. Jos\u00e9 Carlos Lorenzetti<\/p>\n<p style=\"text-align: center;\">Prof\u00ba. Nelson Hitoshi Takiy<\/p>\n<p style=\"text-align: center;\">Prof\u00aa. Ariadine Pires<\/p>\n<p style=\"text-align: center;\">Prof\u00aa. Ana Carolina Lima Frade Gomes<\/p>\n<p style=\"text-align: center;\">Prof\u00aa. Carla Komatsu Machado<\/p>\n<p style=\"text-align: center;\">Prof\u00aa. Juliana Maria Mitidiero<\/p>\n<p style=\"text-align: center;\">Prof\u00aa. Maria Aparecida Teixeira<\/p>\n<p style=\"text-align: center;\">Prof\u00aa. Mirella Martins Justi<\/p>\n<p style=\"text-align: center;\">Prof\u00aa. Rossana Abud Cabrera Rosa<\/p>\n<p style=\"text-align: center;\">Prof\u00aa. Sheila Cardoso Ribeiro<\/p>\n<p style=\"text-align: center;\"><strong><em><br \/>\n<\/em>Coordenadores de Cursos &#8211; Lins<\/strong><\/p>\n<p style=\"text-align: center;\">Prof\u00aa. Elaine Cristina Moreira da Silva<\/p>\n<p style=\"text-align: center;\">Prof\u00aa. Gislaine Ogata Komatsu<\/p>\n<p style=\"text-align: center;\">Prof\u00aa. Helena Ayako Mukai<\/p>\n<p style=\"text-align: center;\">Prof\u00ba. Jo\u00e3o Artur Izzo<\/p>\n<p style=\"text-align: center;\">Prof\u00ba. Jo\u00e3o Rufino da Silva Junior<\/p>\n<p style=\"text-align: center;\">Profa. Elizeth Germano Mattos<\/p>\n<p style=\"text-align: center;\">Prof\u00aa. M\u00e1ris de Cassia Ribeiro Vendrame<\/p>\n<p style=\"text-align: center;\">Prof\u00ba. Victor Rocha Ara\u00fajo<\/p>\n<p style=\"text-align: center;\">Prof\u00ba. Osvaldo Moura Junior<\/p>\n<p style=\"text-align: center;\">Prof\u00ba. Silvio Fernando Guideti Marques<\/p>\n<p>&nbsp;<\/p>\n<p style=\"text-align: center;\"><strong>Administrativo<\/strong><\/p>\n<p style=\"text-align: center;\">Cl\u00e1udio Rodrigues &#8211; <strong>Coord. do Setor Financeiro \u2013 Lins<\/strong><\/p>\n<p style=\"text-align: center;\">Ducelene Barra &#8211; <strong>Secret\u00e1ria Acad\u00eamica\u2013 Ara\u00e7atuba<\/strong><\/p>\n<p style=\"text-align: center;\">Lucielena da Costa Santos &#8211; <strong>Secret\u00e1ria Acad\u00eamica \u2013 Lins<\/strong><\/p>\n<p style=\"text-align: center;\">Kelly Fernanda Teruel &#8211; <strong>Recursos Humanos \u2013 Ara\u00e7atuba<\/strong><\/p>\n<p style=\"text-align: center;\">Emanuelle Santos &#8211; <strong>Recursos Humanos \u2013 Lins<\/strong><\/p>\n<p style=\"text-align: center;\">Meiri Dalva Ver\u00edssimo &#8211; <strong>Bibliotec\u00e1ria \u2013 Ara\u00e7atuba<\/strong><\/p>\n<p style=\"text-align: center;\">Sandra F. Gon\u00e7alves de A. Montagnoli <strong>&#8211; Bibliotec\u00e1ria \u2013 Lins<\/strong><\/p>\n<p style=\"text-align: center;\">Paula Carolina Am\u00e9rico Foga\u00e7a Esp\u00edndola &#8211; <strong>Assistente Social \u2013 Ara\u00e7atuba<\/strong><\/p>\n<p style=\"text-align: center;\">Josiane de Souza Vancin &#8211; <strong>Assistente Social \u2013 Lins<\/strong><\/p>\n<p style=\"text-align: center;\">Cl\u00e1udio de Carvalho Paschoal &#8211; <strong>TI &#8211; Ara\u00e7atuba<\/strong><\/p>\n<p style=\"text-align: center;\">Amaro Aparecido de Ara\u00fajo Filho &#8211; <strong>Jur\u00eddico &#8211; Ara\u00e7atuba\/Lins<\/strong><\/p>\n<p style=\"text-align: center;\">Luiz Eduardo Cortes Bergamo &#8211; <strong>TI \u2013 Tecnologia da Informa\u00e7\u00e3o \u2013 Lins<\/strong><\/p>\n<p style=\"text-align: center;\">Maikon Malaquias &#8211; <strong>Comunica\u00e7\u00e3o\/Marketing \u2013 Ara\u00e7atuba<\/strong><\/p>\n<p style=\"text-align: center;\">Marcelo Ferracioli Uenaka &#8211; <strong>Comunica\u00e7\u00e3o\/Marketing \u2013 Lins<\/strong><\/p>\n","protected":false},"excerpt":{"rendered":"<p>Pe. Paulo Fernando Vendrame\u00a0 Reitor e Diretor-Geral UniSALESIANO Ara\u00e7atuba &nbsp; Pe. Jo\u00e3o Marcos Ara\u00fajo Ramos Vice-Reitor e Diretor-Geral UniSALESIANO Lins &nbsp; Prof\u00ba. Andr\u00e9 Luis Ornellas Pr\u00f3-Reitor de Ensino, Pesquisa e P\u00f3s-Gradua\u00e7\u00e3o &nbsp; Vanda Aparecida Guilherme de Moura\u00a0 Pr\u00f3-Reitora Administrativa &nbsp; Pe. Paulo Eduardo J\u00e1como Pr\u00f3-Reitor de Pastoral &nbsp; Coordenadores de Cursos &#8211; Ara\u00e7atuba Prof\u00ba. Ant\u00f4nio [&hellip;]<\/p>\n","protected":false},"author":1,"featured_media":0,"parent":0,"menu_order":0,"comment_status":"open","ping_status":"open","template":"","meta":{"footnotes":""},"class_list":["post-376","page","type-page","status-publish","hentry"],"yoast_head":"<!-- This site is optimized with the Yoast SEO plugin v17.4 - https:\/\/yoast.com\/wordpress\/plugins\/seo\/ -->\n<title>Corpo Administrativo - UniSALESIANO Ara\u00e7atuba\/SP<\/title>\n<meta name=\"robots\" content=\"index, follow, max-snippet:-1, max-image-preview:large, max-video-preview:-1\" \/>\n<link rel=\"canonical\" href=\"https:\/\/unisalesiano.com.br\/aracatuba\/administrativo\/\" \/>\n<meta property=\"og:locale\" content=\"pt_BR\" \/>\n<meta property=\"og:type\" content=\"article\" \/>\n<meta property=\"og:title\" content=\"Corpo Administrativo - UniSALESIANO Ara\u00e7atuba\/SP\" \/>\n<meta property=\"og:description\" content=\"Pe. Paulo Fernando Vendrame\u00a0 Reitor e Diretor-Geral UniSALESIANO Ara\u00e7atuba &nbsp; Pe. Jo\u00e3o Marcos Ara\u00fajo Ramos Vice-Reitor e Diretor-Geral UniSALESIANO Lins &nbsp; Prof\u00ba. Andr\u00e9 Luis Ornellas Pr\u00f3-Reitor de Ensino, Pesquisa e P\u00f3s-Gradua\u00e7\u00e3o &nbsp; Vanda Aparecida Guilherme de Moura\u00a0 Pr\u00f3-Reitora Administrativa &nbsp; Pe. Paulo Eduardo J\u00e1como Pr\u00f3-Reitor de Pastoral &nbsp; Coordenadores de Cursos &#8211; Ara\u00e7atuba Prof\u00ba. Ant\u00f4nio [&hellip;]\" \/>\n<meta property=\"og:url\" content=\"https:\/\/unisalesiano.com.br\/aracatuba\/administrativo\/\" \/>\n<meta property=\"og:site_name\" content=\"UniSALESIANO Ara\u00e7atuba\/SP\" \/>\n<meta property=\"article:modified_time\" content=\"2026-02-09T19:35:04+00:00\" \/>\n<meta name=\"twitter:card\" content=\"summary_large_image\" \/>\n<meta name=\"twitter:label1\" content=\"Est. tempo de leitura\" \/>\n\t<meta name=\"twitter:data1\" content=\"2 minutos\" \/>\n<script type=\"application\/ld+json\" class=\"yoast-schema-graph\">{\"@context\":\"https:\/\/schema.org\",\"@graph\":[{\"@type\":\"WebSite\",\"@id\":\"https:\/\/unisalesiano.com.br\/aracatuba\/#website\",\"url\":\"https:\/\/unisalesiano.com.br\/aracatuba\/\",\"name\":\"UniSALESIANO Ara\\u00e7atuba\/SP\",\"description\":\"Centro Universit\\u00e1rio Cat\\u00f3lico Salesiano Auxilium\",\"potentialAction\":[{\"@type\":\"SearchAction\",\"target\":{\"@type\":\"EntryPoint\",\"urlTemplate\":\"https:\/\/unisalesiano.com.br\/aracatuba\/?s={search_term_string}\"},\"query-input\":\"required name=search_term_string\"}],\"inLanguage\":\"pt-BR\"},{\"@type\":\"WebPage\",\"@id\":\"https:\/\/unisalesiano.com.br\/aracatuba\/administrativo\/#webpage\",\"url\":\"https:\/\/unisalesiano.com.br\/aracatuba\/administrativo\/\",\"name\":\"Corpo Administrativo - UniSALESIANO Ara\\u00e7atuba\/SP\",\"isPartOf\":{\"@id\":\"https:\/\/unisalesiano.com.br\/aracatuba\/#website\"},\"datePublished\":\"2018-03-15T12:57:30+00:00\",\"dateModified\":\"2026-02-09T19:35:04+00:00\",\"breadcrumb\":{\"@id\":\"https:\/\/unisalesiano.com.br\/aracatuba\/administrativo\/#breadcrumb\"},\"inLanguage\":\"pt-BR\",\"potentialAction\":[{\"@type\":\"ReadAction\",\"target\":[\"https:\/\/unisalesiano.com.br\/aracatuba\/administrativo\/\"]}]},{\"@type\":\"BreadcrumbList\",\"@id\":\"https:\/\/unisalesiano.com.br\/aracatuba\/administrativo\/#breadcrumb\",\"itemListElement\":[{\"@type\":\"ListItem\",\"position\":1,\"name\":\"In\\u00edcio\",\"item\":\"https:\/\/unisalesiano.com.br\/aracatuba\/\"},{\"@type\":\"ListItem\",\"position\":2,\"name\":\"Corpo Administrativo\"}]}]}<\/script>\n<!-- \/ Yoast SEO plugin. -->","yoast_head_json":{"title":"Corpo Administrativo - UniSALESIANO Ara\u00e7atuba\/SP","robots":{"index":"index","follow":"follow","max-snippet":"max-snippet:-1","max-image-preview":"max-image-preview:large","max-video-preview":"max-video-preview:-1"},"canonical":"https:\/\/unisalesiano.com.br\/aracatuba\/administrativo\/","og_locale":"pt_BR","og_type":"article","og_title":"Corpo Administrativo - UniSALESIANO Ara\u00e7atuba\/SP","og_description":"Pe. Paulo Fernando Vendrame\u00a0 Reitor e Diretor-Geral UniSALESIANO Ara\u00e7atuba &nbsp; Pe. Jo\u00e3o Marcos Ara\u00fajo Ramos Vice-Reitor e Diretor-Geral UniSALESIANO Lins &nbsp; Prof\u00ba. Andr\u00e9 Luis Ornellas Pr\u00f3-Reitor de Ensino, Pesquisa e P\u00f3s-Gradua\u00e7\u00e3o &nbsp; Vanda Aparecida Guilherme de Moura\u00a0 Pr\u00f3-Reitora Administrativa &nbsp; Pe. Paulo Eduardo J\u00e1como Pr\u00f3-Reitor de Pastoral &nbsp; Coordenadores de Cursos &#8211; Ara\u00e7atuba Prof\u00ba. Ant\u00f4nio [&hellip;]","og_url":"https:\/\/unisalesiano.com.br\/aracatuba\/administrativo\/","og_site_name":"UniSALESIANO Ara\u00e7atuba\/SP","article_modified_time":"2026-02-09T19:35:04+00:00","twitter_card":"summary_large_image","twitter_misc":{"Est. tempo de leitura":"2 minutos"},"schema":{"@context":"https:\/\/schema.org","@graph":[{"@type":"WebSite","@id":"https:\/\/unisalesiano.com.br\/aracatuba\/#website","url":"https:\/\/unisalesiano.com.br\/aracatuba\/","name":"UniSALESIANO Ara\u00e7atuba\/SP","description":"Centro Universit\u00e1rio Cat\u00f3lico Salesiano Auxilium","potentialAction":[{"@type":"SearchAction","target":{"@type":"EntryPoint","urlTemplate":"https:\/\/unisalesiano.com.br\/aracatuba\/?s={search_term_string}"},"query-input":"required name=search_term_string"}],"inLanguage":"pt-BR"},{"@type":"WebPage","@id":"https:\/\/unisalesiano.com.br\/aracatuba\/administrativo\/#webpage","url":"https:\/\/unisalesiano.com.br\/aracatuba\/administrativo\/","name":"Corpo Administrativo - UniSALESIANO Ara\u00e7atuba\/SP","isPartOf":{"@id":"https:\/\/unisalesiano.com.br\/aracatuba\/#website"},"datePublished":"2018-03-15T12:57:30+00:00","dateModified":"2026-02-09T19:35:04+00:00","breadcrumb":{"@id":"https:\/\/unisalesiano.com.br\/aracatuba\/administrativo\/#breadcrumb"},"inLanguage":"pt-BR","potentialAction":[{"@type":"ReadAction","target":["https:\/\/unisalesiano.com.br\/aracatuba\/administrativo\/"]}]},{"@type":"BreadcrumbList","@id":"https:\/\/unisalesiano.com.br\/aracatuba\/administrativo\/#breadcrumb","itemListElement":[{"@type":"ListItem","position":1,"name":"In\u00edcio","item":"https:\/\/unisalesiano.com.br\/aracatuba\/"},{"@type":"ListItem","position":2,"name":"Corpo Administrativo"}]}]}},"_links":{"self":[{"href":"https:\/\/unisalesiano.com.br\/aracatuba\/wp-json\/wp\/v2\/pages\/376","targetHints":{"allow":["GET"]}}],"collection":[{"href":"https:\/\/unisalesiano.com.br\/aracatuba\/wp-json\/wp\/v2\/pages"}],"about":[{"href":"https:\/\/unisalesiano.com.br\/aracatuba\/wp-json\/wp\/v2\/types\/page"}],"author":[{"embeddable":true,"href":"https:\/\/unisalesiano.com.br\/aracatuba\/wp-json\/wp\/v2\/users\/1"}],"replies":[{"embeddable":true,"href":"https:\/\/unisalesiano.com.br\/aracatuba\/wp-json\/wp\/v2\/comments?post=376"}],"version-history":[{"count":0,"href":"https:\/\/unisalesiano.com.br\/aracatuba\/wp-json\/wp\/v2\/pages\/376\/revisions"}],"wp:attachment":[{"href":"https:\/\/unisalesiano.com.br\/aracatuba\/wp-json\/wp\/v2\/media?parent=376"}],"curies":[{"name":"wp","href":"https:\/\/api.w.org\/{rel}","templated":true}]}}