{"id":364,"date":"2018-05-14T17:36:13","date_gmt":"2018-05-14T20:36:13","guid":{"rendered":"https:\/\/unisalesiano.com.br\/?page_id=364"},"modified":"2023-08-09T09:44:30","modified_gmt":"2023-08-09T12:44:30","slug":"palavra-do-reitor","status":"publish","type":"page","link":"https:\/\/unisalesiano.com.br\/aracatuba\/palavra-do-reitor\/","title":{"rendered":"Palavra do Reitor"},"content":{"rendered":"<p>Com muita alegria e gratid\u00e3o me dirijo a todos voc\u00eas, que fazem parte da fam\u00edlia UniSALESIANO! Como Reitor do Centro Universit\u00e1rio Cat\u00f3lico Salesiano Auxilium &#8211; UniSALESIANO, quero acolher cada professor e acad\u00eamico que vem a esta institui\u00e7\u00e3o que tem como miss\u00e3o promover uma educa\u00e7\u00e3o de excel\u00eancia, fundada em valores humanos e crist\u00e3os, e no desenvolvimento integral de cada indiv\u00edduo que passa por nossos corredores.<\/p>\n<p>Nossa jornada acad\u00eamica \u00e9 repleta de desafios e conquistas, e acredito firmemente que somente atrav\u00e9s do comprometimento e dedica\u00e7\u00e3o, podemos alcan\u00e7ar os mais altos padr\u00f5es de sucesso. Nossa equipe docente, funcion\u00e1rios e estudantes s\u00e3o a ess\u00eancia do nosso sucesso, e \u00e9 com orgulho que testemunho o crescimento e o progresso que alcan\u00e7amos juntos ao longo destes anos.<\/p>\n<p>No UniSALESIANO, buscamos incansavelmente promover um ambiente de aprendizado inspirador e inclusivo, onde todos se sintam valorizados e respeitados. Nossa institui\u00e7\u00e3o se esfor\u00e7a para proporcionar uma educa\u00e7\u00e3o de qualidade que prepare nossos estudantes para os desafios do mundo contempor\u00e2neo, mas tamb\u00e9m para cultivar valores \u00e9ticos, humanos e espirituais que os ajudar\u00e3o a serem \u201cbons crist\u00e3os, honestos cidad\u00e3os e profissionais competentes! \u201d<\/p>\n<p>\u00c9 crucial lembrarmos constantemente do nosso prop\u00f3sito, da nossa raz\u00e3o de ser como Institui\u00e7\u00e3o de Ensino Superior. Somos agentes de transforma\u00e7\u00e3o na sociedade, usando nossos conhecimentos e habilidades para enfrentar os problemas do mundo com solu\u00e7\u00f5es inovadoras e sustent\u00e1veis.<\/p>\n<p>Nossa comunidade acad\u00eamica tem um papel fundamental na constru\u00e7\u00e3o de um futuro melhor. Cada pesquisa, projeto, iniciativa de extens\u00e3o e atividade extracurricular que realizamos tem o poder de impactar vidas e moldar o destino de nossa regi\u00e3o. \u00c9 uma responsabilidade que carregamos em nosso DNA Salesiano.<\/p>\n<p>Portanto, encorajo todos voc\u00eas a abra\u00e7arem essa jornada de aprendizado e autodescoberta com paix\u00e3o e dedica\u00e7\u00e3o. Aproveitem ao m\u00e1ximo as oportunidades que esta institui\u00e7\u00e3o oferece, coloquem em pr\u00e1tica suas ideias e contribuam positivamente para o nosso meio ambiente (nossa \u201ccasa comum\u201d) e comunidade.<\/p>\n<p>Agrade\u00e7o a cada um de voc\u00eas pelo comprometimento e dedica\u00e7\u00e3o, e estou ansioso para testemunhar o impacto positivo que continuaremos a criar juntos.<\/p>\n<p>Em Dom Bosco, Santo e empreendedor,<\/p>\n<p><em><strong>Pe. Paulo Fernando Vendrame<\/strong><\/em><\/p>\n<p><em><strong>Reitor do UniSALESIANO &#8211; Centro Universit\u00e1rio Cat\u00f3lico Salesiano Auxilium<\/strong><\/em><\/p>\n","protected":false},"excerpt":{"rendered":"<p>Com muita alegria e gratid\u00e3o me dirijo a todos voc\u00eas, que fazem parte da fam\u00edlia UniSALESIANO! Como Reitor do Centro Universit\u00e1rio Cat\u00f3lico Salesiano Auxilium &#8211; UniSALESIANO, quero acolher cada professor e acad\u00eamico que vem a esta institui\u00e7\u00e3o que tem como miss\u00e3o promover uma educa\u00e7\u00e3o de excel\u00eancia, fundada em valores humanos e crist\u00e3os, e no desenvolvimento [&hellip;]<\/p>\n","protected":false},"author":1,"featured_media":0,"parent":0,"menu_order":0,"comment_status":"closed","ping_status":"closed","template":"","meta":{"footnotes":""},"class_list":["post-364","page","type-page","status-publish","hentry"],"yoast_head":"<!-- This site is optimized with the Yoast SEO plugin v17.4 - https:\/\/yoast.com\/wordpress\/plugins\/seo\/ -->\n<title>Palavra do Reitor - UniSALESIANO Ara\u00e7atuba\/SP<\/title>\n<meta name=\"robots\" content=\"index, follow, max-snippet:-1, max-image-preview:large, max-video-preview:-1\" \/>\n<link rel=\"canonical\" href=\"https:\/\/unisalesiano.com.br\/aracatuba\/palavra-do-reitor\/\" \/>\n<meta property=\"og:locale\" content=\"pt_BR\" \/>\n<meta property=\"og:type\" content=\"article\" \/>\n<meta property=\"og:title\" content=\"Palavra do Reitor - UniSALESIANO Ara\u00e7atuba\/SP\" \/>\n<meta property=\"og:description\" content=\"Com muita alegria e gratid\u00e3o me dirijo a todos voc\u00eas, que fazem parte da fam\u00edlia UniSALESIANO! Como Reitor do Centro Universit\u00e1rio Cat\u00f3lico Salesiano Auxilium &#8211; UniSALESIANO, quero acolher cada professor e acad\u00eamico que vem a esta institui\u00e7\u00e3o que tem como miss\u00e3o promover uma educa\u00e7\u00e3o de excel\u00eancia, fundada em valores humanos e crist\u00e3os, e no desenvolvimento [&hellip;]\" \/>\n<meta property=\"og:url\" content=\"https:\/\/unisalesiano.com.br\/aracatuba\/palavra-do-reitor\/\" \/>\n<meta property=\"og:site_name\" content=\"UniSALESIANO Ara\u00e7atuba\/SP\" \/>\n<meta property=\"article:modified_time\" content=\"2023-08-09T12:44:30+00:00\" \/>\n<meta name=\"twitter:card\" content=\"summary_large_image\" \/>\n<meta name=\"twitter:label1\" content=\"Est. tempo de leitura\" \/>\n\t<meta name=\"twitter:data1\" content=\"2 minutos\" \/>\n<script type=\"application\/ld+json\" class=\"yoast-schema-graph\">{\"@context\":\"https:\/\/schema.org\",\"@graph\":[{\"@type\":\"WebSite\",\"@id\":\"https:\/\/unisalesiano.com.br\/aracatuba\/#website\",\"url\":\"https:\/\/unisalesiano.com.br\/aracatuba\/\",\"name\":\"UniSALESIANO Ara\\u00e7atuba\/SP\",\"description\":\"Centro Universit\\u00e1rio Cat\\u00f3lico Salesiano Auxilium\",\"potentialAction\":[{\"@type\":\"SearchAction\",\"target\":{\"@type\":\"EntryPoint\",\"urlTemplate\":\"https:\/\/unisalesiano.com.br\/aracatuba\/?s={search_term_string}\"},\"query-input\":\"required name=search_term_string\"}],\"inLanguage\":\"pt-BR\"},{\"@type\":\"WebPage\",\"@id\":\"https:\/\/unisalesiano.com.br\/aracatuba\/palavra-do-reitor\/#webpage\",\"url\":\"https:\/\/unisalesiano.com.br\/aracatuba\/palavra-do-reitor\/\",\"name\":\"Palavra do Reitor - UniSALESIANO Ara\\u00e7atuba\/SP\",\"isPartOf\":{\"@id\":\"https:\/\/unisalesiano.com.br\/aracatuba\/#website\"},\"datePublished\":\"2018-05-14T20:36:13+00:00\",\"dateModified\":\"2023-08-09T12:44:30+00:00\",\"breadcrumb\":{\"@id\":\"https:\/\/unisalesiano.com.br\/aracatuba\/palavra-do-reitor\/#breadcrumb\"},\"inLanguage\":\"pt-BR\",\"potentialAction\":[{\"@type\":\"ReadAction\",\"target\":[\"https:\/\/unisalesiano.com.br\/aracatuba\/palavra-do-reitor\/\"]}]},{\"@type\":\"BreadcrumbList\",\"@id\":\"https:\/\/unisalesiano.com.br\/aracatuba\/palavra-do-reitor\/#breadcrumb\",\"itemListElement\":[{\"@type\":\"ListItem\",\"position\":1,\"name\":\"In\\u00edcio\",\"item\":\"https:\/\/unisalesiano.com.br\/aracatuba\/\"},{\"@type\":\"ListItem\",\"position\":2,\"name\":\"Palavra do Reitor\"}]}]}<\/script>\n<!-- \/ Yoast SEO plugin. -->","yoast_head_json":{"title":"Palavra do Reitor - UniSALESIANO Ara\u00e7atuba\/SP","robots":{"index":"index","follow":"follow","max-snippet":"max-snippet:-1","max-image-preview":"max-image-preview:large","max-video-preview":"max-video-preview:-1"},"canonical":"https:\/\/unisalesiano.com.br\/aracatuba\/palavra-do-reitor\/","og_locale":"pt_BR","og_type":"article","og_title":"Palavra do Reitor - UniSALESIANO Ara\u00e7atuba\/SP","og_description":"Com muita alegria e gratid\u00e3o me dirijo a todos voc\u00eas, que fazem parte da fam\u00edlia UniSALESIANO! Como Reitor do Centro Universit\u00e1rio Cat\u00f3lico Salesiano Auxilium &#8211; UniSALESIANO, quero acolher cada professor e acad\u00eamico que vem a esta institui\u00e7\u00e3o que tem como miss\u00e3o promover uma educa\u00e7\u00e3o de excel\u00eancia, fundada em valores humanos e crist\u00e3os, e no desenvolvimento [&hellip;]","og_url":"https:\/\/unisalesiano.com.br\/aracatuba\/palavra-do-reitor\/","og_site_name":"UniSALESIANO Ara\u00e7atuba\/SP","article_modified_time":"2023-08-09T12:44:30+00:00","twitter_card":"summary_large_image","twitter_misc":{"Est. tempo de leitura":"2 minutos"},"schema":{"@context":"https:\/\/schema.org","@graph":[{"@type":"WebSite","@id":"https:\/\/unisalesiano.com.br\/aracatuba\/#website","url":"https:\/\/unisalesiano.com.br\/aracatuba\/","name":"UniSALESIANO Ara\u00e7atuba\/SP","description":"Centro Universit\u00e1rio Cat\u00f3lico Salesiano Auxilium","potentialAction":[{"@type":"SearchAction","target":{"@type":"EntryPoint","urlTemplate":"https:\/\/unisalesiano.com.br\/aracatuba\/?s={search_term_string}"},"query-input":"required name=search_term_string"}],"inLanguage":"pt-BR"},{"@type":"WebPage","@id":"https:\/\/unisalesiano.com.br\/aracatuba\/palavra-do-reitor\/#webpage","url":"https:\/\/unisalesiano.com.br\/aracatuba\/palavra-do-reitor\/","name":"Palavra do Reitor - UniSALESIANO Ara\u00e7atuba\/SP","isPartOf":{"@id":"https:\/\/unisalesiano.com.br\/aracatuba\/#website"},"datePublished":"2018-05-14T20:36:13+00:00","dateModified":"2023-08-09T12:44:30+00:00","breadcrumb":{"@id":"https:\/\/unisalesiano.com.br\/aracatuba\/palavra-do-reitor\/#breadcrumb"},"inLanguage":"pt-BR","potentialAction":[{"@type":"ReadAction","target":["https:\/\/unisalesiano.com.br\/aracatuba\/palavra-do-reitor\/"]}]},{"@type":"BreadcrumbList","@id":"https:\/\/unisalesiano.com.br\/aracatuba\/palavra-do-reitor\/#breadcrumb","itemListElement":[{"@type":"ListItem","position":1,"name":"In\u00edcio","item":"https:\/\/unisalesiano.com.br\/aracatuba\/"},{"@type":"ListItem","position":2,"name":"Palavra do Reitor"}]}]}},"_links":{"self":[{"href":"https:\/\/unisalesiano.com.br\/aracatuba\/wp-json\/wp\/v2\/pages\/364","targetHints":{"allow":["GET"]}}],"collection":[{"href":"https:\/\/unisalesiano.com.br\/aracatuba\/wp-json\/wp\/v2\/pages"}],"about":[{"href":"https:\/\/unisalesiano.com.br\/aracatuba\/wp-json\/wp\/v2\/types\/page"}],"author":[{"embeddable":true,"href":"https:\/\/unisalesiano.com.br\/aracatuba\/wp-json\/wp\/v2\/users\/1"}],"replies":[{"embeddable":true,"href":"https:\/\/unisalesiano.com.br\/aracatuba\/wp-json\/wp\/v2\/comments?post=364"}],"version-history":[{"count":0,"href":"https:\/\/unisalesiano.com.br\/aracatuba\/wp-json\/wp\/v2\/pages\/364\/revisions"}],"wp:attachment":[{"href":"https:\/\/unisalesiano.com.br\/aracatuba\/wp-json\/wp\/v2\/media?parent=364"}],"curies":[{"name":"wp","href":"https:\/\/api.w.org\/{rel}","templated":true}]}}