{"id":35438,"date":"2022-04-20T12:23:55","date_gmt":"2022-04-20T15:23:55","guid":{"rendered":"https:\/\/unisalesiano.com.br\/aracatuba\/?page_id=35438"},"modified":"2022-04-20T12:23:55","modified_gmt":"2022-04-20T15:23:55","slug":"pre-inscricao-vestibular-medicina","status":"publish","type":"page","link":"https:\/\/unisalesiano.com.br\/aracatuba\/pre-inscricao-vestibular-medicina\/","title":{"rendered":"Pr\u00e9-Inscri\u00e7\u00e3o Vestibular Medicina"},"content":{"rendered":"<p><img loading=\"lazy\" decoding=\"async\" class=\"size-medium wp-image-35439 aligncenter\" src=\"https:\/\/unisalesiano.com.br\/aracatuba\/wp-content\/uploads\/2022\/04\/Vestibular_Medicina-300x97.png\" alt=\"\" width=\"300\" height=\"97\" srcset=\"https:\/\/unisalesiano.com.br\/aracatuba\/wp-content\/uploads\/2022\/04\/Vestibular_Medicina-300x97.png 300w, https:\/\/unisalesiano.com.br\/aracatuba\/wp-content\/uploads\/2022\/04\/Vestibular_Medicina.png 598w\" sizes=\"auto, (max-width: 300px) 100vw, 300px\" \/><\/p>\n<p style=\"text-align: center;\">&#x2714; <strong>Parab\u00e9ns, futuro vestibulando de Medicina. A\u00a0sua pr\u00e9-inscri\u00e7\u00e3o foi conclu\u00edda com sucesso.<\/strong><\/p>\n<p>&#x26a0; Vamos passar algumas informa\u00e7\u00f5es para voc\u00ea. Ent\u00e3o, j\u00e1 anota no seu calend\u00e1rio:<\/p>\n<p>&#x1f48c; A partir do dia 23 de maio, voc\u00ea receber\u00e1 em seu e-mail o link oficial para a concretiza\u00e7\u00e3o da sua<strong> inscri\u00e7\u00e3o oficial<\/strong>.<\/p>\n<p>&#x2757; Lembrando que a data do vestibular ser\u00e1 2 de Julho, de forma presencial, no UniSALESIANO de Ara\u00e7atuba &#8211; inscri\u00e7\u00f5es de 23 de maio a 24 de junho (em nosso site).<\/p>\n<p style=\"text-align: center;\">O cadastro da pr\u00e9-inscri\u00e7\u00e3o <strong>N\u00c3O<\/strong> garante a sua inscri\u00e7\u00e3o no vestibular. \u00c9 <strong>necess\u00e1rio<\/strong> que, a partir do dia 23 de maio, seja concretizada, seguindo todos os crit\u00e9rios expostos no <strong>Edital<\/strong>.<\/p>\n<p>&nbsp;<\/p>\n<p style=\"text-align: center;\">&#x1f447; Para saber mais, \u00e9 s\u00f3 clicar no link abaixo. Vai, \u00e9 s\u00f3 clicar!<\/p>\n<p style=\"text-align: center;\"><a href=\"https:\/\/unisalesiano.com.br\/aracatuba\/vestibular-medicina\/\"><strong>CLIQUE AQUI &#8211; ACESSE A P\u00c1GINA DO VESTIBULAR<\/strong><\/a><\/p>\n<p>&nbsp;<\/p>\n<p><img loading=\"lazy\" decoding=\"async\" class=\"size-medium wp-image-35440 aligncenter\" src=\"https:\/\/unisalesiano.com.br\/aracatuba\/wp-content\/uploads\/2022\/04\/Vestibular_Medicina_frase-300x131.png\" alt=\"\" width=\"300\" height=\"131\" srcset=\"https:\/\/unisalesiano.com.br\/aracatuba\/wp-content\/uploads\/2022\/04\/Vestibular_Medicina_frase-300x131.png 300w, https:\/\/unisalesiano.com.br\/aracatuba\/wp-content\/uploads\/2022\/04\/Vestibular_Medicina_frase.png 444w\" sizes=\"auto, (max-width: 300px) 100vw, 300px\" \/><\/p>\n","protected":false},"excerpt":{"rendered":"<p>&#x2714; Parab\u00e9ns, futuro vestibulando de Medicina. A\u00a0sua pr\u00e9-inscri\u00e7\u00e3o foi conclu\u00edda com sucesso. &#x26a0; Vamos passar algumas informa\u00e7\u00f5es para voc\u00ea. Ent\u00e3o, j\u00e1 anota no seu calend\u00e1rio: &#x1f48c; A partir do dia 23 de maio, voc\u00ea receber\u00e1 em seu e-mail o link oficial para a concretiza\u00e7\u00e3o da sua inscri\u00e7\u00e3o oficial. &#x2757; Lembrando que a data do vestibular [&hellip;]<\/p>\n","protected":false},"author":1,"featured_media":0,"parent":0,"menu_order":0,"comment_status":"closed","ping_status":"closed","template":"","meta":{"footnotes":""},"class_list":["post-35438","page","type-page","status-publish","hentry"],"yoast_head":"<!-- This site is optimized with the Yoast SEO plugin v17.4 - https:\/\/yoast.com\/wordpress\/plugins\/seo\/ -->\n<title>Pr\u00e9-Inscri\u00e7\u00e3o Vestibular Medicina - UniSALESIANO Ara\u00e7atuba\/SP<\/title>\n<meta name=\"robots\" content=\"index, follow, max-snippet:-1, max-image-preview:large, max-video-preview:-1\" \/>\n<link rel=\"canonical\" href=\"https:\/\/unisalesiano.com.br\/aracatuba\/pre-inscricao-vestibular-medicina\/\" \/>\n<meta property=\"og:locale\" content=\"pt_BR\" \/>\n<meta property=\"og:type\" content=\"article\" \/>\n<meta property=\"og:title\" content=\"Pr\u00e9-Inscri\u00e7\u00e3o Vestibular Medicina - UniSALESIANO Ara\u00e7atuba\/SP\" \/>\n<meta property=\"og:description\" content=\"&#x2714; Parab\u00e9ns, futuro vestibulando de Medicina. A\u00a0sua pr\u00e9-inscri\u00e7\u00e3o foi conclu\u00edda com sucesso. &#x26a0; Vamos passar algumas informa\u00e7\u00f5es para voc\u00ea. Ent\u00e3o, j\u00e1 anota no seu calend\u00e1rio: &#x1f48c; A partir do dia 23 de maio, voc\u00ea receber\u00e1 em seu e-mail o link oficial para a concretiza\u00e7\u00e3o da sua inscri\u00e7\u00e3o oficial. &#x2757; Lembrando que a data do vestibular [&hellip;]\" \/>\n<meta property=\"og:url\" content=\"https:\/\/unisalesiano.com.br\/aracatuba\/pre-inscricao-vestibular-medicina\/\" \/>\n<meta property=\"og:site_name\" content=\"UniSALESIANO Ara\u00e7atuba\/SP\" \/>\n<meta property=\"og:image\" content=\"https:\/\/unisalesiano.com.br\/aracatuba\/wp-content\/uploads\/2022\/04\/Vestibular_Medicina-300x97.png\" \/>\n<meta name=\"twitter:card\" content=\"summary_large_image\" \/>\n<meta name=\"twitter:label1\" content=\"Est. tempo de leitura\" \/>\n\t<meta name=\"twitter:data1\" content=\"1 minuto\" \/>\n<script type=\"application\/ld+json\" class=\"yoast-schema-graph\">{\"@context\":\"https:\/\/schema.org\",\"@graph\":[{\"@type\":\"WebSite\",\"@id\":\"https:\/\/unisalesiano.com.br\/aracatuba\/#website\",\"url\":\"https:\/\/unisalesiano.com.br\/aracatuba\/\",\"name\":\"UniSALESIANO Ara\\u00e7atuba\/SP\",\"description\":\"Centro Universit\\u00e1rio Cat\\u00f3lico Salesiano Auxilium\",\"potentialAction\":[{\"@type\":\"SearchAction\",\"target\":{\"@type\":\"EntryPoint\",\"urlTemplate\":\"https:\/\/unisalesiano.com.br\/aracatuba\/?s={search_term_string}\"},\"query-input\":\"required name=search_term_string\"}],\"inLanguage\":\"pt-BR\"},{\"@type\":\"ImageObject\",\"@id\":\"https:\/\/unisalesiano.com.br\/aracatuba\/pre-inscricao-vestibular-medicina\/#primaryimage\",\"inLanguage\":\"pt-BR\",\"url\":\"https:\/\/unisalesiano.com.br\/aracatuba\/wp-content\/uploads\/2022\/04\/Vestibular_Medicina.png\",\"contentUrl\":\"https:\/\/unisalesiano.com.br\/aracatuba\/wp-content\/uploads\/2022\/04\/Vestibular_Medicina.png\",\"width\":598,\"height\":194},{\"@type\":\"WebPage\",\"@id\":\"https:\/\/unisalesiano.com.br\/aracatuba\/pre-inscricao-vestibular-medicina\/#webpage\",\"url\":\"https:\/\/unisalesiano.com.br\/aracatuba\/pre-inscricao-vestibular-medicina\/\",\"name\":\"Pr\\u00e9-Inscri\\u00e7\\u00e3o Vestibular Medicina - UniSALESIANO Ara\\u00e7atuba\/SP\",\"isPartOf\":{\"@id\":\"https:\/\/unisalesiano.com.br\/aracatuba\/#website\"},\"primaryImageOfPage\":{\"@id\":\"https:\/\/unisalesiano.com.br\/aracatuba\/pre-inscricao-vestibular-medicina\/#primaryimage\"},\"datePublished\":\"2022-04-20T15:23:55+00:00\",\"dateModified\":\"2022-04-20T15:23:55+00:00\",\"breadcrumb\":{\"@id\":\"https:\/\/unisalesiano.com.br\/aracatuba\/pre-inscricao-vestibular-medicina\/#breadcrumb\"},\"inLanguage\":\"pt-BR\",\"potentialAction\":[{\"@type\":\"ReadAction\",\"target\":[\"https:\/\/unisalesiano.com.br\/aracatuba\/pre-inscricao-vestibular-medicina\/\"]}]},{\"@type\":\"BreadcrumbList\",\"@id\":\"https:\/\/unisalesiano.com.br\/aracatuba\/pre-inscricao-vestibular-medicina\/#breadcrumb\",\"itemListElement\":[{\"@type\":\"ListItem\",\"position\":1,\"name\":\"In\\u00edcio\",\"item\":\"https:\/\/unisalesiano.com.br\/aracatuba\/\"},{\"@type\":\"ListItem\",\"position\":2,\"name\":\"Pr\\u00e9-Inscri\\u00e7\\u00e3o Vestibular Medicina\"}]}]}<\/script>\n<!-- \/ Yoast SEO plugin. -->","yoast_head_json":{"title":"Pr\u00e9-Inscri\u00e7\u00e3o Vestibular Medicina - UniSALESIANO Ara\u00e7atuba\/SP","robots":{"index":"index","follow":"follow","max-snippet":"max-snippet:-1","max-image-preview":"max-image-preview:large","max-video-preview":"max-video-preview:-1"},"canonical":"https:\/\/unisalesiano.com.br\/aracatuba\/pre-inscricao-vestibular-medicina\/","og_locale":"pt_BR","og_type":"article","og_title":"Pr\u00e9-Inscri\u00e7\u00e3o Vestibular Medicina - UniSALESIANO Ara\u00e7atuba\/SP","og_description":"&#x2714; Parab\u00e9ns, futuro vestibulando de Medicina. A\u00a0sua pr\u00e9-inscri\u00e7\u00e3o foi conclu\u00edda com sucesso. &#x26a0; Vamos passar algumas informa\u00e7\u00f5es para voc\u00ea. Ent\u00e3o, j\u00e1 anota no seu calend\u00e1rio: &#x1f48c; A partir do dia 23 de maio, voc\u00ea receber\u00e1 em seu e-mail o link oficial para a concretiza\u00e7\u00e3o da sua inscri\u00e7\u00e3o oficial. &#x2757; Lembrando que a data do vestibular [&hellip;]","og_url":"https:\/\/unisalesiano.com.br\/aracatuba\/pre-inscricao-vestibular-medicina\/","og_site_name":"UniSALESIANO Ara\u00e7atuba\/SP","og_image":[{"url":"https:\/\/unisalesiano.com.br\/aracatuba\/wp-content\/uploads\/2022\/04\/Vestibular_Medicina-300x97.png"}],"twitter_card":"summary_large_image","twitter_misc":{"Est. tempo de leitura":"1 minuto"},"schema":{"@context":"https:\/\/schema.org","@graph":[{"@type":"WebSite","@id":"https:\/\/unisalesiano.com.br\/aracatuba\/#website","url":"https:\/\/unisalesiano.com.br\/aracatuba\/","name":"UniSALESIANO Ara\u00e7atuba\/SP","description":"Centro Universit\u00e1rio Cat\u00f3lico Salesiano Auxilium","potentialAction":[{"@type":"SearchAction","target":{"@type":"EntryPoint","urlTemplate":"https:\/\/unisalesiano.com.br\/aracatuba\/?s={search_term_string}"},"query-input":"required name=search_term_string"}],"inLanguage":"pt-BR"},{"@type":"ImageObject","@id":"https:\/\/unisalesiano.com.br\/aracatuba\/pre-inscricao-vestibular-medicina\/#primaryimage","inLanguage":"pt-BR","url":"https:\/\/unisalesiano.com.br\/aracatuba\/wp-content\/uploads\/2022\/04\/Vestibular_Medicina.png","contentUrl":"https:\/\/unisalesiano.com.br\/aracatuba\/wp-content\/uploads\/2022\/04\/Vestibular_Medicina.png","width":598,"height":194},{"@type":"WebPage","@id":"https:\/\/unisalesiano.com.br\/aracatuba\/pre-inscricao-vestibular-medicina\/#webpage","url":"https:\/\/unisalesiano.com.br\/aracatuba\/pre-inscricao-vestibular-medicina\/","name":"Pr\u00e9-Inscri\u00e7\u00e3o Vestibular Medicina - UniSALESIANO Ara\u00e7atuba\/SP","isPartOf":{"@id":"https:\/\/unisalesiano.com.br\/aracatuba\/#website"},"primaryImageOfPage":{"@id":"https:\/\/unisalesiano.com.br\/aracatuba\/pre-inscricao-vestibular-medicina\/#primaryimage"},"datePublished":"2022-04-20T15:23:55+00:00","dateModified":"2022-04-20T15:23:55+00:00","breadcrumb":{"@id":"https:\/\/unisalesiano.com.br\/aracatuba\/pre-inscricao-vestibular-medicina\/#breadcrumb"},"inLanguage":"pt-BR","potentialAction":[{"@type":"ReadAction","target":["https:\/\/unisalesiano.com.br\/aracatuba\/pre-inscricao-vestibular-medicina\/"]}]},{"@type":"BreadcrumbList","@id":"https:\/\/unisalesiano.com.br\/aracatuba\/pre-inscricao-vestibular-medicina\/#breadcrumb","itemListElement":[{"@type":"ListItem","position":1,"name":"In\u00edcio","item":"https:\/\/unisalesiano.com.br\/aracatuba\/"},{"@type":"ListItem","position":2,"name":"Pr\u00e9-Inscri\u00e7\u00e3o Vestibular Medicina"}]}]}},"_links":{"self":[{"href":"https:\/\/unisalesiano.com.br\/aracatuba\/wp-json\/wp\/v2\/pages\/35438","targetHints":{"allow":["GET"]}}],"collection":[{"href":"https:\/\/unisalesiano.com.br\/aracatuba\/wp-json\/wp\/v2\/pages"}],"about":[{"href":"https:\/\/unisalesiano.com.br\/aracatuba\/wp-json\/wp\/v2\/types\/page"}],"author":[{"embeddable":true,"href":"https:\/\/unisalesiano.com.br\/aracatuba\/wp-json\/wp\/v2\/users\/1"}],"replies":[{"embeddable":true,"href":"https:\/\/unisalesiano.com.br\/aracatuba\/wp-json\/wp\/v2\/comments?post=35438"}],"version-history":[{"count":0,"href":"https:\/\/unisalesiano.com.br\/aracatuba\/wp-json\/wp\/v2\/pages\/35438\/revisions"}],"wp:attachment":[{"href":"https:\/\/unisalesiano.com.br\/aracatuba\/wp-json\/wp\/v2\/media?parent=35438"}],"curies":[{"name":"wp","href":"https:\/\/api.w.org\/{rel}","templated":true}]}}