{"id":33311,"date":"2021-05-17T20:20:49","date_gmt":"2021-05-17T23:20:49","guid":{"rendered":"https:\/\/unisalesiano.com.br\/aracatuba\/?page_id=33311"},"modified":"2026-04-13T08:20:15","modified_gmt":"2026-04-13T11:20:15","slug":"talento-universitario","status":"publish","type":"page","link":"https:\/\/unisalesiano.com.br\/aracatuba\/talento-universitario\/","title":{"rendered":"Talento Universit\u00e1rio"},"content":{"rendered":"<p><img loading=\"lazy\" decoding=\"async\" class=\"aligncenter wp-image-51096 size-large\" src=\"https:\/\/unisalesiano.com.br\/aracatuba\/wp-content\/uploads\/2026\/04\/Talento-2026-Site-1024x227.png\" alt=\"\" width=\"1024\" height=\"227\" srcset=\"https:\/\/unisalesiano.com.br\/aracatuba\/wp-content\/uploads\/2026\/04\/Talento-2026-Site-1024x227.png 1024w, https:\/\/unisalesiano.com.br\/aracatuba\/wp-content\/uploads\/2026\/04\/Talento-2026-Site-300x67.png 300w, https:\/\/unisalesiano.com.br\/aracatuba\/wp-content\/uploads\/2026\/04\/Talento-2026-Site-768x170.png 768w, https:\/\/unisalesiano.com.br\/aracatuba\/wp-content\/uploads\/2026\/04\/Talento-2026-Site-1536x341.png 1536w, https:\/\/unisalesiano.com.br\/aracatuba\/wp-content\/uploads\/2026\/04\/Talento-2026-Site-2048x454.png 2048w\" sizes=\"auto, (max-width: 1024px) 100vw, 1024px\" \/><\/p>\n<p style=\"text-align: center;\"><strong>OBJETIVO:<\/strong><\/p>\n<p style=\"text-align: center;\">Talento Universit\u00e1rio \u00e9 promovido, organizado e dirigido pela Reitoria, Pr\u00f3-Reitoria, Coordena\u00e7\u00f5es e Comunica\u00e7\u00e3o e Marketing do Centro Universit\u00e1rio Cat\u00f3lico Salesiano Auxilium.<\/p>\n<p style=\"text-align: center;\">O objetivo \u00e9 incentivar a produ\u00e7\u00e3o cultural, art\u00edstica e estimular a constru\u00e7\u00e3o criativa no tempo livre, por meio das m\u00eddias digitais, fortalecendo o di\u00e1logo entre conhecimento, arte e cultura, e a consolida\u00e7\u00e3o das rela\u00e7\u00f5es do universo acad\u00eamico.<\/p>\n<p style=\"text-align: center;\"><strong>P\u00daBLICO-ALVO: <\/strong><\/p>\n<p style=\"text-align: center;\">Alunos devidamente MATRICULADOS no semestre letivo vigente (2026A) dos cursos de gradua\u00e7\u00e3o do UniSALESIANO.<\/p>\n<p><a href=\"https:\/\/forms.gle\/bTWL2UZSHbARQBps5\"><img loading=\"lazy\" decoding=\"async\" class=\"aligncenter wp-image-35722 size-full\" src=\"https:\/\/unisalesiano.com.br\/aracatuba\/wp-content\/uploads\/2022\/05\/talente-inscricao-ata.jpg\" alt=\"\" width=\"300\" height=\"70\" \/><\/a><br \/>\n<a href=\"https:\/\/forms.gle\/bzS4ho8SdcfmjyDv5\"><img loading=\"lazy\" decoding=\"async\" class=\"aligncenter wp-image-35723 size-full\" src=\"https:\/\/unisalesiano.com.br\/aracatuba\/wp-content\/uploads\/2022\/05\/talente-inscricao-lins.jpg\" alt=\"\" width=\"300\" height=\"70\" \/><\/a><\/p>\n<p><a href=\"https:\/\/unisalesiano.com.br\/aracatuba\/wp-content\/uploads\/2026\/04\/Talento-Universitario-2026-Regulamento-Geral.pdf\"><img loading=\"lazy\" decoding=\"async\" class=\"aligncenter wp-image-33314 size-full\" src=\"https:\/\/unisalesiano.com.br\/aracatuba\/wp-content\/uploads\/2021\/05\/regulamento.jpg\" alt=\"\" width=\"300\" height=\"50\" \/><\/a><\/p>\n","protected":false},"excerpt":{"rendered":"<p>OBJETIVO: Talento Universit\u00e1rio \u00e9 promovido, organizado e dirigido pela Reitoria, Pr\u00f3-Reitoria, Coordena\u00e7\u00f5es e Comunica\u00e7\u00e3o e Marketing do Centro Universit\u00e1rio Cat\u00f3lico Salesiano Auxilium. O objetivo \u00e9 incentivar a produ\u00e7\u00e3o cultural, art\u00edstica e estimular a constru\u00e7\u00e3o criativa no tempo livre, por meio das m\u00eddias digitais, fortalecendo o di\u00e1logo entre conhecimento, arte e cultura, e a consolida\u00e7\u00e3o das [&hellip;]<\/p>\n","protected":false},"author":4,"featured_media":0,"parent":0,"menu_order":0,"comment_status":"closed","ping_status":"closed","template":"","meta":{"footnotes":""},"class_list":["post-33311","page","type-page","status-publish","hentry"],"yoast_head":"<!-- This site is optimized with the Yoast SEO plugin v17.4 - https:\/\/yoast.com\/wordpress\/plugins\/seo\/ -->\n<title>Talento Universit\u00e1rio - UniSALESIANO Ara\u00e7atuba\/SP<\/title>\n<meta name=\"robots\" content=\"index, follow, max-snippet:-1, max-image-preview:large, max-video-preview:-1\" \/>\n<link rel=\"canonical\" href=\"https:\/\/unisalesiano.com.br\/aracatuba\/talento-universitario\/\" \/>\n<meta property=\"og:locale\" content=\"pt_BR\" \/>\n<meta property=\"og:type\" content=\"article\" \/>\n<meta property=\"og:title\" content=\"Talento Universit\u00e1rio - UniSALESIANO Ara\u00e7atuba\/SP\" \/>\n<meta property=\"og:description\" content=\"OBJETIVO: Talento Universit\u00e1rio \u00e9 promovido, organizado e dirigido pela Reitoria, Pr\u00f3-Reitoria, Coordena\u00e7\u00f5es e Comunica\u00e7\u00e3o e Marketing do Centro Universit\u00e1rio Cat\u00f3lico Salesiano Auxilium. O objetivo \u00e9 incentivar a produ\u00e7\u00e3o cultural, art\u00edstica e estimular a constru\u00e7\u00e3o criativa no tempo livre, por meio das m\u00eddias digitais, fortalecendo o di\u00e1logo entre conhecimento, arte e cultura, e a consolida\u00e7\u00e3o das [&hellip;]\" \/>\n<meta property=\"og:url\" content=\"https:\/\/unisalesiano.com.br\/aracatuba\/talento-universitario\/\" \/>\n<meta property=\"og:site_name\" content=\"UniSALESIANO Ara\u00e7atuba\/SP\" \/>\n<meta property=\"article:modified_time\" content=\"2026-04-13T11:20:15+00:00\" \/>\n<meta property=\"og:image\" content=\"https:\/\/unisalesiano.com.br\/aracatuba\/wp-content\/uploads\/2026\/04\/Talento-2026-Site-1024x227.png\" \/>\n<meta name=\"twitter:card\" content=\"summary_large_image\" \/>\n<meta name=\"twitter:label1\" content=\"Est. tempo de leitura\" \/>\n\t<meta name=\"twitter:data1\" content=\"2 minutos\" \/>\n<script type=\"application\/ld+json\" class=\"yoast-schema-graph\">{\"@context\":\"https:\/\/schema.org\",\"@graph\":[{\"@type\":\"WebSite\",\"@id\":\"https:\/\/unisalesiano.com.br\/aracatuba\/#website\",\"url\":\"https:\/\/unisalesiano.com.br\/aracatuba\/\",\"name\":\"UniSALESIANO Ara\\u00e7atuba\/SP\",\"description\":\"Centro Universit\\u00e1rio Cat\\u00f3lico Salesiano Auxilium\",\"potentialAction\":[{\"@type\":\"SearchAction\",\"target\":{\"@type\":\"EntryPoint\",\"urlTemplate\":\"https:\/\/unisalesiano.com.br\/aracatuba\/?s={search_term_string}\"},\"query-input\":\"required name=search_term_string\"}],\"inLanguage\":\"pt-BR\"},{\"@type\":\"ImageObject\",\"@id\":\"https:\/\/unisalesiano.com.br\/aracatuba\/talento-universitario\/#primaryimage\",\"inLanguage\":\"pt-BR\",\"url\":\"https:\/\/unisalesiano.com.br\/aracatuba\/wp-content\/uploads\/2026\/04\/Talento-2026-Site.png\",\"contentUrl\":\"https:\/\/unisalesiano.com.br\/aracatuba\/wp-content\/uploads\/2026\/04\/Talento-2026-Site.png\",\"width\":2560,\"height\":568},{\"@type\":\"WebPage\",\"@id\":\"https:\/\/unisalesiano.com.br\/aracatuba\/talento-universitario\/#webpage\",\"url\":\"https:\/\/unisalesiano.com.br\/aracatuba\/talento-universitario\/\",\"name\":\"Talento Universit\\u00e1rio - UniSALESIANO Ara\\u00e7atuba\/SP\",\"isPartOf\":{\"@id\":\"https:\/\/unisalesiano.com.br\/aracatuba\/#website\"},\"primaryImageOfPage\":{\"@id\":\"https:\/\/unisalesiano.com.br\/aracatuba\/talento-universitario\/#primaryimage\"},\"datePublished\":\"2021-05-17T23:20:49+00:00\",\"dateModified\":\"2026-04-13T11:20:15+00:00\",\"breadcrumb\":{\"@id\":\"https:\/\/unisalesiano.com.br\/aracatuba\/talento-universitario\/#breadcrumb\"},\"inLanguage\":\"pt-BR\",\"potentialAction\":[{\"@type\":\"ReadAction\",\"target\":[\"https:\/\/unisalesiano.com.br\/aracatuba\/talento-universitario\/\"]}]},{\"@type\":\"BreadcrumbList\",\"@id\":\"https:\/\/unisalesiano.com.br\/aracatuba\/talento-universitario\/#breadcrumb\",\"itemListElement\":[{\"@type\":\"ListItem\",\"position\":1,\"name\":\"In\\u00edcio\",\"item\":\"https:\/\/unisalesiano.com.br\/aracatuba\/\"},{\"@type\":\"ListItem\",\"position\":2,\"name\":\"Talento Universit\\u00e1rio\"}]}]}<\/script>\n<!-- \/ Yoast SEO plugin. -->","yoast_head_json":{"title":"Talento Universit\u00e1rio - UniSALESIANO Ara\u00e7atuba\/SP","robots":{"index":"index","follow":"follow","max-snippet":"max-snippet:-1","max-image-preview":"max-image-preview:large","max-video-preview":"max-video-preview:-1"},"canonical":"https:\/\/unisalesiano.com.br\/aracatuba\/talento-universitario\/","og_locale":"pt_BR","og_type":"article","og_title":"Talento Universit\u00e1rio - UniSALESIANO Ara\u00e7atuba\/SP","og_description":"OBJETIVO: Talento Universit\u00e1rio \u00e9 promovido, organizado e dirigido pela Reitoria, Pr\u00f3-Reitoria, Coordena\u00e7\u00f5es e Comunica\u00e7\u00e3o e Marketing do Centro Universit\u00e1rio Cat\u00f3lico Salesiano Auxilium. O objetivo \u00e9 incentivar a produ\u00e7\u00e3o cultural, art\u00edstica e estimular a constru\u00e7\u00e3o criativa no tempo livre, por meio das m\u00eddias digitais, fortalecendo o di\u00e1logo entre conhecimento, arte e cultura, e a consolida\u00e7\u00e3o das [&hellip;]","og_url":"https:\/\/unisalesiano.com.br\/aracatuba\/talento-universitario\/","og_site_name":"UniSALESIANO Ara\u00e7atuba\/SP","article_modified_time":"2026-04-13T11:20:15+00:00","og_image":[{"url":"https:\/\/unisalesiano.com.br\/aracatuba\/wp-content\/uploads\/2026\/04\/Talento-2026-Site-1024x227.png"}],"twitter_card":"summary_large_image","twitter_misc":{"Est. tempo de leitura":"2 minutos"},"schema":{"@context":"https:\/\/schema.org","@graph":[{"@type":"WebSite","@id":"https:\/\/unisalesiano.com.br\/aracatuba\/#website","url":"https:\/\/unisalesiano.com.br\/aracatuba\/","name":"UniSALESIANO Ara\u00e7atuba\/SP","description":"Centro Universit\u00e1rio Cat\u00f3lico Salesiano Auxilium","potentialAction":[{"@type":"SearchAction","target":{"@type":"EntryPoint","urlTemplate":"https:\/\/unisalesiano.com.br\/aracatuba\/?s={search_term_string}"},"query-input":"required name=search_term_string"}],"inLanguage":"pt-BR"},{"@type":"ImageObject","@id":"https:\/\/unisalesiano.com.br\/aracatuba\/talento-universitario\/#primaryimage","inLanguage":"pt-BR","url":"https:\/\/unisalesiano.com.br\/aracatuba\/wp-content\/uploads\/2026\/04\/Talento-2026-Site.png","contentUrl":"https:\/\/unisalesiano.com.br\/aracatuba\/wp-content\/uploads\/2026\/04\/Talento-2026-Site.png","width":2560,"height":568},{"@type":"WebPage","@id":"https:\/\/unisalesiano.com.br\/aracatuba\/talento-universitario\/#webpage","url":"https:\/\/unisalesiano.com.br\/aracatuba\/talento-universitario\/","name":"Talento Universit\u00e1rio - UniSALESIANO Ara\u00e7atuba\/SP","isPartOf":{"@id":"https:\/\/unisalesiano.com.br\/aracatuba\/#website"},"primaryImageOfPage":{"@id":"https:\/\/unisalesiano.com.br\/aracatuba\/talento-universitario\/#primaryimage"},"datePublished":"2021-05-17T23:20:49+00:00","dateModified":"2026-04-13T11:20:15+00:00","breadcrumb":{"@id":"https:\/\/unisalesiano.com.br\/aracatuba\/talento-universitario\/#breadcrumb"},"inLanguage":"pt-BR","potentialAction":[{"@type":"ReadAction","target":["https:\/\/unisalesiano.com.br\/aracatuba\/talento-universitario\/"]}]},{"@type":"BreadcrumbList","@id":"https:\/\/unisalesiano.com.br\/aracatuba\/talento-universitario\/#breadcrumb","itemListElement":[{"@type":"ListItem","position":1,"name":"In\u00edcio","item":"https:\/\/unisalesiano.com.br\/aracatuba\/"},{"@type":"ListItem","position":2,"name":"Talento Universit\u00e1rio"}]}]}},"_links":{"self":[{"href":"https:\/\/unisalesiano.com.br\/aracatuba\/wp-json\/wp\/v2\/pages\/33311","targetHints":{"allow":["GET"]}}],"collection":[{"href":"https:\/\/unisalesiano.com.br\/aracatuba\/wp-json\/wp\/v2\/pages"}],"about":[{"href":"https:\/\/unisalesiano.com.br\/aracatuba\/wp-json\/wp\/v2\/types\/page"}],"author":[{"embeddable":true,"href":"https:\/\/unisalesiano.com.br\/aracatuba\/wp-json\/wp\/v2\/users\/4"}],"replies":[{"embeddable":true,"href":"https:\/\/unisalesiano.com.br\/aracatuba\/wp-json\/wp\/v2\/comments?post=33311"}],"version-history":[{"count":0,"href":"https:\/\/unisalesiano.com.br\/aracatuba\/wp-json\/wp\/v2\/pages\/33311\/revisions"}],"wp:attachment":[{"href":"https:\/\/unisalesiano.com.br\/aracatuba\/wp-json\/wp\/v2\/media?parent=33311"}],"curies":[{"name":"wp","href":"https:\/\/api.w.org\/{rel}","templated":true}]}}