{"id":33257,"date":"2021-05-03T11:53:30","date_gmt":"2021-05-03T14:53:30","guid":{"rendered":"https:\/\/unisalesiano.com.br\/aracatuba\/?page_id=33257"},"modified":"2021-05-03T12:02:31","modified_gmt":"2021-05-03T15:02:31","slug":"como-fazer-o-retiro","status":"publish","type":"page","link":"https:\/\/unisalesiano.com.br\/aracatuba\/como-fazer-o-retiro\/","title":{"rendered":"Como fazer o Retiro"},"content":{"rendered":"<p><strong><img loading=\"lazy\" decoding=\"async\" class=\"aligncenter wp-image-33255 size-large\" src=\"https:\/\/unisalesiano.com.br\/aracatuba\/wp-content\/uploads\/2021\/05\/COMO-FAZER-o-retiro-espiritual-1536x352-1-1024x235.png\" alt=\"\" width=\"1024\" height=\"235\" srcset=\"https:\/\/unisalesiano.com.br\/aracatuba\/wp-content\/uploads\/2021\/05\/COMO-FAZER-o-retiro-espiritual-1536x352-1-1024x235.png 1024w, https:\/\/unisalesiano.com.br\/aracatuba\/wp-content\/uploads\/2021\/05\/COMO-FAZER-o-retiro-espiritual-1536x352-1-300x69.png 300w, https:\/\/unisalesiano.com.br\/aracatuba\/wp-content\/uploads\/2021\/05\/COMO-FAZER-o-retiro-espiritual-1536x352-1-768x176.png 768w, https:\/\/unisalesiano.com.br\/aracatuba\/wp-content\/uploads\/2021\/05\/COMO-FAZER-o-retiro-espiritual-1536x352-1.png 1536w\" sizes=\"auto, (max-width: 1024px) 100vw, 1024px\" \/><br \/>\n<\/strong><\/p>\n<p><strong>O QUE \u00c9 O RETIRO ESPIRITUAL E COMO FAZ\u00ca-LO?<\/strong><\/p>\n<p>&nbsp;<\/p>\n<p>Certamente, voc\u00ea j\u00e1 investiu muito tempo de seus dias para \u201cPensar na vida\u201d? De fato, a vida \u00e9 um \u201cquebra-cabe\u00e7a\u201d que, constantemente, desejamos desvendar. As preocupa\u00e7\u00f5es, os problemas que enfrentamos, muitas vezes, nos tiram o equil\u00edbrio emocional e espiritual que precisamos ter para \u201cestarmos bem\u201d, com tudo e com todos. N\u00e3o \u00e9 dif\u00edcil ouvir algu\u00e9m, dizer \u201cpreciso de um tempo\u201d. Esse tempo que ajuda a recobrar a intelig\u00eancia para fazer as escolhas certas. Esse tempo no qual buscamos mergulhar no sil\u00eancio que permite um encontro consigo mesmo mas, principalmente, esse tempo nos permite um encontro com Deus Criador, o nosso Pai. \u00c9 Ele quem pode nos indicar o caminho da felicidade plena.<\/p>\n<p>Pois, esse tempo n\u00f3s podemos cham\u00e1-lo de\u00a0<strong>Retiro<\/strong><strong>, um<\/strong> tempo de reflex\u00e3o que nos permite entender melhor o \u201cquebra-cabe\u00e7a\u201d da nossa exist\u00eancia, examinar como tem sido a nossa vida at\u00e9 agora e direcionarmos o nosso futuro.<\/p>\n<p>Precisamos direcionar o nosso futuro porque somos peregrinos e, por isso, temos uma meta a alcan\u00e7ar e isso precisa ser claro na vida de um crist\u00e3o. O Cardeal Carlo Caffarra, em seu discurso, por ocasi\u00e3o da Jornada Mundial pela Paz, diz algo interessante a esse respeito:<\/p>\n<p><em>\u00a0<\/em><\/p>\n<p><em>\u201cA nossa vida \u00e9 um caminho, mas n\u00f3s temos tr\u00eas modos de caminhar: a vagabundagem; o turismo; o peregrino. O vagabundo n\u00e3o sabe onde andar, n\u00e3o tem uma meta em dire\u00e7\u00e3o \u00e0 qual andar; navega sempre e sem rumo porque n\u00e3o possui um porto sobre o qual orientar-se. O turista gira por um territ\u00f3rio a olhar aquilo que acha interessante a ser visitado, mas sem jamais ancorar-se. O turismo n\u00e3o \u00e9 mais do que um par\u00eantesis da verdadeira vida. O peregrino tem uma meta e assim sabe onde deve andar; tem uma orienta\u00e7\u00e3o\u201d. <\/em><a href=\"#_ftn1\" name=\"_ftnref1\">[1]<\/a><\/p>\n<p>&nbsp;<\/p>\n<p>O\u00a0<strong>Retiro Espiritual, <\/strong><strong>como o pr\u00f3prio nome diz,\u00a0<\/strong><strong>\u00e9<\/strong> uma atividade espiritual que d\u00e1 possibilidade ao participante de olhar os principais pontos da vida, o que est\u00e1 bem, o que est\u00e1 mal e como melhorar. Retiros podem ter diversos formatos e dura\u00e7\u00e3o. Podem durar uma manh\u00e3, um dia, dois dias, uma semana e em alguns casos at\u00e9 mais dias.<\/p>\n<p>N\u00f3s queremos oferecer a voc\u00eas o conte\u00fado e o itiner\u00e1rio para fazer o retiro. A dura\u00e7\u00e3o ser\u00e1 uma escolha de quem participa. Voc\u00ea poder\u00e1 reservar uma manh\u00e3 para fazer o seu retiro. Escolha um lugar onde voc\u00ea possa vivenciar o sil\u00eancio, mas um sil\u00eancio que te dar\u00e1 a possibilidade de \u201cescutar\u201d o que Deus tem a lhe dizer. Voc\u00ea precisa escolher um ambiente adequado e criar condi\u00e7\u00f5es para que o seu cora\u00e7\u00e3o se abra para Deus.<\/p>\n<p>O fruto do Retiro \u00e9 a intimidade com Deus. Essa intimidade nos facilitar\u00e1 encontr\u00e1-lo no dia a dia: no trabalho, no estudo, no descanso, nos momentos com a fam\u00edlia, nos momentos com os amigos, etc. Para isso, voc\u00ea precisa contar com um clima de serenidade, de paz, de sil\u00eancio, que lhe permitir\u00e1 sair do corre corre di\u00e1rio para entrar nas quest\u00f5es mais profundas da exist\u00eancia, da felicidade, do que motiva a viver cada dia, o seu projeto de vida, os seus sonhos, a sua amizade com Deus.<\/p>\n<p>&nbsp;<\/p>\n<p><strong>ITINER\u00c1RIO PARA O RETIRO ESPIRITUAL<\/strong><\/p>\n<p><strong>\u00a0<\/strong><\/p>\n<p>1) Escolha uma data dentro do m\u00eas. Se poss\u00edvel, um domingo pela manh\u00e3. Cada um escolhe o melhor momento. Mas lembre-se que voc\u00ea precisar\u00e1 de um tempo onde o sil\u00eancio vai contar muito. Por isso pense bem no tempo e no ambiente. Estar em meio \u00e0 natureza ajuda muito. Se voc\u00ea estiver na conviv\u00eancia com a fam\u00edlia, quem sabe voc\u00ea possa propor o Retiro a todos os membros da sua fam\u00edlia. Se isso n\u00e3o for poss\u00edvel, fa\u00e7a voc\u00ea.<\/p>\n<p>2) Sugerimos que voc\u00ea desligue o seu celular e abra um caderno onde voc\u00ea possa anotar suas ideias, decis\u00f5es, desejos, escreva pequenas ora\u00e7\u00f5es que te conduzam \u00e0 presen\u00e7a de Deus, uma convers\u00e3o filial e amorosa com a Sant\u00edssima Trindade, debaixo da prote\u00e7\u00e3o de Nossa Senhora e S\u00e3o Jos\u00e9.<\/p>\n<p>3) Comece fazendo uma ora\u00e7\u00e3o invocando a a\u00e7\u00e3o do Espirito Santo. Feche os olhos e medite a sua ora\u00e7\u00e3o. Repita-a se for necess\u00e1rio, se voc\u00ea perceber que a rezou com distra\u00e7\u00e3o.<\/p>\n<p>4) Depois de ter rezado, tome nas m\u00e3os o texto sugerido para a medita\u00e7\u00e3o. Fa\u00e7a uma primeira leitura. Finalizada a leitura, desvie o olhar do texto e fa\u00e7a um esfor\u00e7o para lembrar o que voc\u00ea acabou de ler. Se n\u00e3o conseguir medite-o novamente e fa\u00e7a isso quantas vezes voc\u00ea achar necess\u00e1rio. O objetivo n\u00e3o \u00e9 decorar o texto, mas medit\u00e1-lo entendendo a mensagem que ele quer transmitir. Voc\u00ea precisa \u201cdebru\u00e7ar\u201d sobre o texto meditando-o ao menos 30 minutos<a href=\"#_ftn2\" name=\"_ftnref2\">[2]<\/a>.<\/p>\n<p>5) Depois de ter meditado o texto, agora tome nas m\u00e3os o texto da Palavra de Deus que ser\u00e1 sugerido mensalmente. Fa\u00e7a a mesma coisa que voc\u00ea fez com o primeiro texto.<\/p>\n<p>6) Meditados os textos, agora reserve um tempo para a sua ora\u00e7\u00e3o pessoal. Esse tempo n\u00f3s chamamos de \u201cdeserto\u201d. No deserto voc\u00ea \u00e9 chamado a olhar a sua vida. O seu olhar deve estar iluminado pela palavra que acabara de meditar. No tempo de deserto voc\u00ea \u00e9 convidado a \u201crezar a vida\u201d.<\/p>\n<p>7) Retirar-se, meditar, olhar para dentro de si. Agora reze. Fale com Deus sobre as descobertas que fez, pe\u00e7a a cura, a dire\u00e7\u00e3o, pe\u00e7a a for\u00e7a do Alto para n\u00e3o desanimar.<\/p>\n<p>8) Depois de retirar-se, meditar, olhar para dentro de si, chega o momento de voc\u00ea fazer o seu Exame de Consci\u00eancia. Seguindo as perguntas que lhe ser\u00e3o propostas, voc\u00ea \u00e9 convidado a avaliar a sua caminhada e identificar as suas falhas. O Exame de Consci\u00eancia \u00e9 tempo oportuno para fazer os seus prop\u00f3sitos para uma verdadeira convers\u00e3o.<\/p>\n<p>9) Ap\u00f3s o seu exame de consci\u00eancia, o quando for poss\u00edvel, aproxime-se de um sacerdote<a href=\"#_ftn3\" name=\"_ftnref3\">[3]<\/a> e pe\u00e7a-lhe para lhe atender em confiss\u00e3o<a href=\"#_ftn4\" name=\"_ftnref4\">[4]<\/a>. A confiss\u00e3o, costuma-se dizer, deve ser composta por \u201c4 C\u201d:<\/p>\n<ol><\/p>\n<li>A) <strong>Clara<\/strong>: indicar qual foi a falta espec\u00edfica, sem acrescentar desculpas.<\/li>\n<p><\/p>\n<li>B) <strong>Concreta<\/strong>: referir o ato ou pensamento preciso, n\u00e3o usar frases gen\u00e9ricas.<\/li>\n<p><\/p>\n<li>C) <strong>Concisa<\/strong>: evitar dar explica\u00e7\u00f5es o descri\u00e7\u00f5es desnecess\u00e1rias.<\/li>\n<p><\/p>\n<li>D) <strong>Completa<\/strong>: sem calar nenhum pecado grave, vencendo a vergonha.<\/li>\n<\/ol>\n<p>&nbsp;<\/p>\n<ol>\n<li>Faz parte deste momento a sua ora\u00e7\u00e3o de contri\u00e7\u00e3o. Certamente ao final da sua confiss\u00e3o, o sacerdote vai lhe pedir para rezar o seu \u201cAto de Contri\u00e7\u00e3o\u201d<a href=\"#_ftn5\" name=\"_ftnref5\">[5]<\/a>. A esse respeito nos diz o Papa Francisco: <em>\u201cA contri\u00e7\u00e3o \u00e9 o p\u00f3rtico do arrependimento, \u00e9 essa senda privilegiada que leva ao cora\u00e7\u00e3o de Deus, que nos acolhe e nos oferece outra oportunidade, sempre que nos abramos \u00e0 verdade da penit\u00eancia e nos deixemos transformar pela sua miseric\u00f3rdia\u201d<\/em> <a href=\"#_ftn6\" name=\"_ftnref6\">[6]<\/a>. \u00c9 importante que voc\u00ea receba a absolvi\u00e7\u00e3o de seus pecados. Com a absolvi\u00e7\u00e3o voc\u00ea se reconcilia com Deus e com os irm\u00e3os. O fruto do teu retiro \u00e9 a <strong>CONVERS\u00c3O<\/strong>.<\/li>\n<\/ol>\n<p>&nbsp;<\/p>\n<p>Pronto, podemos concluir aqui a nossa reflex\u00e3o a respeito do Retiro Espiritual. Agora \u00e9 com voc\u00ea. Todos os meses a Pastoral Universit\u00e1ria do UniSALESIANO estar\u00e1 propondo para voc\u00ea um tema para fazer o seu Retiro Espiritual. O convite est\u00e1 feito, agora \u00e9 com voc\u00ea.<\/p>\n<p><strong><em>Pe. Paulo Eduardo J\u00e1como, sdb<br \/>\n<\/em><\/strong><strong>Pr\u00f3-Reitor de Pastoral<\/strong><\/p>\n<p>&nbsp;<\/p>\n<p><a href=\"#_ftnref1\" name=\"_ftn1\">[1]<\/a> Cardeal Carlos Ferrara (1938-2017), Arcebispo de Bologna (It\u00e1lia) por 12 anos; Discurso por ocasi\u00e3o da Jornada Mundial pela Paz; Catedral de Bologna 1 de janeiro de 2011 in CAFFARRA Carlo, Prediche Corte, Tagliatelle Lunghe, Spunti per L\u2019Anima, Edizione Studio Domenicano, Bologna, 2017.<\/p>\n<p><a href=\"#_ftnref2\" name=\"_ftn2\">[2]<\/a> Olhar para dentro de si iluminado pelos textos que acabaram de ser lidos e rezados. A medita\u00e7\u00e3o, seu contato com Jesus ap\u00f3s a leitura, deve ajud\u00e1-lo a olhar para dentro de si, fazer uma leitura de sua caminhada e identificar os pontos que precisam ser melhorados, onde a cura de Deus precisa chegar.<\/p>\n<p><a href=\"#_ftnref3\" name=\"_ftn3\">[3]<\/a> \u201cConfessar-se com um sacerdote \u00e9 um modo de p\u00f4r a minha vida nas m\u00e3os e no cora\u00e7\u00e3o de outro, que nesse momento atua em nome e por conta de Jesus. (&#8230;) \u00c9 importante que v\u00e1 ao confession\u00e1rio, que me ponha a mim mesmo frente a um sacerdote que representa Jesus, que me ajoelhe frente \u00e0 M\u00e3e Igreja chamada a distribuir a miseric\u00f3rdia de Deus. H\u00e1 uma objetividade neste gesto, em ajoelhar-me frente ao sacerdote, que nesse momento \u00e9 o canal da gra\u00e7a que me chega e me cura\u201d. <strong>Papa Francisco<\/strong>, O nome de Deus \u00e9 miseric\u00f3rdia.<\/p>\n<p><a href=\"#_ftnref4\" name=\"_ftn4\">[4]<\/a> \u201cO sacramento da Reconcilia\u00e7\u00e3o \u00e9 um sacramento de cura. Quando me confesso \u00e9 para me curar, para curar a minha alma, o meu cora\u00e7\u00e3o e algo de mal que cometi<a name=\"_ftnref1\"><\/a>&#8230;\u00a0 O perd\u00e3o dos nossos pecados n\u00e3o \u00e9 algo que possamos dar a n\u00f3s mesmos. Eu n\u00e3o posso dizer: perdoo os meus pecados. O perd\u00e3o \u00e9 pedido a outra pessoa e na Confiss\u00e3o pedimos o perd\u00e3o a Jesus. O perd\u00e3o n\u00e3o \u00e9 fruto dos nossos esfor\u00e7os, mas uma d\u00e1diva, \u00e9 um dom do Esp\u00edrito Santo\u201d.\u00a0 <strong>Papa Francisco<\/strong>, Audi\u00eancia geral, 19.II.2014.<\/p>\n<p><a href=\"#_ftnref5\" name=\"_ftn5\">[5]<\/a> Existem v\u00e1rias ora\u00e7\u00f5es que servem para manifestar a contri\u00e7\u00e3o, por exemplo, a seguinte:<\/p>\n<p><strong>Meu Deus, arrependo-me de todo o cora\u00e7\u00e3o de todos os meus pecados e detesto-os, porque ao pecar, n\u00e3o s\u00f3 mere\u00e7o as penas que causam, mas principalmente porque te ofendo a Ti, sumo Bem e digno de amor acima de todas as coisas. Por isso proponho firmemente, com a ajuda da Tua gra\u00e7a, daqui em diante n\u00e3o voltar a pecar e fugir de toda a ocasi\u00e3o de pecado. Am\u00e9m.<\/strong><\/p>\n<p><a href=\"#_ftnref6\" name=\"_ftn6\">[6]<\/a> <strong>Papa Francisco<\/strong>, O nome de Deus \u00e9 miseric\u00f3rdia.<\/p>\n<p><strong>\u00a0<\/strong><\/p>\n<p>&nbsp;<\/p>\n<p>&nbsp;<\/p>\n","protected":false},"excerpt":{"rendered":"<p>O QUE \u00c9 O RETIRO ESPIRITUAL E COMO FAZ\u00ca-LO? &nbsp; Certamente, voc\u00ea j\u00e1 investiu muito tempo de seus dias para \u201cPensar na vida\u201d? De fato, a vida \u00e9 um \u201cquebra-cabe\u00e7a\u201d que, constantemente, desejamos desvendar. As preocupa\u00e7\u00f5es, os problemas que enfrentamos, muitas vezes, nos tiram o equil\u00edbrio emocional e espiritual que precisamos ter para \u201cestarmos bem\u201d, [&hellip;]<\/p>\n","protected":false},"author":4,"featured_media":0,"parent":0,"menu_order":0,"comment_status":"closed","ping_status":"closed","template":"","meta":{"footnotes":""},"class_list":["post-33257","page","type-page","status-publish","hentry"],"yoast_head":"<!-- This site is optimized with the Yoast SEO plugin v17.4 - https:\/\/yoast.com\/wordpress\/plugins\/seo\/ -->\n<title>Como fazer o Retiro - UniSALESIANO Ara\u00e7atuba\/SP<\/title>\n<meta name=\"robots\" content=\"index, follow, max-snippet:-1, max-image-preview:large, max-video-preview:-1\" \/>\n<link rel=\"canonical\" href=\"https:\/\/unisalesiano.com.br\/aracatuba\/como-fazer-o-retiro\/\" \/>\n<meta property=\"og:locale\" content=\"pt_BR\" \/>\n<meta property=\"og:type\" content=\"article\" \/>\n<meta property=\"og:title\" content=\"Como fazer o Retiro - UniSALESIANO Ara\u00e7atuba\/SP\" \/>\n<meta property=\"og:description\" content=\"O QUE \u00c9 O RETIRO ESPIRITUAL E COMO FAZ\u00ca-LO? &nbsp; Certamente, voc\u00ea j\u00e1 investiu muito tempo de seus dias para \u201cPensar na vida\u201d? De fato, a vida \u00e9 um \u201cquebra-cabe\u00e7a\u201d que, constantemente, desejamos desvendar. As preocupa\u00e7\u00f5es, os problemas que enfrentamos, muitas vezes, nos tiram o equil\u00edbrio emocional e espiritual que precisamos ter para \u201cestarmos bem\u201d, [&hellip;]\" \/>\n<meta property=\"og:url\" content=\"https:\/\/unisalesiano.com.br\/aracatuba\/como-fazer-o-retiro\/\" \/>\n<meta property=\"og:site_name\" content=\"UniSALESIANO Ara\u00e7atuba\/SP\" \/>\n<meta property=\"article:modified_time\" content=\"2021-05-03T15:02:31+00:00\" \/>\n<meta property=\"og:image\" content=\"https:\/\/unisalesiano.com.br\/aracatuba\/wp-content\/uploads\/2021\/05\/COMO-FAZER-o-retiro-espiritual-1536x352-1-1024x235.png\" \/>\n<meta name=\"twitter:card\" content=\"summary_large_image\" \/>\n<meta name=\"twitter:label1\" content=\"Est. tempo de leitura\" \/>\n\t<meta name=\"twitter:data1\" content=\"8 minutos\" \/>\n<script type=\"application\/ld+json\" class=\"yoast-schema-graph\">{\"@context\":\"https:\/\/schema.org\",\"@graph\":[{\"@type\":\"WebSite\",\"@id\":\"https:\/\/unisalesiano.com.br\/aracatuba\/#website\",\"url\":\"https:\/\/unisalesiano.com.br\/aracatuba\/\",\"name\":\"UniSALESIANO Ara\\u00e7atuba\/SP\",\"description\":\"Centro Universit\\u00e1rio Cat\\u00f3lico Salesiano Auxilium\",\"potentialAction\":[{\"@type\":\"SearchAction\",\"target\":{\"@type\":\"EntryPoint\",\"urlTemplate\":\"https:\/\/unisalesiano.com.br\/aracatuba\/?s={search_term_string}\"},\"query-input\":\"required name=search_term_string\"}],\"inLanguage\":\"pt-BR\"},{\"@type\":\"ImageObject\",\"@id\":\"https:\/\/unisalesiano.com.br\/aracatuba\/como-fazer-o-retiro\/#primaryimage\",\"inLanguage\":\"pt-BR\",\"url\":\"https:\/\/unisalesiano.com.br\/aracatuba\/wp-content\/uploads\/2021\/05\/COMO-FAZER-o-retiro-espiritual-1536x352-1.png\",\"contentUrl\":\"https:\/\/unisalesiano.com.br\/aracatuba\/wp-content\/uploads\/2021\/05\/COMO-FAZER-o-retiro-espiritual-1536x352-1.png\",\"width\":1536,\"height\":352},{\"@type\":\"WebPage\",\"@id\":\"https:\/\/unisalesiano.com.br\/aracatuba\/como-fazer-o-retiro\/#webpage\",\"url\":\"https:\/\/unisalesiano.com.br\/aracatuba\/como-fazer-o-retiro\/\",\"name\":\"Como fazer o Retiro - UniSALESIANO Ara\\u00e7atuba\/SP\",\"isPartOf\":{\"@id\":\"https:\/\/unisalesiano.com.br\/aracatuba\/#website\"},\"primaryImageOfPage\":{\"@id\":\"https:\/\/unisalesiano.com.br\/aracatuba\/como-fazer-o-retiro\/#primaryimage\"},\"datePublished\":\"2021-05-03T14:53:30+00:00\",\"dateModified\":\"2021-05-03T15:02:31+00:00\",\"breadcrumb\":{\"@id\":\"https:\/\/unisalesiano.com.br\/aracatuba\/como-fazer-o-retiro\/#breadcrumb\"},\"inLanguage\":\"pt-BR\",\"potentialAction\":[{\"@type\":\"ReadAction\",\"target\":[\"https:\/\/unisalesiano.com.br\/aracatuba\/como-fazer-o-retiro\/\"]}]},{\"@type\":\"BreadcrumbList\",\"@id\":\"https:\/\/unisalesiano.com.br\/aracatuba\/como-fazer-o-retiro\/#breadcrumb\",\"itemListElement\":[{\"@type\":\"ListItem\",\"position\":1,\"name\":\"In\\u00edcio\",\"item\":\"https:\/\/unisalesiano.com.br\/aracatuba\/\"},{\"@type\":\"ListItem\",\"position\":2,\"name\":\"Como fazer o Retiro\"}]}]}<\/script>\n<!-- \/ Yoast SEO plugin. -->","yoast_head_json":{"title":"Como fazer o Retiro - UniSALESIANO Ara\u00e7atuba\/SP","robots":{"index":"index","follow":"follow","max-snippet":"max-snippet:-1","max-image-preview":"max-image-preview:large","max-video-preview":"max-video-preview:-1"},"canonical":"https:\/\/unisalesiano.com.br\/aracatuba\/como-fazer-o-retiro\/","og_locale":"pt_BR","og_type":"article","og_title":"Como fazer o Retiro - UniSALESIANO Ara\u00e7atuba\/SP","og_description":"O QUE \u00c9 O RETIRO ESPIRITUAL E COMO FAZ\u00ca-LO? &nbsp; Certamente, voc\u00ea j\u00e1 investiu muito tempo de seus dias para \u201cPensar na vida\u201d? De fato, a vida \u00e9 um \u201cquebra-cabe\u00e7a\u201d que, constantemente, desejamos desvendar. As preocupa\u00e7\u00f5es, os problemas que enfrentamos, muitas vezes, nos tiram o equil\u00edbrio emocional e espiritual que precisamos ter para \u201cestarmos bem\u201d, [&hellip;]","og_url":"https:\/\/unisalesiano.com.br\/aracatuba\/como-fazer-o-retiro\/","og_site_name":"UniSALESIANO Ara\u00e7atuba\/SP","article_modified_time":"2021-05-03T15:02:31+00:00","og_image":[{"url":"https:\/\/unisalesiano.com.br\/aracatuba\/wp-content\/uploads\/2021\/05\/COMO-FAZER-o-retiro-espiritual-1536x352-1-1024x235.png"}],"twitter_card":"summary_large_image","twitter_misc":{"Est. tempo de leitura":"8 minutos"},"schema":{"@context":"https:\/\/schema.org","@graph":[{"@type":"WebSite","@id":"https:\/\/unisalesiano.com.br\/aracatuba\/#website","url":"https:\/\/unisalesiano.com.br\/aracatuba\/","name":"UniSALESIANO Ara\u00e7atuba\/SP","description":"Centro Universit\u00e1rio Cat\u00f3lico Salesiano Auxilium","potentialAction":[{"@type":"SearchAction","target":{"@type":"EntryPoint","urlTemplate":"https:\/\/unisalesiano.com.br\/aracatuba\/?s={search_term_string}"},"query-input":"required name=search_term_string"}],"inLanguage":"pt-BR"},{"@type":"ImageObject","@id":"https:\/\/unisalesiano.com.br\/aracatuba\/como-fazer-o-retiro\/#primaryimage","inLanguage":"pt-BR","url":"https:\/\/unisalesiano.com.br\/aracatuba\/wp-content\/uploads\/2021\/05\/COMO-FAZER-o-retiro-espiritual-1536x352-1.png","contentUrl":"https:\/\/unisalesiano.com.br\/aracatuba\/wp-content\/uploads\/2021\/05\/COMO-FAZER-o-retiro-espiritual-1536x352-1.png","width":1536,"height":352},{"@type":"WebPage","@id":"https:\/\/unisalesiano.com.br\/aracatuba\/como-fazer-o-retiro\/#webpage","url":"https:\/\/unisalesiano.com.br\/aracatuba\/como-fazer-o-retiro\/","name":"Como fazer o Retiro - UniSALESIANO Ara\u00e7atuba\/SP","isPartOf":{"@id":"https:\/\/unisalesiano.com.br\/aracatuba\/#website"},"primaryImageOfPage":{"@id":"https:\/\/unisalesiano.com.br\/aracatuba\/como-fazer-o-retiro\/#primaryimage"},"datePublished":"2021-05-03T14:53:30+00:00","dateModified":"2021-05-03T15:02:31+00:00","breadcrumb":{"@id":"https:\/\/unisalesiano.com.br\/aracatuba\/como-fazer-o-retiro\/#breadcrumb"},"inLanguage":"pt-BR","potentialAction":[{"@type":"ReadAction","target":["https:\/\/unisalesiano.com.br\/aracatuba\/como-fazer-o-retiro\/"]}]},{"@type":"BreadcrumbList","@id":"https:\/\/unisalesiano.com.br\/aracatuba\/como-fazer-o-retiro\/#breadcrumb","itemListElement":[{"@type":"ListItem","position":1,"name":"In\u00edcio","item":"https:\/\/unisalesiano.com.br\/aracatuba\/"},{"@type":"ListItem","position":2,"name":"Como fazer o Retiro"}]}]}},"_links":{"self":[{"href":"https:\/\/unisalesiano.com.br\/aracatuba\/wp-json\/wp\/v2\/pages\/33257","targetHints":{"allow":["GET"]}}],"collection":[{"href":"https:\/\/unisalesiano.com.br\/aracatuba\/wp-json\/wp\/v2\/pages"}],"about":[{"href":"https:\/\/unisalesiano.com.br\/aracatuba\/wp-json\/wp\/v2\/types\/page"}],"author":[{"embeddable":true,"href":"https:\/\/unisalesiano.com.br\/aracatuba\/wp-json\/wp\/v2\/users\/4"}],"replies":[{"embeddable":true,"href":"https:\/\/unisalesiano.com.br\/aracatuba\/wp-json\/wp\/v2\/comments?post=33257"}],"version-history":[{"count":0,"href":"https:\/\/unisalesiano.com.br\/aracatuba\/wp-json\/wp\/v2\/pages\/33257\/revisions"}],"wp:attachment":[{"href":"https:\/\/unisalesiano.com.br\/aracatuba\/wp-json\/wp\/v2\/media?parent=33257"}],"curies":[{"name":"wp","href":"https:\/\/api.w.org\/{rel}","templated":true}]}}