{"id":30946,"date":"2020-02-17T10:32:45","date_gmt":"2020-02-17T13:32:45","guid":{"rendered":"https:\/\/unisalesiano.com.br\/?page_id=30946"},"modified":"2024-02-01T17:37:53","modified_gmt":"2024-02-01T20:37:53","slug":"tutoriais-ava","status":"publish","type":"page","link":"https:\/\/unisalesiano.com.br\/aracatuba\/tutoriais-ava\/","title":{"rendered":"Tutoriais do AVA &#8211; Ambiente Virtual de Aprendizagem"},"content":{"rendered":"<p><center><\/p>\n<p><iframe loading=\"lazy\" title=\"UniSALESIANO - Atualiza\u00e7\u00e3o da Plataforma AVA 2024\" width=\"500\" height=\"281\" src=\"https:\/\/www.youtube.com\/embed\/_qk9KvE_MFM?feature=oembed\" frameborder=\"0\" allow=\"accelerometer; autoplay; clipboard-write; encrypted-media; gyroscope; picture-in-picture; web-share\" referrerpolicy=\"strict-origin-when-cross-origin\" allowfullscreen><\/iframe><\/p>\n<p><iframe loading=\"lazy\" title=\"UNISALESIANO - Atualiza\u00e7\u00e3o do Calend\u00e1rio Acad\u00eamico dentro da Plataforma AVA 2024\" width=\"500\" height=\"281\" src=\"https:\/\/www.youtube.com\/embed\/uPYWvLEhMxI?feature=oembed\" frameborder=\"0\" allow=\"accelerometer; autoplay; clipboard-write; encrypted-media; gyroscope; picture-in-picture; web-share\" referrerpolicy=\"strict-origin-when-cross-origin\" allowfullscreen><\/iframe><\/p>\n<p><iframe loading=\"lazy\" title=\"Aula 1.1 - Conceitos Iniciais - Capacita\u00e7\u00e3o e Treinamento AVA UniSALESIANO\" width=\"500\" height=\"281\" src=\"https:\/\/www.youtube.com\/embed\/hDqSge5LPpM?feature=oembed\" frameborder=\"0\" allow=\"accelerometer; autoplay; clipboard-write; encrypted-media; gyroscope; picture-in-picture; web-share\" referrerpolicy=\"strict-origin-when-cross-origin\" allowfullscreen><\/iframe><\/p>\n<p><iframe loading=\"lazy\" title=\"Aula 1.2 - Informa\u00e7\u00f5es Pessoais - Capacita\u00e7\u00e3o e Treinamento AVA UniSALESIANO\" width=\"500\" height=\"281\" src=\"https:\/\/www.youtube.com\/embed\/Ikru4P-Yx6E?feature=oembed\" frameborder=\"0\" allow=\"accelerometer; autoplay; clipboard-write; encrypted-media; gyroscope; picture-in-picture; web-share\" referrerpolicy=\"strict-origin-when-cross-origin\" allowfullscreen><\/iframe><\/p>\n<p><iframe loading=\"lazy\" title=\"Aula 1.3 - Estrutura da Disciplina - Capacita\u00e7\u00e3o e Treinamento AVA UniSALESIANO\" width=\"500\" height=\"281\" src=\"https:\/\/www.youtube.com\/embed\/DQa5i2LeiOM?feature=oembed\" frameborder=\"0\" allow=\"accelerometer; autoplay; clipboard-write; encrypted-media; gyroscope; picture-in-picture; web-share\" referrerpolicy=\"strict-origin-when-cross-origin\" allowfullscreen><\/iframe><\/p>\n<p><iframe loading=\"lazy\" title=\"Aula 2.1 - Recursos - Arquivos - Capacita\u00e7\u00e3o e Treinamento AVA UniSALESIANO\" width=\"500\" height=\"281\" src=\"https:\/\/www.youtube.com\/embed\/gLJvzkPSfEY?feature=oembed\" frameborder=\"0\" allow=\"accelerometer; autoplay; clipboard-write; encrypted-media; gyroscope; picture-in-picture; web-share\" referrerpolicy=\"strict-origin-when-cross-origin\" allowfullscreen><\/iframe><\/p>\n<p><iframe loading=\"lazy\" title=\"Aula 2.2 - Recursos - Pasta - Capacita\u00e7\u00e3o e Treinamento AVA UniSALESIANO\" width=\"500\" height=\"281\" src=\"https:\/\/www.youtube.com\/embed\/WTh4ME7Pntw?feature=oembed\" frameborder=\"0\" allow=\"accelerometer; autoplay; clipboard-write; encrypted-media; gyroscope; picture-in-picture; web-share\" referrerpolicy=\"strict-origin-when-cross-origin\" allowfullscreen><\/iframe><\/p>\n<p><iframe loading=\"lazy\" title=\"Aula 2.3 - Recursos - Links da Web - Capacita\u00e7\u00e3o e Treinamento AVA UniSALESIANO\" width=\"500\" height=\"281\" src=\"https:\/\/www.youtube.com\/embed\/lV_JYdsXVxI?feature=oembed\" frameborder=\"0\" allow=\"accelerometer; autoplay; clipboard-write; encrypted-media; gyroscope; picture-in-picture; web-share\" referrerpolicy=\"strict-origin-when-cross-origin\" allowfullscreen><\/iframe><\/p>\n<p><iframe loading=\"lazy\" title=\"Aula 2.4 - Recursos - R\u00f3tulos - Capacita\u00e7\u00e3o e Treinamento AVA UniSALESIANO\" width=\"500\" height=\"281\" src=\"https:\/\/www.youtube.com\/embed\/Hi12yL8rBsE?feature=oembed\" frameborder=\"0\" allow=\"accelerometer; autoplay; clipboard-write; encrypted-media; gyroscope; picture-in-picture; web-share\" referrerpolicy=\"strict-origin-when-cross-origin\" allowfullscreen><\/iframe><\/p>\n<p><iframe loading=\"lazy\" title=\"Aula 2.5 - Recursos - Videoaulas - Capacita\u00e7\u00e3o e Treinamento AVA UniSALESIANO\" width=\"500\" height=\"281\" src=\"https:\/\/www.youtube.com\/embed\/juuFvoYJW_w?feature=oembed\" frameborder=\"0\" allow=\"accelerometer; autoplay; clipboard-write; encrypted-media; gyroscope; picture-in-picture; web-share\" referrerpolicy=\"strict-origin-when-cross-origin\" allowfullscreen><\/iframe><\/p>\n<p><iframe loading=\"lazy\" title=\"Aula 2.6 - Grava\u00e7\u00e3o de Tela usando OBS Project - Capacita\u00e7\u00e3o e Treinamento AVA UniSALESIANO\" width=\"500\" height=\"281\" src=\"https:\/\/www.youtube.com\/embed\/GHuQDP5aaYc?feature=oembed\" frameborder=\"0\" allow=\"accelerometer; autoplay; clipboard-write; encrypted-media; gyroscope; picture-in-picture; web-share\" referrerpolicy=\"strict-origin-when-cross-origin\" allowfullscreen><\/iframe><\/p>\n<p><iframe loading=\"lazy\" title=\"Aula 2.7 - Gravando Aula com Webcam no OBS Project - Capacita\u00e7\u00e3o e Treinamento AVA UniSALESIANO\" width=\"500\" height=\"281\" src=\"https:\/\/www.youtube.com\/embed\/Ro7huRdHOss?feature=oembed\" frameborder=\"0\" allow=\"accelerometer; autoplay; clipboard-write; encrypted-media; gyroscope; picture-in-picture; web-share\" referrerpolicy=\"strict-origin-when-cross-origin\" allowfullscreen><\/iframe><\/p>\n<p><iframe loading=\"lazy\" title=\"Aula 2.8 - Criar canal no Youtube com email institucional - Capacita\u00e7\u00e3o Treinamento AVA UniSALESIANO\" width=\"500\" height=\"281\" src=\"https:\/\/www.youtube.com\/embed\/m9PbarHUJyI?feature=oembed\" frameborder=\"0\" allow=\"accelerometer; autoplay; clipboard-write; encrypted-media; gyroscope; picture-in-picture; web-share\" referrerpolicy=\"strict-origin-when-cross-origin\" allowfullscreen><\/iframe><\/p>\n<p><iframe loading=\"lazy\" title=\"Aula 2.9 - Gravar aula no Meet e compartilhar link - Capacita\u00e7\u00e3o e Treinamento AVA UniSALESIANO\" width=\"500\" height=\"281\" src=\"https:\/\/www.youtube.com\/embed\/kyT3mo5LxFw?feature=oembed\" frameborder=\"0\" allow=\"accelerometer; autoplay; clipboard-write; encrypted-media; gyroscope; picture-in-picture; web-share\" referrerpolicy=\"strict-origin-when-cross-origin\" allowfullscreen><\/iframe><\/p>\n<p><iframe loading=\"lazy\" title=\"Aula 2.10 - Gerando link do Meet antecipadamente - Capacita\u00e7\u00e3o e Treinamento AVA UniSALESIANO\" width=\"500\" height=\"281\" src=\"https:\/\/www.youtube.com\/embed\/xwPXViTUCfU?feature=oembed\" frameborder=\"0\" allow=\"accelerometer; autoplay; clipboard-write; encrypted-media; gyroscope; picture-in-picture; web-share\" referrerpolicy=\"strict-origin-when-cross-origin\" allowfullscreen><\/iframe><\/p>\n<p><iframe loading=\"lazy\" title=\"Aula 3.1 - Atividades de Aprendizagem - Tarefas - Capacita\u00e7\u00e3o e Treinamento AVA UniSALESIANO\" width=\"500\" height=\"281\" src=\"https:\/\/www.youtube.com\/embed\/3KHc78rvw5w?feature=oembed\" frameborder=\"0\" allow=\"accelerometer; autoplay; clipboard-write; encrypted-media; gyroscope; picture-in-picture; web-share\" referrerpolicy=\"strict-origin-when-cross-origin\" allowfullscreen><\/iframe><\/p>\n<p><iframe loading=\"lazy\" title=\"Aula 3.2 - Atividades de Aprendizagem - Question\u00e1rios - Capacita\u00e7\u00e3o e Treinamento AVA UniSALESIANO\" width=\"500\" height=\"281\" src=\"https:\/\/www.youtube.com\/embed\/bHKsFYs4phE?feature=oembed\" frameborder=\"0\" allow=\"accelerometer; autoplay; clipboard-write; encrypted-media; gyroscope; picture-in-picture; web-share\" referrerpolicy=\"strict-origin-when-cross-origin\" allowfullscreen><\/iframe><\/p>\n<p><iframe loading=\"lazy\" title=\"Aula 3.3 - Atividades de Aprendizagem - Li\u00e7\u00e3o - Capacita\u00e7\u00e3o e Treinamento AVA UniSALESIANO\" width=\"500\" height=\"281\" src=\"https:\/\/www.youtube.com\/embed\/XnciDiXKEnE?feature=oembed\" frameborder=\"0\" allow=\"accelerometer; autoplay; clipboard-write; encrypted-media; gyroscope; picture-in-picture; web-share\" referrerpolicy=\"strict-origin-when-cross-origin\" allowfullscreen><\/iframe><\/p>\n<p><iframe loading=\"lazy\" title=\"Aula 3.4 - Atividades de Aprendizagem - F\u00f3rum - Capacita\u00e7\u00e3o e Treinamento AVA UniSALESIANO\" width=\"500\" height=\"281\" src=\"https:\/\/www.youtube.com\/embed\/g0OTjOPWSZM?feature=oembed\" frameborder=\"0\" allow=\"accelerometer; autoplay; clipboard-write; encrypted-media; gyroscope; picture-in-picture; web-share\" referrerpolicy=\"strict-origin-when-cross-origin\" allowfullscreen><\/iframe><\/p>\n<p><iframe loading=\"lazy\" title=\"Aula 4.1 - Comunica\u00e7\u00e3o - Chat - Capacita\u00e7\u00e3o e Treinamento AVA UniSALESIANO\" width=\"500\" height=\"281\" src=\"https:\/\/www.youtube.com\/embed\/_vXJWhzhsFA?feature=oembed\" frameborder=\"0\" allow=\"accelerometer; autoplay; clipboard-write; encrypted-media; gyroscope; picture-in-picture; web-share\" referrerpolicy=\"strict-origin-when-cross-origin\" allowfullscreen><\/iframe><\/p>\n<p><iframe loading=\"lazy\" title=\"Aula 4.2 - Mensagens - Link - Capacita\u00e7\u00e3o e Treinamento AVA UniSALESIANO\" width=\"500\" height=\"281\" src=\"https:\/\/www.youtube.com\/embed\/BSo0FHF0EOA?feature=oembed\" frameborder=\"0\" allow=\"accelerometer; autoplay; clipboard-write; encrypted-media; gyroscope; picture-in-picture; web-share\" referrerpolicy=\"strict-origin-when-cross-origin\" allowfullscreen><\/iframe><\/p>\n<p><iframe loading=\"lazy\" title=\"Aula 5.1 - Gerenciamento de Conte\u00fado - Banco de Quest\u00f5es - Capacita\u00e7\u00e3o Treinamento AVA UniSALESIANO\" width=\"500\" height=\"281\" src=\"https:\/\/www.youtube.com\/embed\/Yb2n99JbNR4?feature=oembed\" frameborder=\"0\" allow=\"accelerometer; autoplay; clipboard-write; encrypted-media; gyroscope; picture-in-picture; web-share\" referrerpolicy=\"strict-origin-when-cross-origin\" allowfullscreen><\/iframe><\/p>\n<p><iframe loading=\"lazy\" title=\"Acesso \u00e0 plataforma AVA - Acad\u00eamicos - UniSALESIANO\" width=\"500\" height=\"281\" src=\"https:\/\/www.youtube.com\/embed\/wD5fPkXXBpw?feature=oembed\" frameborder=\"0\" allow=\"accelerometer; autoplay; clipboard-write; encrypted-media; gyroscope; picture-in-picture; web-share\" referrerpolicy=\"strict-origin-when-cross-origin\" allowfullscreen><\/iframe><\/p>\n<p><iframe loading=\"lazy\" title=\"Acesso \u00e0 plataforma AVA - Professores - UniSALESIANO\" width=\"500\" height=\"281\" src=\"https:\/\/www.youtube.com\/embed\/aeSQDKxnGNU?feature=oembed\" frameborder=\"0\" allow=\"accelerometer; autoplay; clipboard-write; encrypted-media; gyroscope; picture-in-picture; web-share\" referrerpolicy=\"strict-origin-when-cross-origin\" allowfullscreen><\/iframe><\/p>\n<p><iframe loading=\"lazy\" title=\"Como localizar os hor\u00e1rios das aulas e acessar sua disciplina no AVA - Acad\u00eamicos - UniSALESIANO\" width=\"500\" height=\"281\" src=\"https:\/\/www.youtube.com\/embed\/sJASzw3RygA?feature=oembed\" frameborder=\"0\" allow=\"accelerometer; autoplay; clipboard-write; encrypted-media; gyroscope; picture-in-picture; web-share\" referrerpolicy=\"strict-origin-when-cross-origin\" allowfullscreen><\/iframe><\/p>\n<p><iframe loading=\"lazy\" title=\"Aula - Como recadastrar a senha do Ambiente do Professor - Treinamento AVA UniSALESIANO\" width=\"500\" height=\"281\" src=\"https:\/\/www.youtube.com\/embed\/f2KCVq6-dLU?feature=oembed\" frameborder=\"0\" allow=\"accelerometer; autoplay; clipboard-write; encrypted-media; gyroscope; picture-in-picture; web-share\" referrerpolicy=\"strict-origin-when-cross-origin\" allowfullscreen><\/iframe><\/p>\n<p>&nbsp;<\/p>\n<p>&nbsp;<\/p>\n","protected":false},"excerpt":{"rendered":"<p>&nbsp; &nbsp;<\/p>\n","protected":false},"author":4,"featured_media":0,"parent":0,"menu_order":0,"comment_status":"closed","ping_status":"closed","template":"","meta":{"footnotes":""},"class_list":["post-30946","page","type-page","status-publish","hentry"],"yoast_head":"<!-- This site is optimized with the Yoast SEO plugin v17.4 - https:\/\/yoast.com\/wordpress\/plugins\/seo\/ -->\n<title>Tutoriais do AVA - Ambiente Virtual de Aprendizagem - UniSALESIANO Ara\u00e7atuba\/SP<\/title>\n<meta name=\"robots\" content=\"index, follow, max-snippet:-1, max-image-preview:large, max-video-preview:-1\" \/>\n<link rel=\"canonical\" href=\"https:\/\/unisalesiano.com.br\/aracatuba\/tutoriais-ava\/\" \/>\n<meta property=\"og:locale\" content=\"pt_BR\" \/>\n<meta property=\"og:type\" content=\"article\" \/>\n<meta property=\"og:title\" content=\"Tutoriais do AVA - Ambiente Virtual de Aprendizagem - UniSALESIANO Ara\u00e7atuba\/SP\" \/>\n<meta property=\"og:description\" content=\"&nbsp; &nbsp;\" \/>\n<meta property=\"og:url\" content=\"https:\/\/unisalesiano.com.br\/aracatuba\/tutoriais-ava\/\" \/>\n<meta property=\"og:site_name\" content=\"UniSALESIANO Ara\u00e7atuba\/SP\" \/>\n<meta property=\"article:modified_time\" content=\"2024-02-01T20:37:53+00:00\" \/>\n<meta name=\"twitter:card\" content=\"summary_large_image\" \/>\n<meta name=\"twitter:label1\" content=\"Est. tempo de leitura\" \/>\n\t<meta name=\"twitter:data1\" content=\"1 minuto\" \/>\n<script type=\"application\/ld+json\" class=\"yoast-schema-graph\">{\"@context\":\"https:\/\/schema.org\",\"@graph\":[{\"@type\":\"WebSite\",\"@id\":\"https:\/\/unisalesiano.com.br\/aracatuba\/#website\",\"url\":\"https:\/\/unisalesiano.com.br\/aracatuba\/\",\"name\":\"UniSALESIANO Ara\\u00e7atuba\/SP\",\"description\":\"Centro Universit\\u00e1rio Cat\\u00f3lico Salesiano Auxilium\",\"potentialAction\":[{\"@type\":\"SearchAction\",\"target\":{\"@type\":\"EntryPoint\",\"urlTemplate\":\"https:\/\/unisalesiano.com.br\/aracatuba\/?s={search_term_string}\"},\"query-input\":\"required name=search_term_string\"}],\"inLanguage\":\"pt-BR\"},{\"@type\":\"WebPage\",\"@id\":\"https:\/\/unisalesiano.com.br\/aracatuba\/tutoriais-ava\/#webpage\",\"url\":\"https:\/\/unisalesiano.com.br\/aracatuba\/tutoriais-ava\/\",\"name\":\"Tutoriais do AVA - Ambiente Virtual de Aprendizagem - UniSALESIANO Ara\\u00e7atuba\/SP\",\"isPartOf\":{\"@id\":\"https:\/\/unisalesiano.com.br\/aracatuba\/#website\"},\"datePublished\":\"2020-02-17T13:32:45+00:00\",\"dateModified\":\"2024-02-01T20:37:53+00:00\",\"breadcrumb\":{\"@id\":\"https:\/\/unisalesiano.com.br\/aracatuba\/tutoriais-ava\/#breadcrumb\"},\"inLanguage\":\"pt-BR\",\"potentialAction\":[{\"@type\":\"ReadAction\",\"target\":[\"https:\/\/unisalesiano.com.br\/aracatuba\/tutoriais-ava\/\"]}]},{\"@type\":\"BreadcrumbList\",\"@id\":\"https:\/\/unisalesiano.com.br\/aracatuba\/tutoriais-ava\/#breadcrumb\",\"itemListElement\":[{\"@type\":\"ListItem\",\"position\":1,\"name\":\"In\\u00edcio\",\"item\":\"https:\/\/unisalesiano.com.br\/aracatuba\/\"},{\"@type\":\"ListItem\",\"position\":2,\"name\":\"Tutoriais do AVA &#8211; Ambiente Virtual de Aprendizagem\"}]}]}<\/script>\n<!-- \/ Yoast SEO plugin. -->","yoast_head_json":{"title":"Tutoriais do AVA - Ambiente Virtual de Aprendizagem - UniSALESIANO Ara\u00e7atuba\/SP","robots":{"index":"index","follow":"follow","max-snippet":"max-snippet:-1","max-image-preview":"max-image-preview:large","max-video-preview":"max-video-preview:-1"},"canonical":"https:\/\/unisalesiano.com.br\/aracatuba\/tutoriais-ava\/","og_locale":"pt_BR","og_type":"article","og_title":"Tutoriais do AVA - Ambiente Virtual de Aprendizagem - UniSALESIANO Ara\u00e7atuba\/SP","og_description":"&nbsp; &nbsp;","og_url":"https:\/\/unisalesiano.com.br\/aracatuba\/tutoriais-ava\/","og_site_name":"UniSALESIANO Ara\u00e7atuba\/SP","article_modified_time":"2024-02-01T20:37:53+00:00","twitter_card":"summary_large_image","twitter_misc":{"Est. tempo de leitura":"1 minuto"},"schema":{"@context":"https:\/\/schema.org","@graph":[{"@type":"WebSite","@id":"https:\/\/unisalesiano.com.br\/aracatuba\/#website","url":"https:\/\/unisalesiano.com.br\/aracatuba\/","name":"UniSALESIANO Ara\u00e7atuba\/SP","description":"Centro Universit\u00e1rio Cat\u00f3lico Salesiano Auxilium","potentialAction":[{"@type":"SearchAction","target":{"@type":"EntryPoint","urlTemplate":"https:\/\/unisalesiano.com.br\/aracatuba\/?s={search_term_string}"},"query-input":"required name=search_term_string"}],"inLanguage":"pt-BR"},{"@type":"WebPage","@id":"https:\/\/unisalesiano.com.br\/aracatuba\/tutoriais-ava\/#webpage","url":"https:\/\/unisalesiano.com.br\/aracatuba\/tutoriais-ava\/","name":"Tutoriais do AVA - Ambiente Virtual de Aprendizagem - UniSALESIANO Ara\u00e7atuba\/SP","isPartOf":{"@id":"https:\/\/unisalesiano.com.br\/aracatuba\/#website"},"datePublished":"2020-02-17T13:32:45+00:00","dateModified":"2024-02-01T20:37:53+00:00","breadcrumb":{"@id":"https:\/\/unisalesiano.com.br\/aracatuba\/tutoriais-ava\/#breadcrumb"},"inLanguage":"pt-BR","potentialAction":[{"@type":"ReadAction","target":["https:\/\/unisalesiano.com.br\/aracatuba\/tutoriais-ava\/"]}]},{"@type":"BreadcrumbList","@id":"https:\/\/unisalesiano.com.br\/aracatuba\/tutoriais-ava\/#breadcrumb","itemListElement":[{"@type":"ListItem","position":1,"name":"In\u00edcio","item":"https:\/\/unisalesiano.com.br\/aracatuba\/"},{"@type":"ListItem","position":2,"name":"Tutoriais do AVA &#8211; Ambiente Virtual de Aprendizagem"}]}]}},"_links":{"self":[{"href":"https:\/\/unisalesiano.com.br\/aracatuba\/wp-json\/wp\/v2\/pages\/30946","targetHints":{"allow":["GET"]}}],"collection":[{"href":"https:\/\/unisalesiano.com.br\/aracatuba\/wp-json\/wp\/v2\/pages"}],"about":[{"href":"https:\/\/unisalesiano.com.br\/aracatuba\/wp-json\/wp\/v2\/types\/page"}],"author":[{"embeddable":true,"href":"https:\/\/unisalesiano.com.br\/aracatuba\/wp-json\/wp\/v2\/users\/4"}],"replies":[{"embeddable":true,"href":"https:\/\/unisalesiano.com.br\/aracatuba\/wp-json\/wp\/v2\/comments?post=30946"}],"version-history":[{"count":0,"href":"https:\/\/unisalesiano.com.br\/aracatuba\/wp-json\/wp\/v2\/pages\/30946\/revisions"}],"wp:attachment":[{"href":"https:\/\/unisalesiano.com.br\/aracatuba\/wp-json\/wp\/v2\/media?parent=30946"}],"curies":[{"name":"wp","href":"https:\/\/api.w.org\/{rel}","templated":true}]}}