{"id":308,"date":"2018-05-14T15:05:47","date_gmt":"2018-05-14T18:05:47","guid":{"rendered":"https:\/\/unisalesiano.com.br\/?page_id=308"},"modified":"2024-08-28T17:25:09","modified_gmt":"2024-08-28T20:25:09","slug":"ceua","status":"publish","type":"page","link":"https:\/\/unisalesiano.com.br\/aracatuba\/ceua\/","title":{"rendered":"CEUA"},"content":{"rendered":"<p>A Comiss\u00e3o de \u00c9tica no Uso de Animais CEUA-UniSALESIANO foi criada no dia 16 de fevereiro de 2009, a partir de Ato de Cria\u00e7\u00e3o (Res. No. 001\/2009) expedido pelo Reitor Padre Luigi Favero.<\/p>\n<p>Os membros que comp\u00f5em a Comiss\u00e3o de \u00c9tica no Uso de Animais s\u00e3o:<\/p>\n<p>\u2013 Profa. Gisele Fabricia Martins dos Reis;<\/p>\n<p>\u2013 Prof. Fernando Vissani;<\/p>\n<p>\u2013 Profa. B\u00e1rbara Claudina Rodrigues da Silveira;<\/p>\n<p>\u2013 Profa. Jamila Cristina Baptistella;<\/p>\n<p>\u2013 Profa. Tatiane da Silva Pol\u00f3;<\/p>\n<p>\u2013 Profa. Isabela Walder Galiano;<\/p>\n<p>\u2013 Prof. Rafael Silva Cipriano;<\/p>\n<p>\u2013 Profa. Natalia F\u00e9lix Negreiros.<\/p>\n<p>\u2013 Profa. Sheila Cardoso Ribeiro;<\/p>\n<p>A Comiss\u00e3o de \u00c9tica no Uso de Animais CEUA-UniSALESIANO analisa os trabalhos de pesquisa e\/ou aulas que envolvem uso de animais na Institui\u00e7\u00e3o de Ensino Superior. No UniSALESIANO Ara\u00e7atuba, todos os trabalhos que envolvam uso de animais dever\u00e3o ser submetidos a an\u00e1lise e aprova\u00e7\u00e3o pr\u00e9via para que sua realiza\u00e7\u00e3o na Institui\u00e7\u00e3o seja autorizada.<\/p>\n<p>Para isso, o interessado dever\u00e1 preencher os seguintes documentos de forma digital no formato de word, perdendo sua legitimidade caso sejam alterados:<\/p>\n<p>01 \u2013 FORMUL\u00c1RIO UNIFICADO PARA SOLICITA\u00c7\u00c3O DE AUTORIZA\u00c7\u00c3O PARA USO DE ANIMAIS EM ENSINO OU PESQUISA CIENT\u00cdFICA<\/p>\n<p>02 \u2013 FOLHA DE ROSTO<\/p>\n<p>O documento FOLHA DE ROSTO n\u00e3o permite a adi\u00e7\u00e3o de assinatura digital, dessa forma, dever\u00e1 ser preenchido, impresso, coletado as assinaturas necess\u00e1rias e digitalizado.<\/p>\n<p><strong>Orienta\u00e7\u00e3o para envio de projeto para an\u00e1lise no CEUA<\/strong><\/p>\n<p>Dever\u00e1 ser enviado de forma on-line pelo preenchimento e adi\u00e7\u00e3o dos documentos no formul\u00e1rio CEUA , dispon\u00edvel no link informado no site<\/p>\n<p>Para primeira submiss\u00e3o, ou corre\u00e7\u00e3o de pend\u00eancias, dever\u00e1 ser adicionado os documentos:<\/p>\n<p>\u2013 Formul\u00e1rio unificado preenchido com assinaturas digitais (obrigat\u00f3rio)<\/p>\n<p>\u2013 Folha de rosto digitalizado (obrigat\u00f3rio)<\/p>\n<p>\u2013 TCLE (Se houver)<\/p>\n<p>&#8211; OUTROS DOCUMENTOS (Se houver)<\/p>\n<p>Os documentos ser\u00e3o encaminhados para an\u00e1lise nas datas de reuni\u00f5es ordin\u00e1rias.<\/p>\n<p>Os projetos protocolados at\u00e9 5 dias antes da data da reuni\u00e3o ser\u00e3o avaliados na mesma, caso contr\u00e1rio somente na reuni\u00e3o seguinte.<\/p>\n<p>Ap\u00f3s an\u00e1lise, o parecer ser\u00e1 enviado por e-mail como resposta do e-mail original. Verifique a caixa de spam.<\/p>\n<p>Ao t\u00e9rmino da execu\u00e7\u00e3o do projeto aprovado, o docente respons\u00e1vel ou o graduando, dever\u00e1 enviar o relat\u00f3rio final no e-mail do comit\u00ea, seguindo modelo dispon\u00edvel, em at\u00e9 no m\u00e1ximo 30 dias.<\/p>\n<p>Caso o relat\u00f3rio n\u00e3o seja enviado, o docente e o graduando respons\u00e1veis ficar\u00e3o impossibilitados de protocolar outros projetos no comit\u00ea em quest\u00e3o at\u00e9 regulariza\u00e7\u00e3o das pend\u00eancias.<\/p>\n<p>As solicita\u00e7\u00f5es e esclarecimentos dever\u00e3o ser enviados por e-mail.<\/p>\n<p>E-mail institucional: ceua@unisalesiano.com.br<\/p>\n<p><a href=\"https:\/\/docs.google.com\/forms\/d\/e\/1FAIpQLSfa2FrIpTuHOgBV-e4x-cY8ckjFnSMhVf8d30UWdHzVl-d3Fw\/viewform?usp=sf_link\"><img loading=\"lazy\" decoding=\"async\" class=\"alignnone size-full wp-image-39492\" src=\"https:\/\/unisalesiano.com.br\/aracatuba\/wp-content\/uploads\/2023\/09\/botao-de-clique-aqui-300x132-1.png\" alt=\"\" width=\"300\" height=\"132\" \/><\/a><\/p>\n","protected":false},"excerpt":{"rendered":"<p>A Comiss\u00e3o de \u00c9tica no Uso de Animais CEUA-UniSALESIANO foi criada no dia 16 de fevereiro de 2009, a partir de Ato de Cria\u00e7\u00e3o (Res. No. 001\/2009) expedido pelo Reitor Padre Luigi Favero. Os membros que comp\u00f5em a Comiss\u00e3o de \u00c9tica no Uso de Animais s\u00e3o: \u2013 Profa. Gisele Fabricia Martins dos Reis; \u2013 Prof. [&hellip;]<\/p>\n","protected":false},"author":1,"featured_media":0,"parent":0,"menu_order":0,"comment_status":"closed","ping_status":"closed","template":"","meta":{"footnotes":""},"class_list":["post-308","page","type-page","status-publish","hentry"],"yoast_head":"<!-- This site is optimized with the Yoast SEO plugin v17.4 - https:\/\/yoast.com\/wordpress\/plugins\/seo\/ -->\n<title>CEUA - UniSALESIANO Ara\u00e7atuba\/SP<\/title>\n<meta name=\"robots\" content=\"index, follow, max-snippet:-1, max-image-preview:large, max-video-preview:-1\" \/>\n<link rel=\"canonical\" href=\"https:\/\/unisalesiano.com.br\/aracatuba\/ceua\/\" \/>\n<meta property=\"og:locale\" content=\"pt_BR\" \/>\n<meta property=\"og:type\" content=\"article\" \/>\n<meta property=\"og:title\" content=\"CEUA - UniSALESIANO Ara\u00e7atuba\/SP\" \/>\n<meta property=\"og:description\" content=\"A Comiss\u00e3o de \u00c9tica no Uso de Animais CEUA-UniSALESIANO foi criada no dia 16 de fevereiro de 2009, a partir de Ato de Cria\u00e7\u00e3o (Res. No. 001\/2009) expedido pelo Reitor Padre Luigi Favero. Os membros que comp\u00f5em a Comiss\u00e3o de \u00c9tica no Uso de Animais s\u00e3o: \u2013 Profa. Gisele Fabricia Martins dos Reis; \u2013 Prof. [&hellip;]\" \/>\n<meta property=\"og:url\" content=\"https:\/\/unisalesiano.com.br\/aracatuba\/ceua\/\" \/>\n<meta property=\"og:site_name\" content=\"UniSALESIANO Ara\u00e7atuba\/SP\" \/>\n<meta property=\"article:modified_time\" content=\"2024-08-28T20:25:09+00:00\" \/>\n<meta property=\"og:image\" content=\"https:\/\/unisalesiano.com.br\/aracatuba\/wp-content\/uploads\/2023\/09\/botao-de-clique-aqui-300x132-1.png\" \/>\n<meta name=\"twitter:card\" content=\"summary_large_image\" \/>\n<meta name=\"twitter:label1\" content=\"Est. tempo de leitura\" \/>\n\t<meta name=\"twitter:data1\" content=\"2 minutos\" \/>\n<script type=\"application\/ld+json\" class=\"yoast-schema-graph\">{\"@context\":\"https:\/\/schema.org\",\"@graph\":[{\"@type\":\"WebSite\",\"@id\":\"https:\/\/unisalesiano.com.br\/aracatuba\/#website\",\"url\":\"https:\/\/unisalesiano.com.br\/aracatuba\/\",\"name\":\"UniSALESIANO Ara\\u00e7atuba\/SP\",\"description\":\"Centro Universit\\u00e1rio Cat\\u00f3lico Salesiano Auxilium\",\"potentialAction\":[{\"@type\":\"SearchAction\",\"target\":{\"@type\":\"EntryPoint\",\"urlTemplate\":\"https:\/\/unisalesiano.com.br\/aracatuba\/?s={search_term_string}\"},\"query-input\":\"required name=search_term_string\"}],\"inLanguage\":\"pt-BR\"},{\"@type\":\"ImageObject\",\"@id\":\"https:\/\/unisalesiano.com.br\/aracatuba\/ceua\/#primaryimage\",\"inLanguage\":\"pt-BR\",\"url\":\"https:\/\/unisalesiano.com.br\/aracatuba\/wp-content\/uploads\/2023\/09\/botao-de-clique-aqui-300x132-1.png\",\"contentUrl\":\"https:\/\/unisalesiano.com.br\/aracatuba\/wp-content\/uploads\/2023\/09\/botao-de-clique-aqui-300x132-1.png\",\"width\":300,\"height\":132},{\"@type\":\"WebPage\",\"@id\":\"https:\/\/unisalesiano.com.br\/aracatuba\/ceua\/#webpage\",\"url\":\"https:\/\/unisalesiano.com.br\/aracatuba\/ceua\/\",\"name\":\"CEUA - UniSALESIANO Ara\\u00e7atuba\/SP\",\"isPartOf\":{\"@id\":\"https:\/\/unisalesiano.com.br\/aracatuba\/#website\"},\"primaryImageOfPage\":{\"@id\":\"https:\/\/unisalesiano.com.br\/aracatuba\/ceua\/#primaryimage\"},\"datePublished\":\"2018-05-14T18:05:47+00:00\",\"dateModified\":\"2024-08-28T20:25:09+00:00\",\"breadcrumb\":{\"@id\":\"https:\/\/unisalesiano.com.br\/aracatuba\/ceua\/#breadcrumb\"},\"inLanguage\":\"pt-BR\",\"potentialAction\":[{\"@type\":\"ReadAction\",\"target\":[\"https:\/\/unisalesiano.com.br\/aracatuba\/ceua\/\"]}]},{\"@type\":\"BreadcrumbList\",\"@id\":\"https:\/\/unisalesiano.com.br\/aracatuba\/ceua\/#breadcrumb\",\"itemListElement\":[{\"@type\":\"ListItem\",\"position\":1,\"name\":\"In\\u00edcio\",\"item\":\"https:\/\/unisalesiano.com.br\/aracatuba\/\"},{\"@type\":\"ListItem\",\"position\":2,\"name\":\"CEUA\"}]}]}<\/script>\n<!-- \/ Yoast SEO plugin. -->","yoast_head_json":{"title":"CEUA - UniSALESIANO Ara\u00e7atuba\/SP","robots":{"index":"index","follow":"follow","max-snippet":"max-snippet:-1","max-image-preview":"max-image-preview:large","max-video-preview":"max-video-preview:-1"},"canonical":"https:\/\/unisalesiano.com.br\/aracatuba\/ceua\/","og_locale":"pt_BR","og_type":"article","og_title":"CEUA - UniSALESIANO Ara\u00e7atuba\/SP","og_description":"A Comiss\u00e3o de \u00c9tica no Uso de Animais CEUA-UniSALESIANO foi criada no dia 16 de fevereiro de 2009, a partir de Ato de Cria\u00e7\u00e3o (Res. No. 001\/2009) expedido pelo Reitor Padre Luigi Favero. Os membros que comp\u00f5em a Comiss\u00e3o de \u00c9tica no Uso de Animais s\u00e3o: \u2013 Profa. Gisele Fabricia Martins dos Reis; \u2013 Prof. [&hellip;]","og_url":"https:\/\/unisalesiano.com.br\/aracatuba\/ceua\/","og_site_name":"UniSALESIANO Ara\u00e7atuba\/SP","article_modified_time":"2024-08-28T20:25:09+00:00","og_image":[{"url":"https:\/\/unisalesiano.com.br\/aracatuba\/wp-content\/uploads\/2023\/09\/botao-de-clique-aqui-300x132-1.png"}],"twitter_card":"summary_large_image","twitter_misc":{"Est. tempo de leitura":"2 minutos"},"schema":{"@context":"https:\/\/schema.org","@graph":[{"@type":"WebSite","@id":"https:\/\/unisalesiano.com.br\/aracatuba\/#website","url":"https:\/\/unisalesiano.com.br\/aracatuba\/","name":"UniSALESIANO Ara\u00e7atuba\/SP","description":"Centro Universit\u00e1rio Cat\u00f3lico Salesiano Auxilium","potentialAction":[{"@type":"SearchAction","target":{"@type":"EntryPoint","urlTemplate":"https:\/\/unisalesiano.com.br\/aracatuba\/?s={search_term_string}"},"query-input":"required name=search_term_string"}],"inLanguage":"pt-BR"},{"@type":"ImageObject","@id":"https:\/\/unisalesiano.com.br\/aracatuba\/ceua\/#primaryimage","inLanguage":"pt-BR","url":"https:\/\/unisalesiano.com.br\/aracatuba\/wp-content\/uploads\/2023\/09\/botao-de-clique-aqui-300x132-1.png","contentUrl":"https:\/\/unisalesiano.com.br\/aracatuba\/wp-content\/uploads\/2023\/09\/botao-de-clique-aqui-300x132-1.png","width":300,"height":132},{"@type":"WebPage","@id":"https:\/\/unisalesiano.com.br\/aracatuba\/ceua\/#webpage","url":"https:\/\/unisalesiano.com.br\/aracatuba\/ceua\/","name":"CEUA - UniSALESIANO Ara\u00e7atuba\/SP","isPartOf":{"@id":"https:\/\/unisalesiano.com.br\/aracatuba\/#website"},"primaryImageOfPage":{"@id":"https:\/\/unisalesiano.com.br\/aracatuba\/ceua\/#primaryimage"},"datePublished":"2018-05-14T18:05:47+00:00","dateModified":"2024-08-28T20:25:09+00:00","breadcrumb":{"@id":"https:\/\/unisalesiano.com.br\/aracatuba\/ceua\/#breadcrumb"},"inLanguage":"pt-BR","potentialAction":[{"@type":"ReadAction","target":["https:\/\/unisalesiano.com.br\/aracatuba\/ceua\/"]}]},{"@type":"BreadcrumbList","@id":"https:\/\/unisalesiano.com.br\/aracatuba\/ceua\/#breadcrumb","itemListElement":[{"@type":"ListItem","position":1,"name":"In\u00edcio","item":"https:\/\/unisalesiano.com.br\/aracatuba\/"},{"@type":"ListItem","position":2,"name":"CEUA"}]}]}},"_links":{"self":[{"href":"https:\/\/unisalesiano.com.br\/aracatuba\/wp-json\/wp\/v2\/pages\/308","targetHints":{"allow":["GET"]}}],"collection":[{"href":"https:\/\/unisalesiano.com.br\/aracatuba\/wp-json\/wp\/v2\/pages"}],"about":[{"href":"https:\/\/unisalesiano.com.br\/aracatuba\/wp-json\/wp\/v2\/types\/page"}],"author":[{"embeddable":true,"href":"https:\/\/unisalesiano.com.br\/aracatuba\/wp-json\/wp\/v2\/users\/1"}],"replies":[{"embeddable":true,"href":"https:\/\/unisalesiano.com.br\/aracatuba\/wp-json\/wp\/v2\/comments?post=308"}],"version-history":[{"count":0,"href":"https:\/\/unisalesiano.com.br\/aracatuba\/wp-json\/wp\/v2\/pages\/308\/revisions"}],"wp:attachment":[{"href":"https:\/\/unisalesiano.com.br\/aracatuba\/wp-json\/wp\/v2\/media?parent=308"}],"curies":[{"name":"wp","href":"https:\/\/api.w.org\/{rel}","templated":true}]}}